{"id":462689,"date":"2025-06-13T05:30:31","date_gmt":"2025-06-13T03:30:31","guid":{"rendered":"https:\/\/lucacastelli.com\/prodotto\/tronconneuse-radiale\/"},"modified":"2025-08-14T12:51:51","modified_gmt":"2025-08-14T10:51:51","slug":"tronconneuse-radiale","status":"publish","type":"product","link":"https:\/\/lucacastelli.com\/fr\/produit\/tronconneuse-radiale\/","title":{"rendered":"Milwaukee Tron\u00e7onneuses radiales"},"content":{"rendered":"<p>Moteur sans balai Milwaukee POWERSTATE\u2122 avec une dur\u00e9e de vie jusqu&#8217;\u00e0 2x plus longue et 25% de puissance en plus.&lt;br&gt;  Le syst\u00e8me intelligent REDLINK PLUS\u2122 offre une protection num\u00e9rique avanc\u00e9e contre les surcharges pour les outils et les batteries, et am\u00e9liore consid\u00e9rablement les performances de l&#8217;outil sous charge&lt;br&gt;  La batterie REDLITHIUM\u2122 offre une construction de bloc-batterie sup\u00e9rieure, des composants \u00e9lectroniques et des performances constantes pour offrir plus d&#8217;autonomie et plus de travail pendant toute la dur\u00e9e de vie de la batterie&lt;br&gt;  Lame de 190 mm pour des coupes extr\u00eamement pr\u00e9cises&lt;br&gt;  Blocage rapide pour un r\u00e9glage facile de l&#8217;angle \u00e0 gauche et \u00e0 droite.&lt;br&gt;  Bases de support en bois coulissantes et lat\u00e9rales \u00e9lev\u00e9es pour la stabilit\u00e9 et la pr\u00e9cision de la coupe.&lt;br&gt;  Jusqu&#8217;\u00e0 299 coupes sur du bois tendre 38 x 89 mm avec une batterie de 5,0 Ah.&lt;br&gt;  Extr\u00eamement l\u00e9ger \u00e0 transporter, seulement 12,7 kg&lt;br&gt;  Poign\u00e9e de transport int\u00e9gr\u00e9e&lt;br&gt;  Plaque d&#8217;acier avec indication d&#8217;angle et angles pr\u00e9d\u00e9finis.&lt;br&gt;  Lumi\u00e8re LED int\u00e9gr\u00e9e pour \u00e9clairer la ligne de coupe&lt;br&gt;  Fonctionne avec toutes les batteries M18<\/p>\n<p>BARCODE : 4058546027919<\/p>\n<p>Donn\u00e9es techniques<br \/>\n215,5 x 39,3<\/p>\n<p>Fourni sans piles, fourni sans chargeur, fourni sans kitbox ou sac, lame, pince, sac \u00e0 poussi\u00e8re.<\/p>\n","protected":false},"excerpt":{"rendered":"<p>Moteur sans balai Milwaukee POWERSTATE\u2122 avec une dur\u00e9e de vie jusqu&#8217;\u00e0 2x plus longue et 25% de puissance en plus.&lt;br&gt;<\/p>\n","protected":false},"featured_media":455692,"template":"","meta":{"_seopress_robots_primary_cat":"","_seopress_titles_title":"","_seopress_titles_desc":"","_seopress_robots_index":""},"product_brand":[3407],"product_cat":[29,514],"product_tag":[3270],"class_list":{"0":"post-462689","1":"product","2":"type-product","3":"status-publish","4":"has-post-thumbnail","6":"product_brand-milwaukee","7":"product_cat-macchinari","8":"product_cat-altri-dispositivi","9":"product_tag-import-milwau","10":"sws-gruppo-macchinari-fr","11":"sws-conto-ricavi-merci-rivendita-macchinari-fr","12":"sws-gruppo-iva-iva81-fr","14":"first","15":"onbackorder","16":"sale","17":"purchasable","18":"product-type-simple"},"_links":{"self":[{"href":"https:\/\/lucacastelli.com\/fr\/wp-json\/wp\/v2\/product\/462689","targetHints":{"allow":["GET"]}}],"collection":[{"href":"https:\/\/lucacastelli.com\/fr\/wp-json\/wp\/v2\/product"}],"about":[{"href":"https:\/\/lucacastelli.com\/fr\/wp-json\/wp\/v2\/types\/product"}],"wp:featuredmedia":[{"embeddable":true,"href":"https:\/\/lucacastelli.com\/fr\/wp-json\/wp\/v2\/media\/455692"}],"wp:attachment":[{"href":"https:\/\/lucacastelli.com\/fr\/wp-json\/wp\/v2\/media?parent=462689"}],"wp:term":[{"taxonomy":"product_brand","embeddable":true,"href":"https:\/\/lucacastelli.com\/fr\/wp-json\/wp\/v2\/product_brand?post=462689"},{"taxonomy":"product_cat","embeddable":true,"href":"https:\/\/lucacastelli.com\/fr\/wp-json\/wp\/v2\/product_cat?post=462689"},{"taxonomy":"product_tag","embeddable":true,"href":"https:\/\/lucacastelli.com\/fr\/wp-json\/wp\/v2\/product_tag?post=462689"}],"curies":[{"name":"wp","href":"https:\/\/api.w.org\/{rel}","templated":true}]}}