{"id":462684,"date":"2025-06-13T05:36:16","date_gmt":"2025-06-13T03:36:16","guid":{"rendered":"https:\/\/lucacastelli.com\/prodotto\/scie-circulaire\/"},"modified":"2025-06-29T07:42:57","modified_gmt":"2025-06-29T05:42:57","slug":"scie-circulaire","status":"publish","type":"product","link":"https:\/\/lucacastelli.com\/fr\/produit\/scie-circulaire\/","title":{"rendered":"Scie circulaire MILWAUKEE"},"content":{"rendered":"<p>Capable de garantir des coupes de 66 mm de profondeur avec des performances \u00e9gales \u00e0 celles d&#8217;un outil \u00e0 fil, autonomie permettant de r\u00e9aliser jusqu&#8217;\u00e0 750 coupes de 90 mm x 45 mm sur du bois de pin.&lt;Br&gt;  Lame de 190 mm avec une profondeur de coupe de 66 mm, permettant de couper jusqu&#8217;\u00e0 trois panneaux OSB l&#8217;un sur l&#8217;autre&lt;Br&gt;  Base en magn\u00e9sium compatible avec le guide parall\u00e8le Milwaukee\u00ae (vendu s\u00e9par\u00e9ment), pour des coupes rapides et pr\u00e9cises.&lt;Br&gt;  Crochet m\u00e9tallique robuste pour suspendre l\u2019outil&lt;Br&gt;  Fourni avec un adaptateur pour une utilisation avec tous les aspirateurs Milwaukee\u00ae DEK26&lt;Br&gt;  Inclinaison maximale 56\u00b0&lt;Br&gt;  Lumi\u00e8re LED pour \u00e9clairer la zone de travail&lt;Br&gt;  Syst\u00e8me HIGH OUTPUT\u2122, augmente les performances et l\u2019autonomie de la technologie M18 FUEL\u2122&lt;Br&gt;  Fonctionne avec toutes les batteries MILWAUKEE\u00ae M18\u2122<\/p>\n<p>BARCODE : 4058546325596<\/p>\n<p>Donn\u00e9es techniques<br \/>\n5.6 (M18 HB12)<\/p>\n<p>Fourni sans piles, sans chargeur, sans kitbox ou sac, lame, support de guidage, adaptateur d&#8217;aspiration et cl\u00e9 de serrage.<\/p>\n","protected":false},"excerpt":{"rendered":"<p>Capable de garantir des coupes de 66 mm de profondeur avec des performances \u00e9gales \u00e0 celles d&#8217;un outil \u00e0 fil,<\/p>\n","protected":false},"featured_media":455754,"template":"","meta":{"_seopress_robots_primary_cat":"","_seopress_titles_title":"","_seopress_titles_desc":"","_seopress_robots_index":""},"product_brand":[3407],"product_cat":[29,514],"product_tag":[3270],"class_list":{"0":"post-462684","1":"product","2":"type-product","3":"status-publish","4":"has-post-thumbnail","6":"product_brand-milwaukee","7":"product_cat-macchinari","8":"product_cat-altri-dispositivi","9":"product_tag-import-milwau","10":"sws-gruppo-macchinari-fr","11":"sws-conto-ricavi-merci-rivendita-macchinari-fr","12":"sws-gruppo-iva-iva81-fr","14":"first","15":"onbackorder","16":"sale","17":"purchasable","18":"product-type-simple"},"_links":{"self":[{"href":"https:\/\/lucacastelli.com\/fr\/wp-json\/wp\/v2\/product\/462684","targetHints":{"allow":["GET"]}}],"collection":[{"href":"https:\/\/lucacastelli.com\/fr\/wp-json\/wp\/v2\/product"}],"about":[{"href":"https:\/\/lucacastelli.com\/fr\/wp-json\/wp\/v2\/types\/product"}],"wp:featuredmedia":[{"embeddable":true,"href":"https:\/\/lucacastelli.com\/fr\/wp-json\/wp\/v2\/media\/455754"}],"wp:attachment":[{"href":"https:\/\/lucacastelli.com\/fr\/wp-json\/wp\/v2\/media?parent=462684"}],"wp:term":[{"taxonomy":"product_brand","embeddable":true,"href":"https:\/\/lucacastelli.com\/fr\/wp-json\/wp\/v2\/product_brand?post=462684"},{"taxonomy":"product_cat","embeddable":true,"href":"https:\/\/lucacastelli.com\/fr\/wp-json\/wp\/v2\/product_cat?post=462684"},{"taxonomy":"product_tag","embeddable":true,"href":"https:\/\/lucacastelli.com\/fr\/wp-json\/wp\/v2\/product_tag?post=462684"}],"curies":[{"name":"wp","href":"https:\/\/api.w.org\/{rel}","templated":true}]}}