{"id":462677,"date":"2025-06-14T02:39:14","date_gmt":"2025-06-14T00:39:14","guid":{"rendered":"https:\/\/lucacastelli.com\/prodotto\/scie-sauteuse-4\/"},"modified":"2025-06-29T07:40:18","modified_gmt":"2025-06-29T05:40:18","slug":"scie-sauteuse-4","status":"publish","type":"product","link":"https:\/\/lucacastelli.com\/fr\/produit\/scie-sauteuse-4\/","title":{"rendered":"Puzzle MILWAUKEE"},"content":{"rendered":"<p>Le moteur sans balais Milwaukee\u00ae POWERSTATE\u2122 permet des coupes rapides, une dur\u00e9e de vie accrue et une port\u00e9e de coupe allant jusqu \u00ab \u00e0 32 m sur du contreplaqu\u00e9 de 19 mm d \u00bb \u00e9paisseur (avec une batterie de 5,0 Ah).&lt;Br&gt;  L&#8217;\u00e9lectronique intelligente REDLINK PLUS\u2122 offre une protection num\u00e9rique avanc\u00e9e contre les surcharges pour les outils et les batteries, et am\u00e9liore consid\u00e9rablement les performances de l&#8217;outil sous charge.&lt;Br&gt;  La batterie REDLITHIUM\u2122 offre une construction de batterie sup\u00e9rieure, une \u00e9lectronique et des performances constantes pour offrir plus d\u2019autonomie et plus de travail pendant la dur\u00e9e de vie de la batterie&lt;Br&gt;  Syst\u00e8me FIXTEC brevet\u00e9 par Milwaukee\u00ae pour un remplacement facile des lames.&lt;Br&gt;  R\u00e9glage de l&#8217;angle de coupe de 0 \u00e0 45\u00b0.&lt;Br&gt;  5 r\u00e9glages diff\u00e9rents du mouvement du pendule&lt;Br&gt;  Adaptateur (inclus) pour la fixation d&#8217;un aspirateur externe&lt;Br&gt;  Lumi\u00e8re LED pour \u00e9clairer la zone de travail&lt;Br&gt;  Semelle souple et amovible pour \u00e9viter les marques et les rayures lors de la d\u00e9coupe de mat\u00e9riaux souples&lt;Br&gt;  Fonctionne avec toutes les batteries Milwaukee M18\u2122  <\/p>\n<p>BARCODE : 4058546226718<\/p>\n<p>Caract\u00e9ristiques techniques<br \/>\n18<\/p>\n<p>Livr\u00e9 sans piles, livr\u00e9 sans chargeur, valise HeavyDuty<\/p>\n","protected":false},"excerpt":{"rendered":"<p>Le moteur sans balais Milwaukee\u00ae POWERSTATE\u2122 permet des coupes rapides, une dur\u00e9e de vie accrue et une port\u00e9e de coupe<\/p>\n","protected":false},"featured_media":456534,"template":"","meta":{"_seopress_robots_primary_cat":"","_seopress_titles_title":"","_seopress_titles_desc":"","_seopress_robots_index":""},"product_brand":[3658],"product_cat":[167,1453,1534],"product_tag":[3273],"class_list":{"0":"post-462677","1":"product","2":"type-product","3":"status-publish","4":"has-post-thumbnail","6":"product_brand-milwaukee-fr","7":"product_cat-machines","8":"product_cat-autres-appareils","9":"product_cat-scies","10":"product_tag-import-milwau-fr","11":"sws-gruppo-macchinari-fr","12":"sws-conto-ricavi-merci-rivendita-macchinari-fr","13":"sws-gruppo-iva-iva81-fr","15":"first","16":"onbackorder","17":"sale","18":"purchasable","19":"product-type-simple"},"_links":{"self":[{"href":"https:\/\/lucacastelli.com\/fr\/wp-json\/wp\/v2\/product\/462677","targetHints":{"allow":["GET"]}}],"collection":[{"href":"https:\/\/lucacastelli.com\/fr\/wp-json\/wp\/v2\/product"}],"about":[{"href":"https:\/\/lucacastelli.com\/fr\/wp-json\/wp\/v2\/types\/product"}],"wp:featuredmedia":[{"embeddable":true,"href":"https:\/\/lucacastelli.com\/fr\/wp-json\/wp\/v2\/media\/456534"}],"wp:attachment":[{"href":"https:\/\/lucacastelli.com\/fr\/wp-json\/wp\/v2\/media?parent=462677"}],"wp:term":[{"taxonomy":"product_brand","embeddable":true,"href":"https:\/\/lucacastelli.com\/fr\/wp-json\/wp\/v2\/product_brand?post=462677"},{"taxonomy":"product_cat","embeddable":true,"href":"https:\/\/lucacastelli.com\/fr\/wp-json\/wp\/v2\/product_cat?post=462677"},{"taxonomy":"product_tag","embeddable":true,"href":"https:\/\/lucacastelli.com\/fr\/wp-json\/wp\/v2\/product_tag?post=462677"}],"curies":[{"name":"wp","href":"https:\/\/api.w.org\/{rel}","templated":true}]}}