{"id":462675,"date":"2025-06-14T02:33:10","date_gmt":"2025-06-14T00:33:10","guid":{"rendered":"https:\/\/lucacastelli.com\/prodotto\/scie-droite-4\/"},"modified":"2025-06-29T07:40:15","modified_gmt":"2025-06-29T05:40:15","slug":"scie-droite-4","status":"publish","type":"product","link":"https:\/\/lucacastelli.com\/fr\/produit\/scie-droite-4\/","title":{"rendered":"MILWAUKEE Scie Droite"},"content":{"rendered":"<p>Avec une longueur de 375 mm seulement, il est id\u00e9al pour travailler dans les espaces restreints, m\u00eame d&#8217;une seule main.&lt;Br&gt;  REDLINK\u2122 &#8211; technologie de protection contre les surcharges pour l\u2019outil et la batterie pour une durabilit\u00e9 maximale&lt;Br&gt;  Bo\u00eete de vitesses enti\u00e8rement m\u00e9tallique pour des performances et une durabilit\u00e9 maximales&lt;Br&gt;  Fixation de la lame sans chavi gr\u00e2ce au syst\u00e8me brevet\u00e9 FIXTEC&lt;Br&gt;  Longueur de course de 20 mm pour une vitesse de coupe maximale et jusqu&#8217;\u00e0 3000 coups par minute&lt;Br&gt;  Surveillance des cellules individuelles de la batterie pour assurer une consommation homog\u00e8ne de la batterie et une plus grande autonomie et durabilit\u00e9 dans le temps&lt;Br&gt;  Indicateur d\u2019\u00e9tat de charge de la batterie&lt;Br&gt;  LED pour \u00e9clairer la zone de travail&lt;Br&gt;  La batterie REDLITHIUM\u2122 offre une construction de batterie sup\u00e9rieure, une \u00e9lectronique et des performances constantes pour offrir plus d\u2019autonomie et plus de travail pendant la dur\u00e9e de vie de la batterie&lt;Br&gt;  Fonctionne avec toutes les batteries Milwaukee M18\u2122 18V platform<\/p>\n<p>BARCODE : 4002395237982<\/p>\n<p>Caract\u00e9ristiques techniques<br \/>\n0<\/p>\n<p>Livr\u00e9 sans piles, livr\u00e9 sans chargeur, livr\u00e9 sans kitbox ni sac<\/p>\n","protected":false},"excerpt":{"rendered":"<p>Avec une longueur de 375 mm seulement, il est id\u00e9al pour travailler dans les espaces restreints, m\u00eame d&#8217;une seule main.&lt;Br&gt;<\/p>\n","protected":false},"featured_media":456483,"template":"","meta":{"_seopress_robots_primary_cat":"","_seopress_titles_title":"","_seopress_titles_desc":"","_seopress_robots_index":""},"product_brand":[3658],"product_cat":[167,1453,1534],"product_tag":[3273],"class_list":{"0":"post-462675","1":"product","2":"type-product","3":"status-publish","4":"has-post-thumbnail","6":"product_brand-milwaukee-fr","7":"product_cat-machines","8":"product_cat-autres-appareils","9":"product_cat-scies","10":"product_tag-import-milwau-fr","11":"sws-gruppo-macchinari-fr","12":"sws-conto-ricavi-merci-rivendita-macchinari-fr","13":"sws-gruppo-iva-iva81-fr","15":"first","16":"onbackorder","17":"sale","18":"purchasable","19":"product-type-simple"},"_links":{"self":[{"href":"https:\/\/lucacastelli.com\/fr\/wp-json\/wp\/v2\/product\/462675","targetHints":{"allow":["GET"]}}],"collection":[{"href":"https:\/\/lucacastelli.com\/fr\/wp-json\/wp\/v2\/product"}],"about":[{"href":"https:\/\/lucacastelli.com\/fr\/wp-json\/wp\/v2\/types\/product"}],"wp:featuredmedia":[{"embeddable":true,"href":"https:\/\/lucacastelli.com\/fr\/wp-json\/wp\/v2\/media\/456483"}],"wp:attachment":[{"href":"https:\/\/lucacastelli.com\/fr\/wp-json\/wp\/v2\/media?parent=462675"}],"wp:term":[{"taxonomy":"product_brand","embeddable":true,"href":"https:\/\/lucacastelli.com\/fr\/wp-json\/wp\/v2\/product_brand?post=462675"},{"taxonomy":"product_cat","embeddable":true,"href":"https:\/\/lucacastelli.com\/fr\/wp-json\/wp\/v2\/product_cat?post=462675"},{"taxonomy":"product_tag","embeddable":true,"href":"https:\/\/lucacastelli.com\/fr\/wp-json\/wp\/v2\/product_tag?post=462675"}],"curies":[{"name":"wp","href":"https:\/\/api.w.org\/{rel}","templated":true}]}}