{"id":462673,"date":"2025-06-14T02:28:38","date_gmt":"2025-06-14T00:28:38","guid":{"rendered":"https:\/\/lucacastelli.com\/prodotto\/scie-droite-3\/"},"modified":"2025-06-29T07:41:24","modified_gmt":"2025-06-29T05:41:24","slug":"scie-droite-3","status":"publish","type":"product","link":"https:\/\/lucacastelli.com\/fr\/produit\/scie-droite-3\/","title":{"rendered":"MILWAUKEE Scie Droite"},"content":{"rendered":"<p>Moteur POWERSTATE\u2122 sans balais, augmentant la productivit\u00e9, durant plus longtemps et d\u00e9livrant une puissance maximale.&lt;Br&gt;  Le syst\u00e8me intelligent REDLINK PLUS \u2122 offre une protection num\u00e9rique avanc\u00e9e contre les surcharges pour les outils et les batteries, et am\u00e9liore consid\u00e9rablement les performances de l&#8217;outil sous charge&lt;Br&gt;  La batterie REDLITHIUM\u2122 offre une construction de batterie sup\u00e9rieure, une \u00e9lectronique et des performances constantes pour offrir plus d\u2019autonomie et plus de travail pendant la dur\u00e9e de vie de la batterie&lt;Br&gt;  Course de la lame 22 mm et jusqu&#8217;\u00e0 3000 tr\/min&lt;Br&gt;  Sabot pivotant, permettant d&#8217;optimiser l&#8217;ex\u00e9cution de la coupe&lt;Br&gt;  Lumi\u00e8re LED int\u00e9gr\u00e9e pour une meilleure visibilit\u00e9 dans les zones peu \u00e9clair\u00e9es&lt;Br&gt;  Attachement Milwaukee FIXTEC\u2122 brevet\u00e9 pour un changement rapide des lames.&lt;Br&gt;  Fonctionne avec toutes les batteries Milwaukee M18\u2122  <\/p>\n<p>BARCODE : 4058546030599<\/p>\n<p>Caract\u00e9ristiques techniques<br \/>\n0<\/p>\n<p>Livr\u00e9 sans piles, livr\u00e9 sans chargeur, valise HeavyDuty<\/p>\n","protected":false},"excerpt":{"rendered":"<p>Moteur POWERSTATE\u2122 sans balais, augmentant la productivit\u00e9, durant plus longtemps et d\u00e9livrant une puissance maximale.&lt;Br&gt; Le syst\u00e8me intelligent REDLINK PLUS<\/p>\n","protected":false},"featured_media":456441,"template":"","meta":{"_seopress_robots_primary_cat":"","_seopress_titles_title":"","_seopress_titles_desc":"","_seopress_robots_index":""},"product_brand":[3407],"product_cat":[29,514,558],"product_tag":[3270],"class_list":{"0":"post-462673","1":"product","2":"type-product","3":"status-publish","4":"has-post-thumbnail","6":"product_brand-milwaukee","7":"product_cat-macchinari","8":"product_cat-altri-dispositivi","9":"product_cat-seghe-accessori-vari","10":"product_tag-import-milwau","11":"sws-gruppo-macchinari-fr","12":"sws-conto-ricavi-merci-rivendita-macchinari-fr","13":"sws-gruppo-iva-iva81-fr","15":"first","16":"onbackorder","17":"sale","18":"purchasable","19":"product-type-simple"},"_links":{"self":[{"href":"https:\/\/lucacastelli.com\/fr\/wp-json\/wp\/v2\/product\/462673","targetHints":{"allow":["GET"]}}],"collection":[{"href":"https:\/\/lucacastelli.com\/fr\/wp-json\/wp\/v2\/product"}],"about":[{"href":"https:\/\/lucacastelli.com\/fr\/wp-json\/wp\/v2\/types\/product"}],"wp:featuredmedia":[{"embeddable":true,"href":"https:\/\/lucacastelli.com\/fr\/wp-json\/wp\/v2\/media\/456441"}],"wp:attachment":[{"href":"https:\/\/lucacastelli.com\/fr\/wp-json\/wp\/v2\/media?parent=462673"}],"wp:term":[{"taxonomy":"product_brand","embeddable":true,"href":"https:\/\/lucacastelli.com\/fr\/wp-json\/wp\/v2\/product_brand?post=462673"},{"taxonomy":"product_cat","embeddable":true,"href":"https:\/\/lucacastelli.com\/fr\/wp-json\/wp\/v2\/product_cat?post=462673"},{"taxonomy":"product_tag","embeddable":true,"href":"https:\/\/lucacastelli.com\/fr\/wp-json\/wp\/v2\/product_tag?post=462673"}],"curies":[{"name":"wp","href":"https:\/\/api.w.org\/{rel}","templated":true}]}}