{"id":462667,"date":"2025-06-14T02:24:46","date_gmt":"2025-06-14T00:24:46","guid":{"rendered":"https:\/\/lucacastelli.com\/prodotto\/scie-droite\/"},"modified":"2025-06-29T07:41:20","modified_gmt":"2025-06-29T05:41:20","slug":"scie-droite","status":"publish","type":"product","link":"https:\/\/lucacastelli.com\/fr\/produit\/scie-droite\/","title":{"rendered":"MILWAUKEE Scie Droite"},"content":{"rendered":"<p>Le moteur Milwaukee \u00e0 4 p\u00f4les fournit une puissance \u00e9lev\u00e9e et maximise le rapport poids\/puissance.&lt;Br&gt;  L&#8217;\u00e9lectronique REDLINK\u2122 prot\u00e8ge le moteur et la batterie contre les surcharges et am\u00e9liore les performances de l&#8217;outil.&lt;Br&gt;  Changement de lame FIXTEC\u2122 rapide et sans outil gr\u00e2ce au syst\u00e8me MILWAUKEEE\u00ae brevet\u00e9.&lt;Br&gt;  R\u00e9duction des vibrations de 15,2 m\/s\u00b2 lors de la coupe du bois&lt;Br&gt;  Course de la lame de 28,6 mm et 3000 coups\/min pour des coupes pr\u00e9cises&lt;Br&gt;  Indicateur d\u2019\u00e9tat de charge de la batterie&lt;Br&gt;  La batterie REDLITHIUM\u2122 offre une construction de batterie sup\u00e9rieure, une \u00e9lectronique et des performances constantes pour offrir plus d\u2019autonomie et plus de travail pendant la dur\u00e9e de vie de la batterie&lt;Br&gt;  Fonctionne avec toutes les batteries Milwaukee M18\u2122 18V platform<\/p>\n<p>BARCODE : 4002395006120<\/p>\n<p>Caract\u00e9ristiques techniques<br \/>\n20<\/p>\n<p>2 x batterie M18 B4, chargeur M12-18 C, mallette de transport<\/p>\n","protected":false},"excerpt":{"rendered":"<p>Le moteur Milwaukee \u00e0 4 p\u00f4les fournit une puissance \u00e9lev\u00e9e et maximise le rapport poids\/puissance.&lt;Br&gt; L&#8217;\u00e9lectronique REDLINK\u2122 prot\u00e8ge le moteur<\/p>\n","protected":false},"featured_media":456403,"template":"","meta":{"_seopress_robots_primary_cat":"","_seopress_titles_title":"","_seopress_titles_desc":"","_seopress_robots_index":""},"product_brand":[3407],"product_cat":[29,514,558],"product_tag":[3270],"class_list":{"0":"post-462667","1":"product","2":"type-product","3":"status-publish","4":"has-post-thumbnail","6":"product_brand-milwaukee","7":"product_cat-macchinari","8":"product_cat-altri-dispositivi","9":"product_cat-seghe-accessori-vari","10":"product_tag-import-milwau","11":"sws-gruppo-macchinari-fr","12":"sws-conto-ricavi-merci-rivendita-macchinari-fr","13":"sws-gruppo-iva-iva81-fr","15":"first","16":"onbackorder","17":"sale","18":"purchasable","19":"product-type-simple"},"_links":{"self":[{"href":"https:\/\/lucacastelli.com\/fr\/wp-json\/wp\/v2\/product\/462667","targetHints":{"allow":["GET"]}}],"collection":[{"href":"https:\/\/lucacastelli.com\/fr\/wp-json\/wp\/v2\/product"}],"about":[{"href":"https:\/\/lucacastelli.com\/fr\/wp-json\/wp\/v2\/types\/product"}],"wp:featuredmedia":[{"embeddable":true,"href":"https:\/\/lucacastelli.com\/fr\/wp-json\/wp\/v2\/media\/456403"}],"wp:attachment":[{"href":"https:\/\/lucacastelli.com\/fr\/wp-json\/wp\/v2\/media?parent=462667"}],"wp:term":[{"taxonomy":"product_brand","embeddable":true,"href":"https:\/\/lucacastelli.com\/fr\/wp-json\/wp\/v2\/product_brand?post=462667"},{"taxonomy":"product_cat","embeddable":true,"href":"https:\/\/lucacastelli.com\/fr\/wp-json\/wp\/v2\/product_cat?post=462667"},{"taxonomy":"product_tag","embeddable":true,"href":"https:\/\/lucacastelli.com\/fr\/wp-json\/wp\/v2\/product_tag?post=462667"}],"curies":[{"name":"wp","href":"https:\/\/api.w.org\/{rel}","templated":true}]}}