{"id":462661,"date":"2025-06-14T02:44:27","date_gmt":"2025-06-14T00:44:27","guid":{"rendered":"https:\/\/lucacastelli.com\/prodotto\/scie-sauteuse-3\/"},"modified":"2025-06-29T07:40:36","modified_gmt":"2025-06-29T05:40:36","slug":"scie-sauteuse-3","status":"publish","type":"product","link":"https:\/\/lucacastelli.com\/fr\/produit\/scie-sauteuse-3\/","title":{"rendered":"Puzzle MILWAUKEE"},"content":{"rendered":"<p>Jusqu&#8217;\u00e0 2800 c\/min&lt;Br&gt;  Syst\u00e8me \u00e9lectronique REDLINK\u2122 pour prot\u00e9ger l&#8217;outil et la batterie contre les surcharges.&lt;Br&gt;  Fixation de la lame FIXTEC\u2122 (sans outil)&lt;Br&gt;  R\u00e9glage de l&#8217;angle de coupe de 0 \u00e0 45\u00b0.&lt;Br&gt;  5 r\u00e9glages diff\u00e9rents du mouvement du pendule&lt;Br&gt;  Lumi\u00e8re LED&lt;Br&gt;  Adaptateur (inclus) pour la fixation d&#8217;un aspirateur externe&lt;Br&gt;  Couvre-chaussure en plastique, pour prot\u00e9ger le mat\u00e9riau \u00e0 d\u00e9couper&lt;Br&gt;  La batterie REDLITHIUM\u2122 offre une construction de batterie sup\u00e9rieure, une \u00e9lectronique et des performances constantes pour offrir plus d\u2019autonomie et plus de travail pendant la dur\u00e9e de vie de la batterie&lt;Br&gt;  Fonctionne avec toutes les batteries MILWAUKEE\u00ae M18\u2122<\/p>\n<p>BARCODE : 4002395157990<\/p>\n<p>Donn\u00e9es techniques<br \/>\n2.5 (M18 B4)<\/p>\n<p>Livr\u00e9 sans piles, sans chargeur, sans bo\u00eete de rangement ni sac, sans housse en plastique, sans lame, sans adaptateur d&#8217;aspiration, sans housse anti-poussi\u00e8re.<\/p>\n","protected":false},"excerpt":{"rendered":"<p>Jusqu&#8217;\u00e0 2800 c\/min&lt;Br&gt; Syst\u00e8me \u00e9lectronique REDLINK\u2122 pour prot\u00e9ger l&#8217;outil et la batterie contre les surcharges.&lt;Br&gt; Fixation de la lame FIXTEC\u2122<\/p>\n","protected":false},"featured_media":456580,"template":"","meta":{"_seopress_robots_primary_cat":"","_seopress_titles_title":"","_seopress_titles_desc":"","_seopress_robots_index":""},"product_brand":[3407],"product_cat":[29,514,558],"product_tag":[3270],"class_list":{"0":"post-462661","1":"product","2":"type-product","3":"status-publish","4":"has-post-thumbnail","6":"product_brand-milwaukee","7":"product_cat-macchinari","8":"product_cat-altri-dispositivi","9":"product_cat-seghe-accessori-vari","10":"product_tag-import-milwau","11":"sws-gruppo-macchinari-fr","12":"sws-conto-ricavi-merci-rivendita-macchinari-fr","13":"sws-gruppo-iva-iva81-fr","15":"first","16":"onbackorder","17":"sale","18":"purchasable","19":"product-type-simple"},"_links":{"self":[{"href":"https:\/\/lucacastelli.com\/fr\/wp-json\/wp\/v2\/product\/462661","targetHints":{"allow":["GET"]}}],"collection":[{"href":"https:\/\/lucacastelli.com\/fr\/wp-json\/wp\/v2\/product"}],"about":[{"href":"https:\/\/lucacastelli.com\/fr\/wp-json\/wp\/v2\/types\/product"}],"wp:featuredmedia":[{"embeddable":true,"href":"https:\/\/lucacastelli.com\/fr\/wp-json\/wp\/v2\/media\/456580"}],"wp:attachment":[{"href":"https:\/\/lucacastelli.com\/fr\/wp-json\/wp\/v2\/media?parent=462661"}],"wp:term":[{"taxonomy":"product_brand","embeddable":true,"href":"https:\/\/lucacastelli.com\/fr\/wp-json\/wp\/v2\/product_brand?post=462661"},{"taxonomy":"product_cat","embeddable":true,"href":"https:\/\/lucacastelli.com\/fr\/wp-json\/wp\/v2\/product_cat?post=462661"},{"taxonomy":"product_tag","embeddable":true,"href":"https:\/\/lucacastelli.com\/fr\/wp-json\/wp\/v2\/product_tag?post=462661"}],"curies":[{"name":"wp","href":"https:\/\/api.w.org\/{rel}","templated":true}]}}