{"id":462651,"date":"2025-06-14T02:53:45","date_gmt":"2025-06-14T00:53:45","guid":{"rendered":"https:\/\/lucacastelli.com\/prodotto\/outil-multifonctionnel\/"},"modified":"2025-06-29T07:39:44","modified_gmt":"2025-06-29T05:39:44","slug":"outil-multifonctionnel","status":"publish","type":"product","link":"https:\/\/lucacastelli.com\/fr\/produit\/outil-multifonctionnel\/","title":{"rendered":"Outil multifonction MILWAUKEE"},"content":{"rendered":"<p>Solution id\u00e9ale et polyvalente pour les applications d&#8217;enl\u00e8vement et de d\u00e9coupe&lt;Br&gt;  L&#8217;\u00e9lectronique intelligente REDLINK\u2122 permet une protection maximale de la batterie et du moteur contre les surcharges.&lt;Br&gt;  12 r\u00e9glages de vitesse (12 000-18 000 orbites\/min) et 3,4\u00b0 d&#8217;oscillation permettent un usinage rapide et pr\u00e9cis dans divers mat\u00e9riaux tels que le m\u00e9tal, le bois et le plastique.&lt;Br&gt;  Compatible avec les accessoires concurrents gr\u00e2ce \u00e0 l&#8217;adaptateur&lt;Br&gt;  Surveillance des cellules individuelles de la batterie pour assurer une consommation homog\u00e8ne de la batterie et une plus grande autonomie et durabilit\u00e9 dans le temps&lt;Br&gt;  Changement d&#8217;accessoire sans outil gr\u00e2ce au syst\u00e8me FIXTEC\u2122, adaptateur universel inclus.&lt;Br&gt;  Indicateur d\u2019\u00e9tat de charge de la batterie&lt;Br&gt;  Lumi\u00e8re LED pour \u00e9clairer la zone de travail&lt;Br&gt;  La batterie REDLITHIUM\u2122 offre une construction de batterie sup\u00e9rieure, une \u00e9lectronique et des performances constantes pour offrir plus d\u2019autonomie et plus de travail pendant la dur\u00e9e de vie de la batterie&lt;Br&gt;  Plate-forme de batterie 18V : Fonctionne avec toutes les batteries MILWAUKEE\u00ae M18\u2122<\/p>\n<p>BARCODE : 4002395004928<\/p>\n<p>Caract\u00e9ristiques techniques<br \/>\n0<\/p>\n<p>Livr\u00e9 sans piles, livr\u00e9 sans chargeur, livr\u00e9 sans kitbox ou sac, lame, plateau de pon\u00e7age, adaptateur, 5 papiers abrasifs.<\/p>\n","protected":false},"excerpt":{"rendered":"<p>Solution id\u00e9ale et polyvalente pour les applications d&#8217;enl\u00e8vement et de d\u00e9coupe&lt;Br&gt; L&#8217;\u00e9lectronique intelligente REDLINK\u2122 permet une protection maximale de la<\/p>\n","protected":false},"featured_media":456656,"template":"","meta":{"_seopress_robots_primary_cat":"","_seopress_titles_title":"","_seopress_titles_desc":"","_seopress_robots_index":""},"product_brand":[3658],"product_cat":[167,1453],"product_tag":[3273],"class_list":{"0":"post-462651","1":"product","2":"type-product","3":"status-publish","4":"has-post-thumbnail","6":"product_brand-milwaukee-fr","7":"product_cat-machines","8":"product_cat-autres-appareils","9":"product_tag-import-milwau-fr","10":"sws-gruppo-macchinari-fr","11":"sws-conto-ricavi-merci-rivendita-macchinari-fr","12":"sws-gruppo-iva-iva81-fr","14":"first","15":"onbackorder","16":"sale","17":"purchasable","18":"product-type-simple"},"_links":{"self":[{"href":"https:\/\/lucacastelli.com\/fr\/wp-json\/wp\/v2\/product\/462651","targetHints":{"allow":["GET"]}}],"collection":[{"href":"https:\/\/lucacastelli.com\/fr\/wp-json\/wp\/v2\/product"}],"about":[{"href":"https:\/\/lucacastelli.com\/fr\/wp-json\/wp\/v2\/types\/product"}],"wp:featuredmedia":[{"embeddable":true,"href":"https:\/\/lucacastelli.com\/fr\/wp-json\/wp\/v2\/media\/456656"}],"wp:attachment":[{"href":"https:\/\/lucacastelli.com\/fr\/wp-json\/wp\/v2\/media?parent=462651"}],"wp:term":[{"taxonomy":"product_brand","embeddable":true,"href":"https:\/\/lucacastelli.com\/fr\/wp-json\/wp\/v2\/product_brand?post=462651"},{"taxonomy":"product_cat","embeddable":true,"href":"https:\/\/lucacastelli.com\/fr\/wp-json\/wp\/v2\/product_cat?post=462651"},{"taxonomy":"product_tag","embeddable":true,"href":"https:\/\/lucacastelli.com\/fr\/wp-json\/wp\/v2\/product_tag?post=462651"}],"curies":[{"name":"wp","href":"https:\/\/api.w.org\/{rel}","templated":true}]}}