{"id":462648,"date":"2025-06-14T02:50:29","date_gmt":"2025-06-14T00:50:29","guid":{"rendered":"https:\/\/lucacastelli.com\/prodotto\/outil-multifonction\/"},"modified":"2025-06-29T07:40:36","modified_gmt":"2025-06-29T05:40:36","slug":"outil-multifonction","status":"publish","type":"product","link":"https:\/\/lucacastelli.com\/fr\/produit\/outil-multifonction\/","title":{"rendered":"Outil multifonction MILWAUKEE"},"content":{"rendered":"<p>Moteur brushless POWERSTATE\u2122, angle d\u2019oscillation de 2,1\u00b0 (droite\/gauche) et 10 000-20 000 orbites\/min pour l\u2019une des vitesses de coupe les plus rapides parmi les outils du march\u00e9&lt;Br&gt;  Solution id\u00e9ale et polyvalente pour les applications d\u2019enl\u00e8vement et de coupe&lt;Br&gt;  10 r\u00e9glages de vitesse pour une adaptation facile au type d\u2019application \u00e0 effectuer&lt;Br&gt;  Syst\u00e8me FIXTEC\u2122 pour un changement d\u2019accessoire sans outil, avec adaptateur universel inclus pour le rendre compatible avec la plupart des accessoires du march\u00e9&lt;Br&gt;  Lumi\u00e8re LED \u00e0 180\u00b0 pour \u00e9clairer la zone de travail&lt;Br&gt;  Livr\u00e9 avec 1 lame de scie universelle pour le bois OPEN-LOK, 1 patin de pon\u00e7age, 5 feuilles abrasives (1&#215;60, 1&#215;80, 2&#215;120, 1&#215;240)&lt;Br&gt;  La technologie FUEL\u2122 red\u00e9finit les outils \u00e9lectriques sans fil. Le moteur sans balais, l\u2019\u00e9lectronique REDLINK PLUS\u2122 et la batterie REDLITHIUM\u2122 offrent des performances et une durabilit\u00e9 sup\u00e9rieures&lt;br&gt; Fonctionne avec toutes les batteries MILWAUKEE\u00ae M18\u2122 <\/p>\n<p>BARCODE : 4058546346850<\/p>\n<p>Caract\u00e9ristiques techniques<br \/>\n18<\/p>\n<p>2 x batterie M18 B5, chargeur M12-18 FC, mallette HeavyDuty, 1 lame OPEN-LOK universelle pour le bois, 1 tampon de support, 5 feuilles abrasives (1&#215;60, 1&#215;80, 2&#215;120, 1&#215;240)<\/p>\n","protected":false},"excerpt":{"rendered":"<p>Moteur brushless POWERSTATE\u2122, angle d\u2019oscillation de 2,1\u00b0 (droite\/gauche) et 10 000-20 000 orbites\/min pour l\u2019une des vitesses de coupe les<\/p>\n","protected":false},"featured_media":441660,"template":"","meta":{"_seopress_robots_primary_cat":"","_seopress_titles_title":"","_seopress_titles_desc":"","_seopress_robots_index":""},"product_brand":[3658],"product_cat":[1453,167],"product_tag":[3273],"class_list":{"0":"post-462648","1":"product","2":"type-product","3":"status-publish","4":"has-post-thumbnail","6":"product_brand-milwaukee-fr","7":"product_cat-autres-appareils","8":"product_cat-machines","9":"product_tag-import-milwau-fr","10":"sws-gruppo-macchinari-fr","11":"sws-conto-ricavi-merci-rivendita-macchinari-fr","12":"sws-gruppo-iva-iva81-fr","14":"first","15":"onbackorder","16":"sale","17":"purchasable","18":"product-type-simple"},"_links":{"self":[{"href":"https:\/\/lucacastelli.com\/fr\/wp-json\/wp\/v2\/product\/462648","targetHints":{"allow":["GET"]}}],"collection":[{"href":"https:\/\/lucacastelli.com\/fr\/wp-json\/wp\/v2\/product"}],"about":[{"href":"https:\/\/lucacastelli.com\/fr\/wp-json\/wp\/v2\/types\/product"}],"wp:featuredmedia":[{"embeddable":true,"href":"https:\/\/lucacastelli.com\/fr\/wp-json\/wp\/v2\/media\/441660"}],"wp:attachment":[{"href":"https:\/\/lucacastelli.com\/fr\/wp-json\/wp\/v2\/media?parent=462648"}],"wp:term":[{"taxonomy":"product_brand","embeddable":true,"href":"https:\/\/lucacastelli.com\/fr\/wp-json\/wp\/v2\/product_brand?post=462648"},{"taxonomy":"product_cat","embeddable":true,"href":"https:\/\/lucacastelli.com\/fr\/wp-json\/wp\/v2\/product_cat?post=462648"},{"taxonomy":"product_tag","embeddable":true,"href":"https:\/\/lucacastelli.com\/fr\/wp-json\/wp\/v2\/product_tag?post=462648"}],"curies":[{"name":"wp","href":"https:\/\/api.w.org\/{rel}","templated":true}]}}