{"id":462547,"date":"2022-05-31T11:19:49","date_gmt":"2022-05-31T09:19:49","guid":{"rendered":"https:\/\/lucacastelli.com\/?post_type=product&#038;p=462547"},"modified":"2026-03-10T18:34:43","modified_gmt":"2026-03-10T17:34:43","slug":"la-sportiva-bushido-ii","status":"publish","type":"product","link":"https:\/\/lucacastelli.com\/fr\/produit\/la-sportiva-bushido-ii\/","title":{"rendered":"LA SPORTIVA Bushido II"},"content":{"rendered":"<p>\u00c0 l\u2019avant-garde technique et esth\u00e9tique dans le monde des chaussures de course en montagne. Bushido II est la chaussure de comp\u00e9tition d\u00e9di\u00e9e au monde des courses de skyraces : super l\u00e9g\u00e8re, adh\u00e9rente, agressive, elle est con\u00e7ue pour assurer une parfaite stabilit\u00e9 sur tous types de terrains tout-terrain. <\/p>\n<p>DESCRIPTION&nbsp;:<br \/>\nEvolution technique\/esth\u00e9tique de la Bushido, chaussure de comp\u00e9tition d\u00e9di\u00e9e au skyrunning : super l\u00e9g\u00e8re, adh\u00e9rente, agressive, elle est con\u00e7ue pour assurer une parfaite stabilit\u00e9 sur tous les types de terrains tout-terrain. Gr\u00e2ce \u00e0 la construction STB Control, le squelette en TPU plac\u00e9 lat\u00e9ralement sur la tige descend pour envelopper la semelle interm\u00e9diaire dans la partie m\u00e9diane, stabilisant la chaussure. Cette solution permet un ajustement plus ajust\u00e9 et une plus grande stabilit\u00e9 g\u00e9n\u00e9rale gr\u00e2ce au travail synergique de la tige et de la semelle interm\u00e9diaire, ainsi qu\u2019un all\u00e8gement du produit, \u00e9vitant l\u2019insertion de lourds inserts stabilisateurs dans la partie centrale de la chaussure. La semelle bi-compos\u00e9e FriXion Red a des surfaces d\u2019appui diff\u00e9renci\u00e9es : la forme arrondie des crampons externes qui s\u2019\u00e9l\u00e8vent lat\u00e9ralement pour toucher la semelle interm\u00e9diaire, cr\u00e9e un angle d\u2019appui progressif avec le sol, en maintenant la stabilit\u00e9 m\u00eame en cas de torsion extr\u00eame du pied. Cela vous permet de courir en toute s\u00e9curit\u00e9 m\u00eame sur les terrains les plus techniques en pr\u00e9sence de racines, de pierres et de branches. Soutien maximal et bandage sur la partie m\u00e9diale du pied, libert\u00e9 de mouvement et confort sur la pointe. Le r\u00e9sultat est une chaussure qui, dans le plus pur style La Sportiva, offre de nouvelles solutions aux exigences des coureurs les plus exigeants, en r\u00e9\u00e9crivant les r\u00e8gles du jeu avec une construction jamais vue auparavant dans les chaussures de trail running. Bushido II : le nouveau parcours du traileur.       <\/p>\n<p>Tige :<br \/>\n Maille a\u00e9r\u00e9e respirante, renforts en film thermoplastique, squelette m\u00e9dial HF TPU appliqu\u00e9 sur des panneaux ind\u00e9chirables<\/p>\n<p>Doublure&nbsp;:<br \/>\nMaille respirante et antid\u00e9rapante<\/p>\n<p>Semelle interm\u00e9diaire :<br \/>\n EVA de compression et syst\u00e8me de contr\u00f4le de la stabilit\u00e9<\/p>\n<p>Semelle&nbsp;:<br \/>\nFrixion Rouge<\/p>\n<p>Semelle int\u00e9rieure&nbsp;:<br \/>\nOrtholite Ergonomic 4mm<\/p>\n<p>D\u00e9nivel\u00e9&nbsp;:<br \/>\n6<\/p>\n<p>Amorti :<br \/>\n7<\/p>\n<p>Poids :<br \/>\n 300g (demi-paire, taille 42)<\/p>\n<p>Tailles :<br \/>\n 38-47,5 (y compris les demi-tailles)<\/p>\n","protected":false},"excerpt":{"rendered":"<p>\u00c0 l\u2019avant-garde technique et esth\u00e9tique dans le monde des chaussures de course en montagne. Bushido II est la chaussure de<\/p>\n","protected":false},"featured_media":58666,"template":"","meta":{"_seopress_robots_primary_cat":"","_seopress_titles_title":"","_seopress_titles_desc":"","_seopress_robots_index":""},"product_brand":[3648],"product_cat":[173,1420,1432],"product_tag":[],"class_list":{"0":"post-462547","1":"product","2":"type-product","3":"status-publish","4":"has-post-thumbnail","6":"product_brand-la-sportiva-fr","7":"product_cat-chaussures","8":"product_cat-chaussures-de-loisirs","9":"product_cat-chaussures-pour-hommes","10":"sws-gruppo-abb-libero-de","11":"sws-conto-ricavi-merci-rivendita-abbigliamento","12":"sws-gruppo-iva-iva81","14":"first","15":"instock","16":"shipping-taxable","17":"purchasable","18":"product-type-variable"},"_links":{"self":[{"href":"https:\/\/lucacastelli.com\/fr\/wp-json\/wp\/v2\/product\/462547","targetHints":{"allow":["GET"]}}],"collection":[{"href":"https:\/\/lucacastelli.com\/fr\/wp-json\/wp\/v2\/product"}],"about":[{"href":"https:\/\/lucacastelli.com\/fr\/wp-json\/wp\/v2\/types\/product"}],"wp:featuredmedia":[{"embeddable":true,"href":"https:\/\/lucacastelli.com\/fr\/wp-json\/wp\/v2\/media\/58666"}],"wp:attachment":[{"href":"https:\/\/lucacastelli.com\/fr\/wp-json\/wp\/v2\/media?parent=462547"}],"wp:term":[{"taxonomy":"product_brand","embeddable":true,"href":"https:\/\/lucacastelli.com\/fr\/wp-json\/wp\/v2\/product_brand?post=462547"},{"taxonomy":"product_cat","embeddable":true,"href":"https:\/\/lucacastelli.com\/fr\/wp-json\/wp\/v2\/product_cat?post=462547"},{"taxonomy":"product_tag","embeddable":true,"href":"https:\/\/lucacastelli.com\/fr\/wp-json\/wp\/v2\/product_tag?post=462547"}],"curies":[{"name":"wp","href":"https:\/\/api.w.org\/{rel}","templated":true}]}}