{"id":462463,"date":"2025-09-25T19:56:16","date_gmt":"2025-09-25T17:56:16","guid":{"rendered":"https:\/\/lucacastelli.com\/?post_type=product&#038;p=462463"},"modified":"2026-04-14T02:49:15","modified_gmt":"2026-04-14T00:49:15","slug":"la-sportiva-txs-gtx","status":"publish","type":"product","link":"https:\/\/lucacastelli.com\/fr\/produit\/la-sportiva-txs-gtx\/","title":{"rendered":"LA SPORTIVA TXS GTX"},"content":{"rendered":"<p>Chaussure de randonn\u00e9e technique pour hiking et backpacking m\u00eame avec sacs \u00e0 dos \u00e0 pleine charge, parfaite pour les via ferrata et approches techniques sur terrains durs et rocheux. Confortable, l\u00e9g\u00e8re, imperm\u00e9able et respirante. <\/p>\n<p>DESCRIPTION :<br \/>\nTX S GTX est la chaussure de randonn\u00e9e technique pour hiking et backpacking m\u00eame avec sacs \u00e0 dos \u00e0 pleine charge, parfaite pour les via ferrata et approches sur terrains durs et rocheux. Confortable, l\u00e9g\u00e8re, imperm\u00e9able et respirante, elle adopte la membrane Gore-Tex Extended Comfort. Le Look &amp; Feel TX Series d&#8217;inspiration approche est tr\u00e8s l\u00e9ger et confortable gr\u00e2ce \u00e0 la tige en mesh hautement r\u00e9sistante \u00e0 l&#8217;abrasion. Le bord protecteur anti-abrasion et l&#8217;embout en caoutchouc anti-choc garantissent une protection maximale tandis que l&#8217;articulation de la cheville 3D Flex System permet une mobilit\u00e9 et une s\u00e9curit\u00e9 maximales en appui. TX S est une chaussure structur\u00e9e et protectrice gr\u00e2ce \u00e0 la semelle de propret\u00e9 stabilisante qui permet des utilisations prolong\u00e9es. La semelle Vibram Megagrip super adh\u00e9rente avec talon prononc\u00e9 et crampons Hiking-Oriented \u00e0 \u00e9paisseur diff\u00e9renci\u00e9e favorise le freinage en descente et l&#8217;adh\u00e9rence en mont\u00e9e. Le produit parfait pour les randonneurs exigeants.    <\/p>\n<p>Tige :<br \/>\nHigh-Abrasion Resistant Mesh<\/p>\n<p>Doublure :<br \/>\nGore-Tex\u00ae Extended Comfort\u00ae<\/p>\n<p>Semelle de propret\u00e9 :<br \/>\nOrtholite\u00ae approach 4 mm<\/p>\n<p>Premi\u00e8re de propret\u00e9 :<br \/>\nPPE 2,5 mm<\/p>\n<p>Semelle interm\u00e9diaire :<br \/>\nSemelle de propret\u00e9 stabilisante et semelle interm\u00e9diaire en EVA inject\u00e9e amortissante avec inserts STB Control<\/p>\n<p>Poids :<br \/>\n 510g demi-paire, taille 42<\/p>\n<p>Semelle :<br \/>\nVibram MegaGrip<\/p>\n<p>Pointures :<br \/>\n37 \u2013 47,5 demi-pointures comprises<\/p>\n","protected":false},"excerpt":{"rendered":"<p>Chaussure de randonn\u00e9e technique pour hiking et backpacking m\u00eame avec sacs \u00e0 dos \u00e0 pleine charge, parfaite pour les via<\/p>\n","protected":false},"featured_media":59863,"template":"","meta":{"_seopress_robots_primary_cat":"none","_seopress_titles_title":"","_seopress_titles_desc":"","_seopress_robots_index":""},"product_brand":[3648],"product_cat":[173,1420,1432],"product_tag":[],"class_list":{"0":"post-462463","1":"product","2":"type-product","3":"status-publish","4":"has-post-thumbnail","6":"product_brand-la-sportiva-fr","7":"product_cat-chaussures","8":"product_cat-chaussures-de-loisirs","9":"product_cat-chaussures-pour-hommes","10":"sws-gruppo-abb-libero-fr","11":"sws-conto-ricavi-merci-rivendita-abbigliamento-fr","12":"sws-gruppo-iva-iva81-fr","14":"first","15":"instock","16":"shipping-taxable","17":"purchasable","18":"product-type-variable","19":"has-default-attributes"},"_links":{"self":[{"href":"https:\/\/lucacastelli.com\/fr\/wp-json\/wp\/v2\/product\/462463","targetHints":{"allow":["GET"]}}],"collection":[{"href":"https:\/\/lucacastelli.com\/fr\/wp-json\/wp\/v2\/product"}],"about":[{"href":"https:\/\/lucacastelli.com\/fr\/wp-json\/wp\/v2\/types\/product"}],"wp:featuredmedia":[{"embeddable":true,"href":"https:\/\/lucacastelli.com\/fr\/wp-json\/wp\/v2\/media\/59863"}],"wp:attachment":[{"href":"https:\/\/lucacastelli.com\/fr\/wp-json\/wp\/v2\/media?parent=462463"}],"wp:term":[{"taxonomy":"product_brand","embeddable":true,"href":"https:\/\/lucacastelli.com\/fr\/wp-json\/wp\/v2\/product_brand?post=462463"},{"taxonomy":"product_cat","embeddable":true,"href":"https:\/\/lucacastelli.com\/fr\/wp-json\/wp\/v2\/product_cat?post=462463"},{"taxonomy":"product_tag","embeddable":true,"href":"https:\/\/lucacastelli.com\/fr\/wp-json\/wp\/v2\/product_tag?post=462463"}],"curies":[{"name":"wp","href":"https:\/\/api.w.org\/{rel}","templated":true}]}}