{"id":462409,"date":"2026-03-04T07:07:02","date_gmt":"2026-03-04T06:07:02","guid":{"rendered":"https:\/\/lucacastelli.com\/?post_type=product&#038;p=462409"},"modified":"2025-07-29T09:08:48","modified_gmt":"2025-07-29T07:08:48","slug":"la-sportiva-nepal-trek-evo-femme-gtx","status":"publish","type":"product","link":"https:\/\/lucacastelli.com\/fr\/produit\/la-sportiva-nepal-trek-evo-femme-gtx\/","title":{"rendered":"LA SPORTIVA Nepal Trek Evo Femme GTX"},"content":{"rendered":"<p>La botte recommand\u00e9e pour l\u2019alpinisme traditionnel et le trekking exigeant.<br \/>\nEvolution du mod\u00e8le Nepal Trek, il adopte la tige du mod\u00e8le Nepal Evo combin\u00e9e \u00e0 une structure moins rigide et plus l\u00e9g\u00e8re. Id\u00e9al pour l\u2019alpinisme traditionnel, le trekking exigeant et pour les professionnels de la randonn\u00e9e qui exigent toujours des performances maximales, dans toutes les conditions d\u2019utilisation. L\u2019utilisation d\u2019une doublure Gore-Tex\u00ae le rend compl\u00e8tement imperm\u00e9able et respirant. Coupe de la tige avec articulation \u00ab&nbsp;3D Flex System&nbsp;\u00bb, syst\u00e8me innovant d\u2019articulation de la cheville multidirectionnelle. Nouvelle forme ajust\u00e9e et confortable. Nouvelle semelle interm\u00e9diaire avec des \u00e9paisseurs diff\u00e9renci\u00e9es en PU absorbant les chocs dans les zones situ\u00e9es sous le talon et la plante du pied. Semelle exclusive avec technologie IBS (Impact Brake System), con\u00e7ue en collaboration avec Vibram\u00ae, con\u00e7ue pour r\u00e9duire l\u2019impact sur les terrains durs. La languette amovible avec syst\u00e8me de ventilation int\u00e9gr\u00e9, donne la possibilit\u00e9 d\u2019avoir un ajustement personnalis\u00e9 pour chaque pied. La boucle de sangle EZ OUT (brevet\u00e9e) facilite le d\u00e9verrouillage du la\u00e7age. Le nouveau mod\u00e8le ne p\u00e8se que 1700 g.         <\/p>\n<p>Tige : Cuir Hydro-Perwanger\u00ae hydrofuge 3+ mm<br \/>\nDoublure : Gore-Tex\u00ae Insulated Comfort.<br \/>\nSemelle int\u00e9rieure : Ibi-Thermo 6 mm<br \/>\nisolante Semelle : Vibram\u00ae Impact Brake System.<br \/>\nBrevet : Mod\u00e8le d\u00e9pos\u00e9.<br \/>\nTailles : 37 &#8211; 48 (y compris les demi-tailles)<br \/>\nPoids : 1 600 g (paire, taille 38)<\/p>\n","protected":false},"excerpt":{"rendered":"<p>La botte recommand\u00e9e pour l\u2019alpinisme traditionnel et le trekking exigeant. Evolution du mod\u00e8le Nepal Trek, il adopte la tige du<\/p>\n","protected":false},"featured_media":59785,"template":"","meta":{"_seopress_robots_primary_cat":"","_seopress_titles_title":"","_seopress_titles_desc":"","_seopress_robots_index":""},"product_brand":[3419],"product_cat":[28,568,575],"product_tag":[],"class_list":{"0":"post-462409","1":"product","2":"type-product","3":"status-publish","4":"has-post-thumbnail","6":"product_brand-la-sportiva","7":"product_cat-calzature","8":"product_cat-calzature-per-il-tempo-libero","9":"product_cat-calzature-da-donna","10":"sws-gruppo-abb-libero-fr","11":"sws-conto-ricavi-merci-rivendita-abbigliamento-fr","12":"sws-gruppo-iva-iva81-fr","14":"first","15":"instock","16":"shipping-taxable","17":"purchasable","18":"product-type-variable"},"_links":{"self":[{"href":"https:\/\/lucacastelli.com\/fr\/wp-json\/wp\/v2\/product\/462409","targetHints":{"allow":["GET"]}}],"collection":[{"href":"https:\/\/lucacastelli.com\/fr\/wp-json\/wp\/v2\/product"}],"about":[{"href":"https:\/\/lucacastelli.com\/fr\/wp-json\/wp\/v2\/types\/product"}],"wp:featuredmedia":[{"embeddable":true,"href":"https:\/\/lucacastelli.com\/fr\/wp-json\/wp\/v2\/media\/59785"}],"wp:attachment":[{"href":"https:\/\/lucacastelli.com\/fr\/wp-json\/wp\/v2\/media?parent=462409"}],"wp:term":[{"taxonomy":"product_brand","embeddable":true,"href":"https:\/\/lucacastelli.com\/fr\/wp-json\/wp\/v2\/product_brand?post=462409"},{"taxonomy":"product_cat","embeddable":true,"href":"https:\/\/lucacastelli.com\/fr\/wp-json\/wp\/v2\/product_cat?post=462409"},{"taxonomy":"product_tag","embeddable":true,"href":"https:\/\/lucacastelli.com\/fr\/wp-json\/wp\/v2\/product_tag?post=462409"}],"curies":[{"name":"wp","href":"https:\/\/api.w.org\/{rel}","templated":true}]}}