{"id":462392,"date":"2022-05-31T13:07:29","date_gmt":"2022-05-31T11:07:29","guid":{"rendered":"https:\/\/lucacastelli.com\/?post_type=product&#038;p=462392"},"modified":"2025-07-29T09:08:55","modified_gmt":"2025-07-29T07:08:55","slug":"la-sportiva-ultra-raptor-ii-cuir-gtx","status":"publish","type":"product","link":"https:\/\/lucacastelli.com\/fr\/produit\/la-sportiva-ultra-raptor-ii-cuir-gtx\/","title":{"rendered":"LA SPORTIVA Ultra Raptor II Cuir GTX"},"content":{"rendered":"<p>Version 2.0 et avec tige en cuir Nubuck du c\u00e9l\u00e8bre mod\u00e8le Ultra Raptor, parfaite pour une utilisation sur les terrains tout-terrain et les promenades en montagne, m\u00eame sur de longues distances. Respirante et imperm\u00e9able comme une chaussure de randonn\u00e9e gr\u00e2ce \u00e0 la membrane Gore-Tex\u00ae Extended Comfort. <\/p>\n<p>Ultra Raptor II Leather GTX est la version 2.0 et avec tige en cuir du c\u00e9l\u00e8bre mod\u00e8le Ultra Raptor, parfaite pour une utilisation sur les terrains tout-terrain et les promenades en montagne, m\u00eame sur de longues distances. Respirante et imperm\u00e9able comme une chaussure de randonn\u00e9e, gr\u00e2ce \u00e0 la membrane Gore-Tex\u00ae Extended Comfort, elle adopte un \u00ab Comfort Collar \u00bb souple pour prot\u00e9ger la cheville de l\u2019entr\u00e9e de pierres ou de boue et int\u00e8gre le spoiler easy-fit pour une facilit\u00e9 d\u2019ajustement maximale. La tige est en cuir Nubuck renforc\u00e9 par des lignes de compression qui garantissent l\u2019enveloppement du pied et une grande stabilit\u00e9. R\u00e9sistant maximal \u00e0 l\u2019abrasion et respirant, il est parfait pour une utilisation en randonn\u00e9e. L\u2019Ultra Raptor II Leather GTX est \u00e9galement disponible dans une version confort \u00e0 coupe large d\u00e9di\u00e9e aux randonneurs aux pieds larges. Le r\u00e9sultat est une chaussure qui peut \u00eatre port\u00e9e pendant de nombreuses heures cons\u00e9cutives et qui convient \u00e0 une utilisation tout-terrain sur tout type de terrain. Ravissez-vous, encore une fois.      <\/p>\n<p>Tige :<br \/>\n en cuir nubuck avec bande de renfort en microfibre avec rev\u00eatement anti-abrasion<\/p>\n<p>Doublure&nbsp;:<br \/>\nGore-Tex\u00ae Extended Comfort<\/p>\n<p>Semelle int\u00e9rieure&nbsp;:<br \/>\nOrtholite Mountain Running<\/p>\n<p>Semelle interm\u00e9diaire :<br \/>\n Memlex Eva avec injection absorbant les chocs<\/p>\n<p>Semelle :<br \/>\n Semelle FriXion\u2122 Blue en compos\u00e9 hautement r\u00e9sistant \u00e0 l\u2019abrasion, syst\u00e8me de freinage \u00e0 impact et embout en caoutchouc absorbant les chocs int\u00e9gr\u00e9<\/p>\n<p>Chute :<br \/>\n 9 mm<\/p>\n<p>Poids&nbsp;:<br \/>\n420g<\/p>\n","protected":false},"excerpt":{"rendered":"<p>Version 2.0 et avec tige en cuir Nubuck du c\u00e9l\u00e8bre mod\u00e8le Ultra Raptor, parfaite pour une utilisation sur les terrains<\/p>\n","protected":false},"featured_media":59602,"template":"","meta":{"_seopress_robots_primary_cat":"","_seopress_titles_title":"","_seopress_titles_desc":"","_seopress_robots_index":""},"product_brand":[3648],"product_cat":[173,1420,1432],"product_tag":[],"class_list":{"0":"post-462392","1":"product","2":"type-product","3":"status-publish","4":"has-post-thumbnail","6":"product_brand-la-sportiva-fr","7":"product_cat-chaussures","8":"product_cat-chaussures-de-loisirs","9":"product_cat-chaussures-pour-hommes","10":"sws-gruppo-abb-libero-de","11":"sws-conto-ricavi-merci-rivendita-abbigliamento","12":"sws-gruppo-iva-iva81","14":"first","15":"instock","16":"shipping-taxable","17":"purchasable","18":"product-type-variable"},"_links":{"self":[{"href":"https:\/\/lucacastelli.com\/fr\/wp-json\/wp\/v2\/product\/462392","targetHints":{"allow":["GET"]}}],"collection":[{"href":"https:\/\/lucacastelli.com\/fr\/wp-json\/wp\/v2\/product"}],"about":[{"href":"https:\/\/lucacastelli.com\/fr\/wp-json\/wp\/v2\/types\/product"}],"wp:featuredmedia":[{"embeddable":true,"href":"https:\/\/lucacastelli.com\/fr\/wp-json\/wp\/v2\/media\/59602"}],"wp:attachment":[{"href":"https:\/\/lucacastelli.com\/fr\/wp-json\/wp\/v2\/media?parent=462392"}],"wp:term":[{"taxonomy":"product_brand","embeddable":true,"href":"https:\/\/lucacastelli.com\/fr\/wp-json\/wp\/v2\/product_brand?post=462392"},{"taxonomy":"product_cat","embeddable":true,"href":"https:\/\/lucacastelli.com\/fr\/wp-json\/wp\/v2\/product_cat?post=462392"},{"taxonomy":"product_tag","embeddable":true,"href":"https:\/\/lucacastelli.com\/fr\/wp-json\/wp\/v2\/product_tag?post=462392"}],"curies":[{"name":"wp","href":"https:\/\/api.w.org\/{rel}","templated":true}]}}