{"id":462321,"date":"2026-03-03T07:00:40","date_gmt":"2026-03-03T06:00:40","guid":{"rendered":"https:\/\/lucacastelli.com\/?post_type=product&#038;p=462321"},"modified":"2026-04-13T22:03:18","modified_gmt":"2026-04-13T20:03:18","slug":"la-sportiva-nepal-trek-evo-gtx","status":"publish","type":"product","link":"https:\/\/lucacastelli.com\/fr\/produit\/la-sportiva-nepal-trek-evo-gtx\/","title":{"rendered":"LA SPORTIVA Nepal Trek Evo GTX"},"content":{"rendered":"<p>La chaussure recommand\u00e9e pour l\u2019alpinisme traditionnel et le trekking exigeant.<\/p>\n<p>\u00c9volution du mod\u00e8le Nepal Trek, elle adopte la tige du mod\u00e8le Nepal Evo associ\u00e9e \u00e0 une structure moins rigide et plus l\u00e9g\u00e8re. Id\u00e9ale pour l\u2019alpinisme traditionnel, le trekking exigeant et pour les professionnels de la randonn\u00e9e qui exigent toujours le maximum de performance, dans toutes les conditions d\u2019utilisation. L\u2019utilisation de la doublure Gore-Tex\u00ae la rend compl\u00e8tement imperm\u00e9able et respirante. Coupe de la tige avec articulation \u00ab&nbsp;3D Flex System&nbsp;\u00bb, syst\u00e8me innovant d\u2019articulation multidirectionnelle de la cheville. Nouvelle forme enveloppante et confortable. Nouvelle semelle intercalaire \u00e0 \u00e9paisseurs diff\u00e9renci\u00e9es en PU amortissant sous le talon et la plante du pied. Semelle exclusive avec technologie IBS (Impact Brake System), con\u00e7ue en collaboration avec Vibram\u00ae, pour r\u00e9duire l\u2019impact sur les terrains durs. Languette amovible avec syst\u00e8me d\u2019a\u00e9ration int\u00e9gr\u00e9, permettant un r\u00e9glage personnalis\u00e9 du chaussant pour chaque pied. Boucle en sangle EZ OUT (brevet\u00e9e) facilitant le d\u00e9blocage du lacet. Le nouveau mod\u00e8le ne p\u00e8se que 1700 g.         <\/p>\n<p>Tige : Cuir Idro-Perwanger\u00ae hydrofuge 3+ mm<\/p>\n<p>Doublure&nbsp;: Gore-Tex\u00ae Insulated Comfort.<\/p>\n<p>Premi\u00e8re de propret\u00e9&nbsp;: Ibi-Thermo isolant 6 mm<\/p>\n<p>Semelle&nbsp;: Vibram\u00ae Impact Brake System.<\/p>\n<p>Brevet&nbsp;: Design d\u00e9pos\u00e9.<\/p>\n<p>Pointures : 37 &#8211; 48 (demi-pointures comprises)<\/p>\n<p>Poids&nbsp;: 1 700 g (la paire, pointure 42)<\/p>\n","protected":false},"excerpt":{"rendered":"<p>La chaussure recommand\u00e9e pour l\u2019alpinisme traditionnel et le trekking exigeant. \u00c9volution du mod\u00e8le Nepal Trek, elle adopte la tige du<\/p>\n","protected":false},"featured_media":59680,"template":"","meta":{"_seopress_robots_primary_cat":"none","_seopress_titles_title":"","_seopress_titles_desc":"","_seopress_robots_index":""},"product_brand":[3648],"product_cat":[173,1420,1432],"product_tag":[],"class_list":{"0":"post-462321","1":"product","2":"type-product","3":"status-publish","4":"has-post-thumbnail","6":"product_brand-la-sportiva-fr","7":"product_cat-chaussures","8":"product_cat-chaussures-de-loisirs","9":"product_cat-chaussures-pour-hommes","10":"sws-gruppo-abb-libero-fr","11":"sws-conto-ricavi-merci-rivendita-abbigliamento-fr","12":"sws-gruppo-iva-iva81-fr","14":"first","15":"instock","16":"shipping-taxable","17":"purchasable","18":"product-type-variable","19":"has-default-attributes"},"_links":{"self":[{"href":"https:\/\/lucacastelli.com\/fr\/wp-json\/wp\/v2\/product\/462321","targetHints":{"allow":["GET"]}}],"collection":[{"href":"https:\/\/lucacastelli.com\/fr\/wp-json\/wp\/v2\/product"}],"about":[{"href":"https:\/\/lucacastelli.com\/fr\/wp-json\/wp\/v2\/types\/product"}],"wp:featuredmedia":[{"embeddable":true,"href":"https:\/\/lucacastelli.com\/fr\/wp-json\/wp\/v2\/media\/59680"}],"wp:attachment":[{"href":"https:\/\/lucacastelli.com\/fr\/wp-json\/wp\/v2\/media?parent=462321"}],"wp:term":[{"taxonomy":"product_brand","embeddable":true,"href":"https:\/\/lucacastelli.com\/fr\/wp-json\/wp\/v2\/product_brand?post=462321"},{"taxonomy":"product_cat","embeddable":true,"href":"https:\/\/lucacastelli.com\/fr\/wp-json\/wp\/v2\/product_cat?post=462321"},{"taxonomy":"product_tag","embeddable":true,"href":"https:\/\/lucacastelli.com\/fr\/wp-json\/wp\/v2\/product_tag?post=462321"}],"curies":[{"name":"wp","href":"https:\/\/api.w.org\/{rel}","templated":true}]}}