{"id":462191,"date":"2026-03-13T21:00:26","date_gmt":"2026-03-13T20:00:26","guid":{"rendered":"https:\/\/lucacastelli.com\/?post_type=product&#038;p=462191"},"modified":"2026-03-14T13:25:55","modified_gmt":"2026-03-14T12:25:55","slug":"la-sportiva-helios-iii-femme","status":"publish","type":"product","link":"https:\/\/lucacastelli.com\/fr\/produit\/la-sportiva-helios-iii-femme\/","title":{"rendered":"LA SPORTIVA Helios III Woman"},"content":{"rendered":"<p>Helios III est une chaussure door to trail con\u00e7ue pour lentra\u00eenement et la course sur terrains hors-piste compacts. Cette chaussure au style athleisure, dot\u00e9e dune tige l\u00e9g\u00e8re et respirante, est r\u00e9alis\u00e9e avec une combinaison thermocoll\u00e9e exclusive de mat\u00e9riau rip-stop, de maille protectrice mono-bave et de mesh sandwich, tout en \u00e9tant renforc\u00e9e en TPU. Le chaussant est extr\u00eamement confortable et ajust\u00e9, bas\u00e9 sur le mod\u00e8le Helios SR. La pr\u00e9sence du contrefort au talon \u00e9vite l\u00e9crasement lors de la chausse, tandis que le collier de protection souple et enveloppant avec rembourrage en mousse 3D garantit un confort parfait. La semelle est fabriqu\u00e9e dans un compos\u00e9 FriXion Blue hautement r\u00e9sistant, id\u00e9al pour une utilisation sur terrains durs et rocheux. La pointe thermoform\u00e9e all\u00e8ge la chaussure et prot\u00e8ge efficacement contre les chocs frontaux. La semelle interm\u00e9diaire en EVA inject\u00e9 avec technologie MorphoDynamic garantit le haut niveau damorti qui distingue le mod\u00e8le Helios depuis son lancement. Linsert Cushioning Platform assure un amorti et un confort accrus. Helios III: time to fly, again.       <\/p>\n<h3>Informations techniques<\/h3>\n<p><b>Tige:<\/b><\/p>\n<p>Maille protectrice mono-bave + mat\u00e9riau rip-stop + mesh sandwich et renforts en TPU<\/p>\n<p><b>Doublure:<\/b><\/p>\n<p>Mesh antid\u00e9rapant<\/p>\n<p><b>Semelle interm\u00e9diaire:<\/b><\/p>\n<p>MEMElex EVA inject\u00e9 et insert Cushioning Platform<\/p>\n<p><b>Semelle int\u00e9rieure:<\/b><\/p>\n<p>Ortholite\u00ae Mountain Running Ergonomic 4 mm<\/p>\n<p><b>Semelle ext\u00e9rieure:<\/b><\/p>\n<p>FriXion\u00ae Blue avec Impact Brake System<\/p>\n<p><b>Poids:<\/b><\/p>\n<p>175 g (la demi-paire)<\/p>\n<p><b>Drop:<\/b><\/p>\n<p>4 mm<\/p>\n","protected":false},"excerpt":{"rendered":"<p>Helios III est une chaussure door to trail con\u00e7ue pour lentra\u00eenement et la course sur terrains hors-piste compacts. Cette chaussure<\/p>\n","protected":false},"featured_media":60805,"template":"","meta":{"_seopress_robots_primary_cat":"none","_seopress_titles_title":"","_seopress_titles_desc":"","_seopress_robots_index":""},"product_brand":[3648],"product_cat":[173,1420,1429],"product_tag":[],"class_list":{"0":"post-462191","1":"product","2":"type-product","3":"status-publish","4":"has-post-thumbnail","6":"product_brand-la-sportiva-fr","7":"product_cat-chaussures","8":"product_cat-chaussures-de-loisirs","9":"product_cat-chaussures-pour-femmes","10":"sws-gruppo-abb-libero-fr","11":"sws-conto-ricavi-merci-rivendita-abbigliamento-fr","12":"sws-gruppo-iva-iva81-fr","14":"first","15":"instock","16":"sale","17":"shipping-taxable","18":"purchasable","19":"product-type-variable"},"_links":{"self":[{"href":"https:\/\/lucacastelli.com\/fr\/wp-json\/wp\/v2\/product\/462191","targetHints":{"allow":["GET"]}}],"collection":[{"href":"https:\/\/lucacastelli.com\/fr\/wp-json\/wp\/v2\/product"}],"about":[{"href":"https:\/\/lucacastelli.com\/fr\/wp-json\/wp\/v2\/types\/product"}],"wp:featuredmedia":[{"embeddable":true,"href":"https:\/\/lucacastelli.com\/fr\/wp-json\/wp\/v2\/media\/60805"}],"wp:attachment":[{"href":"https:\/\/lucacastelli.com\/fr\/wp-json\/wp\/v2\/media?parent=462191"}],"wp:term":[{"taxonomy":"product_brand","embeddable":true,"href":"https:\/\/lucacastelli.com\/fr\/wp-json\/wp\/v2\/product_brand?post=462191"},{"taxonomy":"product_cat","embeddable":true,"href":"https:\/\/lucacastelli.com\/fr\/wp-json\/wp\/v2\/product_cat?post=462191"},{"taxonomy":"product_tag","embeddable":true,"href":"https:\/\/lucacastelli.com\/fr\/wp-json\/wp\/v2\/product_tag?post=462191"}],"curies":[{"name":"wp","href":"https:\/\/api.w.org\/{rel}","templated":true}]}}