{"id":462100,"date":"2022-05-31T14:57:50","date_gmt":"2022-05-31T12:57:50","guid":{"rendered":"https:\/\/lucacastelli.com\/?post_type=product&#038;p=462100"},"modified":"2026-04-14T03:28:52","modified_gmt":"2026-04-14T01:28:52","slug":"la-sportiva-trango-trk-cuir-gtx","status":"publish","type":"product","link":"https:\/\/lucacastelli.com\/fr\/produit\/la-sportiva-trango-trk-cuir-gtx\/","title":{"rendered":"LA SPORTIVA Trango Trk Cuir GTX"},"content":{"rendered":"<p>Chaussure de trekking et de backpacking avec un look et une technologie d\u00e9riv\u00e9s de la famille Trango, id\u00e9ale pour les parcours sur sentiers non pav\u00e9s, les randonn\u00e9es en for\u00eat et les excursions avec sac \u00e0 dos \u00e0 pleine charge.<\/p>\n<p>La pr\u00e9sence de la membrane Gore-Tex Performance Comfort garantit respirabilit\u00e9 et imperm\u00e9abilit\u00e9, l&#8217;articulation 3D Flex appliqu\u00e9e \u00e0 la cheville apporte du soutien et permet un contr\u00f4le maximal en appui sur terrains accident\u00e9s. Le la\u00e7age diff\u00e9renci\u00e9 permet un ajustement parfait des volumes tandis que la semelle Vibram avec zone d&#8217;escalade en pointe permet l&#8217;utilisation sur via ferrata. Look Trango et technologie La Sportiva pour confort, protection et s\u00e9curit\u00e9 en montagne.  <\/p>\n<p>Tige :<br \/>\nCuir Idro-Perwanger 1,6 mm + insert en microfibre<\/p>\n<p>Doublure :<br \/>\nGore-Tex Performance Comfort<\/p>\n<p>Semelle interm\u00e9diaire :<br \/>\n Polyur\u00e9thane avec insert EVA \u00e0 l\u2019arri\u00e8re<\/p>\n<p>Semelle :<br \/>\nVibram avec zone d&#8217;escalade en pointe<\/p>\n<p>Pointures :<br \/>\n38 \u2013 48 demi-pointures comprises<\/p>\n<p>Brevets :<br \/>\n mod\u00e8le d\u00e9pos\u00e9<\/p>\n<p>Poids&nbsp;:<br \/>\n690 gr<\/p>\n<p>Semelle int\u00e9rieure :<br \/>\nPPE 5 mm avec \u00e9paisseur renforc\u00e9e dans la zone anti-torsion arri\u00e8re<\/p>\n","protected":false},"excerpt":{"rendered":"<p>Chaussure de trekking et de backpacking avec un look et une technologie d\u00e9riv\u00e9s de la famille Trango, id\u00e9ale pour les<\/p>\n","protected":false},"featured_media":60533,"template":"","meta":{"_seopress_robots_primary_cat":"none","_seopress_titles_title":"","_seopress_titles_desc":"","_seopress_robots_index":""},"product_brand":[3648],"product_cat":[173,1420,1432],"product_tag":[],"class_list":{"0":"post-462100","1":"product","2":"type-product","3":"status-publish","4":"has-post-thumbnail","6":"product_brand-la-sportiva-fr","7":"product_cat-chaussures","8":"product_cat-chaussures-de-loisirs","9":"product_cat-chaussures-pour-hommes","10":"sws-gruppo-abb-libero-fr","11":"sws-conto-ricavi-merci-rivendita-abbigliamento-fr","12":"sws-gruppo-iva-iva81-fr","14":"first","15":"instock","16":"shipping-taxable","17":"purchasable","18":"product-type-variable"},"_links":{"self":[{"href":"https:\/\/lucacastelli.com\/fr\/wp-json\/wp\/v2\/product\/462100","targetHints":{"allow":["GET"]}}],"collection":[{"href":"https:\/\/lucacastelli.com\/fr\/wp-json\/wp\/v2\/product"}],"about":[{"href":"https:\/\/lucacastelli.com\/fr\/wp-json\/wp\/v2\/types\/product"}],"wp:featuredmedia":[{"embeddable":true,"href":"https:\/\/lucacastelli.com\/fr\/wp-json\/wp\/v2\/media\/60533"}],"wp:attachment":[{"href":"https:\/\/lucacastelli.com\/fr\/wp-json\/wp\/v2\/media?parent=462100"}],"wp:term":[{"taxonomy":"product_brand","embeddable":true,"href":"https:\/\/lucacastelli.com\/fr\/wp-json\/wp\/v2\/product_brand?post=462100"},{"taxonomy":"product_cat","embeddable":true,"href":"https:\/\/lucacastelli.com\/fr\/wp-json\/wp\/v2\/product_cat?post=462100"},{"taxonomy":"product_tag","embeddable":true,"href":"https:\/\/lucacastelli.com\/fr\/wp-json\/wp\/v2\/product_tag?post=462100"}],"curies":[{"name":"wp","href":"https:\/\/api.w.org\/{rel}","templated":true}]}}