{"id":462021,"date":"2022-05-31T14:48:47","date_gmt":"2022-05-31T12:48:47","guid":{"rendered":"https:\/\/lucacastelli.com\/?post_type=product&#038;p=462021"},"modified":"2026-04-14T03:35:11","modified_gmt":"2026-04-14T01:35:11","slug":"la-sportiva-stream-gtx","status":"publish","type":"product","link":"https:\/\/lucacastelli.com\/fr\/produit\/la-sportiva-stream-gtx\/","title":{"rendered":"LA SPORTIVA Stream GTX"},"content":{"rendered":"<p>Chaussure de randonn\u00e9e fast hiking mid-cut pour la randonn\u00e9e rapide. Elle adopte des solutions qui font partie de l&#8217;ADN montagne La Sportiva en les combinant avec des technologies et concepts issus du Mountain Running pour un produit polyvalent, imperm\u00e9able et super respirant gr\u00e2ce \u00e0 la nouvelle technologie GORE-TEX\u00ae SURROUND\u00ae. <\/p>\n<p>DESCRIPTION<br \/>\nStream est la chaussure de randonn\u00e9e fast hiking mid-cut de nouvelle g\u00e9n\u00e9ration pour la randonn\u00e9e rapide. Elle adopte des solutions qui font partie de l&#8217;ADN montagne La Sportiva en les combinant avec des technologies et concepts issus du Mountain Running pour un produit polyvalent, imperm\u00e9able et super respirant gr\u00e2ce \u00e0 la nouvelle technologie GORE-TEX\u00ae SURROUND\u00ae : solution exclusive qui permet une respirabilit\u00e9 totale gr\u00e2ce \u00e0 la plus grande surface d&#8217;a\u00e9ration qui comprend la tige, la semelle de propret\u00e9 et la semelle interm\u00e9diaire en EVA et TPU perfor\u00e9e lat\u00e9ralement. Les canaux d&#8217;a\u00e9ration visibles le long du profil de la semelle interm\u00e9diaire sont prot\u00e9g\u00e9s par un filet en nylon mono-brin tr\u00e8s r\u00e9sistant pour \u00e9viter l&#8217;entr\u00e9e de cailloux et d&#8217;impuret\u00e9s. La tige mid-cut est r\u00e9alis\u00e9e avec une structure Nano-Cells 2.0\u2122 compos\u00e9e de cellules super respirantes qui travaillent en synergie avec la membrane GORE-TEX\u00ae SURROUND\u00ae pour une respirabilit\u00e9 augment\u00e9e sans pr\u00e9c\u00e9dent. La partie inf\u00e9rieure de la chaussure int\u00e8gre le Stability control System\u2122, syst\u00e8me de stabilisation anti-torsion qui int\u00e8gre les trous d&#8217;a\u00e9ration de la technologie GORE-TEX\u00ae SURROUND\u00ae. La semelle d&#8217;usure est en gomme Vibram XS Trek pour une excellente adh\u00e9rence sur terrains durs, mous et boueux. Respirabilit\u00e9 et confort \u00e0 360 degr\u00e9s.      <\/p>\n<p>Tige :<br \/>\nMesh haute r\u00e9sistance \u00e0 l&#8217;abrasion + structure Nano Cell 2.0 + bout renforc\u00e9 et talon en PU TechLite<\/p>\n<p>Doublure :<br \/>\nGORE-TEX\u00ae SURROUND\u00ae<\/p>\n<p>Semelle interm\u00e9diaire :<br \/>\nEVA \u00e0 compression amortissante avec flancs en TPU et canaux d&#8217;a\u00e9ration GORE-TEX\u00ae SURROUND\u2122<\/p>\n<p>Semelle de propret\u00e9 :<br \/>\nOrtholite Mountain Hiking 5 mm<\/p>\n<p>Semelle d&#8217;usure :<br \/>\nVibram XS Trek IBS<\/p>\n<p>Pointures :<br \/>\n38 \u2013 47,5 demi-pointures comprises<\/p>\n<p>Poids :<br \/>\n450 g la demi-paire pointure 42<\/p>\n","protected":false},"excerpt":{"rendered":"<p>Chaussure de randonn\u00e9e fast hiking mid-cut pour la randonn\u00e9e rapide. Elle adopte des solutions qui font partie de l&#8217;ADN montagne<\/p>\n","protected":false},"featured_media":60326,"template":"","meta":{"_seopress_robots_primary_cat":"none","_seopress_titles_title":"","_seopress_titles_desc":"","_seopress_robots_index":""},"product_brand":[3648],"product_cat":[173,1420,1432],"product_tag":[],"class_list":{"0":"post-462021","1":"product","2":"type-product","3":"status-publish","4":"has-post-thumbnail","6":"product_brand-la-sportiva-fr","7":"product_cat-chaussures","8":"product_cat-chaussures-de-loisirs","9":"product_cat-chaussures-pour-hommes","10":"sws-gruppo-abb-libero-fr","11":"sws-conto-ricavi-merci-rivendita-abbigliamento-fr","12":"sws-gruppo-iva-iva81-fr","14":"first","15":"instock","16":"shipping-taxable","17":"purchasable","18":"product-type-variable"},"_links":{"self":[{"href":"https:\/\/lucacastelli.com\/fr\/wp-json\/wp\/v2\/product\/462021","targetHints":{"allow":["GET"]}}],"collection":[{"href":"https:\/\/lucacastelli.com\/fr\/wp-json\/wp\/v2\/product"}],"about":[{"href":"https:\/\/lucacastelli.com\/fr\/wp-json\/wp\/v2\/types\/product"}],"wp:featuredmedia":[{"embeddable":true,"href":"https:\/\/lucacastelli.com\/fr\/wp-json\/wp\/v2\/media\/60326"}],"wp:attachment":[{"href":"https:\/\/lucacastelli.com\/fr\/wp-json\/wp\/v2\/media?parent=462021"}],"wp:term":[{"taxonomy":"product_brand","embeddable":true,"href":"https:\/\/lucacastelli.com\/fr\/wp-json\/wp\/v2\/product_brand?post=462021"},{"taxonomy":"product_cat","embeddable":true,"href":"https:\/\/lucacastelli.com\/fr\/wp-json\/wp\/v2\/product_cat?post=462021"},{"taxonomy":"product_tag","embeddable":true,"href":"https:\/\/lucacastelli.com\/fr\/wp-json\/wp\/v2\/product_tag?post=462021"}],"curies":[{"name":"wp","href":"https:\/\/api.w.org\/{rel}","templated":true}]}}