{"id":461942,"date":"2022-05-31T14:54:00","date_gmt":"2022-05-31T12:54:00","guid":{"rendered":"https:\/\/lucacastelli.com\/?post_type=product&#038;p=461942"},"modified":"2025-09-02T22:40:59","modified_gmt":"2025-09-02T20:40:59","slug":"la-sportiva-karakorum-evo-gtx","status":"publish","type":"product","link":"https:\/\/lucacastelli.com\/fr\/produit\/la-sportiva-karakorum-evo-gtx\/","title":{"rendered":"LA SPORTIVA Karakorum Evo GTX"},"content":{"rendered":"<p>Botte cramponnable en cuir : robuste et solide, recommand\u00e9e pour l\u2019alpinisme traditionnel.<\/p>\n<p>Evolution du mod\u00e8le Nepal Trek, il adopte la tige du mod\u00e8le Nepal Evo combin\u00e9e \u00e0 une structure moins rigide et plus l\u00e9g\u00e8re. Id\u00e9al pour l\u2019alpinisme traditionnel, le trekking exigeant et pour les professionnels de la randonn\u00e9e qui exigent toujours des performances maximales, dans toutes les conditions d\u2019utilisation. L\u2019utilisation d\u2019une doublure Gore-Tex\u00ae le rend compl\u00e8tement imperm\u00e9able et respirant. Coupe de la tige avec articulation \u00ab&nbsp;3D Flex System&nbsp;\u00bb, syst\u00e8me innovant d\u2019articulation de la cheville multidirectionnelle. Nouvelle forme ajust\u00e9e et confortable. Nouvelle semelle interm\u00e9diaire avec des \u00e9paisseurs diff\u00e9renci\u00e9es en PU absorbant les chocs dans les zones situ\u00e9es sous le talon et la plante du pied. Semelle exclusive avec technologie IBS (Impact Brake System), con\u00e7ue en collaboration avec Vibram\u00ae, con\u00e7ue pour r\u00e9duire l\u2019impact sur les terrains durs. La languette amovible avec syst\u00e8me de ventilation int\u00e9gr\u00e9, donne la possibilit\u00e9 d\u2019avoir un ajustement personnalis\u00e9 pour chaque pied. La boucle de sangle EZ OUT (brevet\u00e9e) facilite le d\u00e9verrouillage du la\u00e7age. Le nouveau mod\u00e8le ne p\u00e8se que 1700 g .         <\/p>\n<p>Tige : cuir Idro-Perwanger 2,8 mm + col haut en textile.<\/p>\n<p>Doublure : Gore-Tex\u00ae Performance Comfort.<\/p>\n<p>Semelle int\u00e9rieure : Nylon haute densit\u00e9 de 8 mm avec semelle intercalaire anti-torsion.<\/p>\n<p>Semelle : Vibram\u00ae avec syst\u00e8me de freinage \u00e0 impact.<\/p>\n<p>Tailles : 38 &#8211; 48 (y compris les demi-tailles)<\/p>\n<p>Poids : 1 750 g (paire, taille 42)<\/p>\n","protected":false},"excerpt":{"rendered":"<p>Botte cramponnable en cuir : robuste et solide, recommand\u00e9e pour l\u2019alpinisme traditionnel. Evolution du mod\u00e8le Nepal Trek, il adopte la<\/p>\n","protected":false},"featured_media":60454,"template":"","meta":{"_seopress_robots_primary_cat":"","_seopress_titles_title":"","_seopress_titles_desc":"","_seopress_robots_index":""},"product_brand":[3648],"product_cat":[173,1420,1432],"product_tag":[],"class_list":{"0":"post-461942","1":"product","2":"type-product","3":"status-publish","4":"has-post-thumbnail","6":"product_brand-la-sportiva-fr","7":"product_cat-chaussures","8":"product_cat-chaussures-de-loisirs","9":"product_cat-chaussures-pour-hommes","10":"sws-gruppo-abb-libero-fr","11":"sws-conto-ricavi-merci-rivendita-abbigliamento-fr","12":"sws-gruppo-iva-iva81-fr","14":"first","15":"instock","16":"shipping-taxable","17":"purchasable","18":"product-type-variable","19":"has-default-attributes"},"_links":{"self":[{"href":"https:\/\/lucacastelli.com\/fr\/wp-json\/wp\/v2\/product\/461942","targetHints":{"allow":["GET"]}}],"collection":[{"href":"https:\/\/lucacastelli.com\/fr\/wp-json\/wp\/v2\/product"}],"about":[{"href":"https:\/\/lucacastelli.com\/fr\/wp-json\/wp\/v2\/types\/product"}],"wp:featuredmedia":[{"embeddable":true,"href":"https:\/\/lucacastelli.com\/fr\/wp-json\/wp\/v2\/media\/60454"}],"wp:attachment":[{"href":"https:\/\/lucacastelli.com\/fr\/wp-json\/wp\/v2\/media?parent=461942"}],"wp:term":[{"taxonomy":"product_brand","embeddable":true,"href":"https:\/\/lucacastelli.com\/fr\/wp-json\/wp\/v2\/product_brand?post=461942"},{"taxonomy":"product_cat","embeddable":true,"href":"https:\/\/lucacastelli.com\/fr\/wp-json\/wp\/v2\/product_cat?post=461942"},{"taxonomy":"product_tag","embeddable":true,"href":"https:\/\/lucacastelli.com\/fr\/wp-json\/wp\/v2\/product_tag?post=461942"}],"curies":[{"name":"wp","href":"https:\/\/api.w.org\/{rel}","templated":true}]}}