{"id":461883,"date":"2022-05-31T14:18:03","date_gmt":"2022-05-31T12:18:03","guid":{"rendered":"https:\/\/lucacastelli.com\/?post_type=product&#038;p=461883"},"modified":"2026-04-18T01:26:33","modified_gmt":"2026-04-17T23:26:33","slug":"la-sportiva-trango-tower-femme-gtx","status":"publish","type":"product","link":"https:\/\/lucacastelli.com\/fr\/produit\/la-sportiva-trango-tower-femme-gtx\/","title":{"rendered":"LA SPORTIVA Trango Tower Woman GTX"},"content":{"rendered":"<p>Chaussure \u00e0 membrane Gore-Tex l\u00e9g\u00e8re et moderne avec l&#8217;esth\u00e9tique-fonctionnelle incontournable de la s\u00e9rie Trango, con\u00e7ue pour la randonn\u00e9e alpine, les via ferrata et le trekking m\u00eame avec charges lourdes.<\/p>\n<p>La tige est r\u00e9alis\u00e9e avec l\u2019exclusif tissu haute t\u00e9nacit\u00e9 avec des renforts monofilament et la technologie \u00e0 zones anti-abrasion diff\u00e9renci\u00e9es Honey-Comb Guard\u2122 positionn\u00e9es aux points les plus expos\u00e9s \u00e0 l\u2019abrasion. La ligne esth\u00e9tique caract\u00e9ristique Trango avec des coutures r\u00e9duites au minimum est fonctionnelle pour limiter le poids, auquel contribue \u00e9galement la semelle d\u2019usure r\u00e9alis\u00e9e par Vibram avec le dessin exclusif La Sportiva Cube \u00e0 \u00e9paisseurs all\u00e9g\u00e9es. La membrane Gore-Tex Performance Comfort garantit imperm\u00e9abilit\u00e9 et respirabilit\u00e9, la jonction de la cheville 3D-Flex System permet un meilleur contr\u00f4le en appui. Le la\u00e7age diff\u00e9renci\u00e9 entre la partie sup\u00e9rieure et inf\u00e9rieure permet un r\u00e9glage parfait des volumes pour un confort de chaussant optimal.<br \/>\nLa s\u00e9rie Trango s\u2019enrichit de contenus technico-esth\u00e9tiques toujours en avance sur son temps.   <\/p>\n<p>Tige : Nylon 6.6 haute t\u00e9nacit\u00e9 hydrofuge avec zones anti-abrasion Honey-Comb Guard\u2122 et FlexTec 3<br \/>\nInserts : Microfibre + Light PU thermocoll\u00e9<\/p>\n<p>Doublure : Gore-Tex Performance Comfort<\/p>\n<p>Sous-pied : Nylon 7 mm avec \u00e9paisseur augment\u00e9e dans la zone anti-torsion arri\u00e8re<\/p>\n<p>Semelle : La Sportiva Cube by Vibram\u00ae avec crampons \u00e0 \u00e9paisseur diff\u00e9renci\u00e9e Impact Brake System sur le talon et climbing-zone en pointe<\/p>\n<p>Brevet : design d\u00e9pos\u00e9<\/p>\n<p>Poids : 1 200 g la paire<\/p>\n","protected":false},"excerpt":{"rendered":"<p>Chaussure \u00e0 membrane Gore-Tex l\u00e9g\u00e8re et moderne avec l&#8217;esth\u00e9tique-fonctionnelle incontournable de la s\u00e9rie Trango, con\u00e7ue pour la randonn\u00e9e alpine, les<\/p>\n","protected":false},"featured_media":59959,"template":"","meta":{"_seopress_robots_primary_cat":"none","_seopress_titles_title":"","_seopress_titles_desc":"","_seopress_robots_index":""},"product_brand":[3648],"product_cat":[173,1420,1429],"product_tag":[],"class_list":{"0":"post-461883","1":"product","2":"type-product","3":"status-publish","4":"has-post-thumbnail","6":"product_brand-la-sportiva-fr","7":"product_cat-chaussures","8":"product_cat-chaussures-de-loisirs","9":"product_cat-chaussures-pour-femmes","10":"sws-gruppo-abb-libero-fr","11":"sws-conto-ricavi-merci-rivendita-abbigliamento-fr","12":"sws-gruppo-iva-iva81-fr","14":"first","15":"instock","16":"shipping-taxable","17":"purchasable","18":"product-type-variable"},"_links":{"self":[{"href":"https:\/\/lucacastelli.com\/fr\/wp-json\/wp\/v2\/product\/461883","targetHints":{"allow":["GET"]}}],"collection":[{"href":"https:\/\/lucacastelli.com\/fr\/wp-json\/wp\/v2\/product"}],"about":[{"href":"https:\/\/lucacastelli.com\/fr\/wp-json\/wp\/v2\/types\/product"}],"wp:featuredmedia":[{"embeddable":true,"href":"https:\/\/lucacastelli.com\/fr\/wp-json\/wp\/v2\/media\/59959"}],"wp:attachment":[{"href":"https:\/\/lucacastelli.com\/fr\/wp-json\/wp\/v2\/media?parent=461883"}],"wp:term":[{"taxonomy":"product_brand","embeddable":true,"href":"https:\/\/lucacastelli.com\/fr\/wp-json\/wp\/v2\/product_brand?post=461883"},{"taxonomy":"product_cat","embeddable":true,"href":"https:\/\/lucacastelli.com\/fr\/wp-json\/wp\/v2\/product_cat?post=461883"},{"taxonomy":"product_tag","embeddable":true,"href":"https:\/\/lucacastelli.com\/fr\/wp-json\/wp\/v2\/product_tag?post=461883"}],"curies":[{"name":"wp","href":"https:\/\/api.w.org\/{rel}","templated":true}]}}