{"id":461822,"date":"2025-06-01T00:36:13","date_gmt":"2025-05-31T22:36:13","guid":{"rendered":"https:\/\/lucacastelli.com\/prodotto\/km-94-rc-e\/"},"modified":"2025-06-28T19:11:24","modified_gmt":"2025-06-28T17:11:24","slug":"km-94-rc-e","status":"publish","type":"product","link":"https:\/\/lucacastelli.com\/fr\/produit\/km-94-rc-e\/","title":{"rendered":"STIHL KM 94 RC-E"},"content":{"rendered":"<p>Moteur combin\u00e9 l\u00e9ger et maniable pour une utilisation professionnelle. STIHL ErgoStart, fonction de charge partielle ECOSPEED, poign\u00e9e circulaire, bandouli\u00e8re, moteur 2-MIX, bouton d&#8217;arr\u00eat.<br \/>\n886661778812 <\/p>\n<p>Cylindr\u00e9e 24.1<br \/>\nPuissance Puissance<\/p>\n<p>Puissance<br \/>\nPuissance 1.20<br \/>\nCO2 794<\/p>\n","protected":false},"excerpt":{"rendered":"<p>KM 94 RC-E<\/p>\n","protected":false},"featured_media":430369,"template":"","meta":{"_seopress_robots_primary_cat":"","_seopress_titles_title":"","_seopress_titles_desc":"","_seopress_robots_index":""},"product_brand":[3555],"product_cat":[167,1638],"product_tag":[3267],"class_list":{"0":"post-461822","1":"product","2":"type-product","3":"status-publish","4":"has-post-thumbnail","6":"product_brand-stihl-fr","7":"product_cat-machines","8":"product_cat-systemes-kombi-et-multi","9":"product_tag-import-stihl-fr","10":"sws-gruppo-macchinari-fr","11":"sws-conto-ricavi-merci-rivendita-macchinari-fr","12":"sws-gruppo-iva-iva81-fr","14":"first","15":"onbackorder","16":"purchasable","17":"product-type-simple"},"_links":{"self":[{"href":"https:\/\/lucacastelli.com\/fr\/wp-json\/wp\/v2\/product\/461822","targetHints":{"allow":["GET"]}}],"collection":[{"href":"https:\/\/lucacastelli.com\/fr\/wp-json\/wp\/v2\/product"}],"about":[{"href":"https:\/\/lucacastelli.com\/fr\/wp-json\/wp\/v2\/types\/product"}],"wp:featuredmedia":[{"embeddable":true,"href":"https:\/\/lucacastelli.com\/fr\/wp-json\/wp\/v2\/media\/430369"}],"wp:attachment":[{"href":"https:\/\/lucacastelli.com\/fr\/wp-json\/wp\/v2\/media?parent=461822"}],"wp:term":[{"taxonomy":"product_brand","embeddable":true,"href":"https:\/\/lucacastelli.com\/fr\/wp-json\/wp\/v2\/product_brand?post=461822"},{"taxonomy":"product_cat","embeddable":true,"href":"https:\/\/lucacastelli.com\/fr\/wp-json\/wp\/v2\/product_cat?post=461822"},{"taxonomy":"product_tag","embeddable":true,"href":"https:\/\/lucacastelli.com\/fr\/wp-json\/wp\/v2\/product_tag?post=461822"}],"curies":[{"name":"wp","href":"https:\/\/api.w.org\/{rel}","templated":true}]}}