{"id":461793,"date":"2022-06-03T11:04:26","date_gmt":"2022-06-03T09:04:26","guid":{"rendered":"https:\/\/lucacastelli.com\/?post_type=product&#038;p=461793"},"modified":"2025-07-29T09:06:43","modified_gmt":"2025-07-29T07:06:43","slug":"la-sportiva-tarantula-femme","status":"publish","type":"product","link":"https:\/\/lucacastelli.com\/fr\/produit\/la-sportiva-tarantula-femme\/","title":{"rendered":"LA SPORTIVA Tarantula Femme"},"content":{"rendered":"<p>Mise \u00e0 jour esth\u00e9tique de Tarantula, une chaussure polyvalente id\u00e9ale pour ceux qui abordent le monde de l\u2019escalade et pour une utilisation en salle de sport. La\u00e7age rapide et fonctionnel, forme neutre adapt\u00e9e \u00e0 tous les types de pieds. La semelle FriXion\u00ae Black extra \u00e9paisse de 4 mm assure la durabilit\u00e9. La languette absorbant la transpiration, con\u00e7ue pour une utilisation prolong\u00e9e en int\u00e9rieur, est compos\u00e9e de deux parties qui se chevauchent : elle facilite l\u2019ajustement et \u00e9vite la formation de plis. La fermeture rapide auto-agrippante contribue \u00e0 la structure de la chaussure. Id\u00e9al pour ceux qui d\u00e9butent dans l\u2019escalade.     <\/p>\n<p>Empeigne&nbsp;:<br \/>\nCuir de veau velours, construction tubulaire<\/p>\n<p>Doublure&nbsp;:<br \/>\nArri\u00e8re Non, Pacifique Avant (insert de r\u00e9tention de forme)<\/p>\n<p>Semelle interm\u00e9diaire :<br \/>\n LaSpoFlex 1,8 mm<\/p>\n<p>Tailles&nbsp;:<br \/>\n34- 50<\/p>\n<p>Poids&nbsp;:<br \/>\n240 (demi-paire)<\/p>\n","protected":false},"excerpt":{"rendered":"<p>Mise \u00e0 jour esth\u00e9tique de Tarantula, une chaussure polyvalente id\u00e9ale pour ceux qui abordent le monde de l\u2019escalade et pour<\/p>\n","protected":false},"featured_media":62401,"template":"","meta":{"_seopress_robots_primary_cat":"","_seopress_titles_title":"","_seopress_titles_desc":"","_seopress_robots_index":""},"product_brand":[3648],"product_cat":[173,1420,1429],"product_tag":[],"class_list":{"0":"post-461793","1":"product","2":"type-product","3":"status-publish","4":"has-post-thumbnail","6":"product_brand-la-sportiva-fr","7":"product_cat-chaussures","8":"product_cat-chaussures-de-loisirs","9":"product_cat-chaussures-pour-femmes","10":"sws-gruppo-abb-libero-fr","11":"sws-conto-ricavi-merci-rivendita-abbigliamento-fr","12":"sws-gruppo-iva-iva81-fr","14":"first","15":"instock","16":"shipping-taxable","17":"purchasable","18":"product-type-variable"},"_links":{"self":[{"href":"https:\/\/lucacastelli.com\/fr\/wp-json\/wp\/v2\/product\/461793","targetHints":{"allow":["GET"]}}],"collection":[{"href":"https:\/\/lucacastelli.com\/fr\/wp-json\/wp\/v2\/product"}],"about":[{"href":"https:\/\/lucacastelli.com\/fr\/wp-json\/wp\/v2\/types\/product"}],"wp:featuredmedia":[{"embeddable":true,"href":"https:\/\/lucacastelli.com\/fr\/wp-json\/wp\/v2\/media\/62401"}],"wp:attachment":[{"href":"https:\/\/lucacastelli.com\/fr\/wp-json\/wp\/v2\/media?parent=461793"}],"wp:term":[{"taxonomy":"product_brand","embeddable":true,"href":"https:\/\/lucacastelli.com\/fr\/wp-json\/wp\/v2\/product_brand?post=461793"},{"taxonomy":"product_cat","embeddable":true,"href":"https:\/\/lucacastelli.com\/fr\/wp-json\/wp\/v2\/product_cat?post=461793"},{"taxonomy":"product_tag","embeddable":true,"href":"https:\/\/lucacastelli.com\/fr\/wp-json\/wp\/v2\/product_tag?post=461793"}],"curies":[{"name":"wp","href":"https:\/\/api.w.org\/{rel}","templated":true}]}}