{"id":461777,"date":"2025-06-01T00:36:05","date_gmt":"2025-05-31T22:36:05","guid":{"rendered":"https:\/\/lucacastelli.com\/prodotto\/fs-94-rc-e\/"},"modified":"2025-09-06T16:58:01","modified_gmt":"2025-09-06T14:58:01","slug":"fs-94-rc-e","status":"publish","type":"product","link":"https:\/\/lucacastelli.com\/fr\/produit\/fs-94-rc-e\/","title":{"rendered":"STIHL FS 94 RC-E"},"content":{"rendered":"<p>La d\u00e9broussailleuse la plus l\u00e9g\u00e8re de cette gamme. Syst\u00e8me anti-vibration STIHL 1-point, ErgoStart, poign\u00e9e circulaire, poign\u00e9e de contr\u00f4le avec fonction ECOSPEED, moteur 2-MIX, arbre droit, bandouli\u00e8re simple.<br \/>\n886661778744 <\/p>\n<p>Cylindr\u00e9e 24.1<br \/>\nPuissance Puissance<\/p>\n<p>Puissance<br \/>\nPuissance 1.20<br \/>\nCO2 794<\/p>\n","protected":false},"excerpt":{"rendered":"<p>FS 94 RC-E<\/p>\n","protected":false},"featured_media":430357,"template":"","meta":{"_seopress_robots_primary_cat":"","_seopress_titles_title":"","_seopress_titles_desc":"","_seopress_robots_index":""},"product_brand":[3555],"product_cat":[1586,1602,167],"product_tag":[3267],"class_list":{"0":"post-461777","1":"product","2":"type-product","3":"status-publish","4":"has-post-thumbnail","6":"product_brand-stihl-fr","7":"product_cat-debroussailleuses-et-coupe-bordures","8":"product_cat-debroussailleuses-et-coupe-bordures-a-moteur","9":"product_cat-machines","10":"product_tag-import-stihl-fr","11":"sws-gruppo-macchinari-fr","12":"sws-conto-ricavi-merci-rivendita-macchinari-fr","13":"sws-gruppo-iva-iva81-fr","15":"first","16":"onbackorder","17":"purchasable","18":"product-type-simple"},"_links":{"self":[{"href":"https:\/\/lucacastelli.com\/fr\/wp-json\/wp\/v2\/product\/461777","targetHints":{"allow":["GET"]}}],"collection":[{"href":"https:\/\/lucacastelli.com\/fr\/wp-json\/wp\/v2\/product"}],"about":[{"href":"https:\/\/lucacastelli.com\/fr\/wp-json\/wp\/v2\/types\/product"}],"wp:featuredmedia":[{"embeddable":true,"href":"https:\/\/lucacastelli.com\/fr\/wp-json\/wp\/v2\/media\/430357"}],"wp:attachment":[{"href":"https:\/\/lucacastelli.com\/fr\/wp-json\/wp\/v2\/media?parent=461777"}],"wp:term":[{"taxonomy":"product_brand","embeddable":true,"href":"https:\/\/lucacastelli.com\/fr\/wp-json\/wp\/v2\/product_brand?post=461777"},{"taxonomy":"product_cat","embeddable":true,"href":"https:\/\/lucacastelli.com\/fr\/wp-json\/wp\/v2\/product_cat?post=461777"},{"taxonomy":"product_tag","embeddable":true,"href":"https:\/\/lucacastelli.com\/fr\/wp-json\/wp\/v2\/product_tag?post=461777"}],"curies":[{"name":"wp","href":"https:\/\/api.w.org\/{rel}","templated":true}]}}