{"id":461717,"date":"2022-05-31T21:18:00","date_gmt":"2022-05-31T19:18:00","guid":{"rendered":"https:\/\/lucacastelli.com\/?post_type=product&#038;p=461717"},"modified":"2025-07-29T09:06:46","modified_gmt":"2025-07-29T07:06:46","slug":"la-sportiva-hyper-gtx","status":"publish","type":"product","link":"https:\/\/lucacastelli.com\/fr\/produit\/la-sportiva-hyper-gtx\/","title":{"rendered":"LA SPORTIVA Hyper GTX"},"content":{"rendered":"<p>Chaussure d\u2019approche en cuir, fabriqu\u00e9e avec des solutions innovantes dans la construction de la tige et du syst\u00e8me semelle\/semelle interm\u00e9diaire d\u00e9velopp\u00e9e sp\u00e9cifiquement par La Sportiva pour le monde de l\u2019approche.<\/p>\n<p>DESCRIPTION L\u2019ajustement<br \/>\nest ergonomique et pr\u00e9cis gr\u00e2ce au syst\u00e8me de montage particulier de la biellette tout autour qui enveloppe la chaussure \u00e0 360 \u00b0 en se connectant au syst\u00e8me de la\u00e7age. Le tirant s\u2019enroule \u00e9galement autour de la semelle interm\u00e9diaire d\u2019une mani\u00e8re innovante \u00e0 l\u2019avant, contribuant \u00e0 la r\u00e9partition uniforme de la tension dans toute la chaussure. Ce syst\u00e8me de construction d\u00e9rive du savoir-faire d\u00e9velopp\u00e9 par La Sportiva dans le monde des chaussons d\u2019escalade. L\u2019embout en caoutchouc est \u00e9galement d\u00e9riv\u00e9 des chaussons d\u2019escalade avec une construction qui permet une continuit\u00e9 entre le bord et la semelle pour une plus grande sensibilit\u00e9 lors de l\u2019escalade. La semelle interm\u00e9diaire en EVA est dot\u00e9e d\u2019une plate-forme \u00ab&nbsp;Rock Guard&nbsp;\u00bb \u00e0 la pointe et d\u2019un insert absorbant les chocs \u00e0 l\u2019arri\u00e8re, pour faciliter le soutien de la cheville tout en \u00e9vitant les torsions non naturelles. La semelle Vibram Idrogrip a \u00e9t\u00e9 fabriqu\u00e9e avec des caract\u00e9ristiques sp\u00e9cifiques pour l\u2019approche et est \u00e9quip\u00e9e d\u2019un syst\u00e8me de freinage \u00e0 impact sur le talon et \u00e0 l\u2019int\u00e9rieur, de crampons \u00e0 ventouse \u00e0 l\u2019ext\u00e9rieur et de zones d\u2019escalade sur la pointe. Le nec plus ultra de la technologie La Sportiva appliqu\u00e9e \u00e0 la chaussure d\u2019approche.      <\/p>\n<p>Empeigne&nbsp;:<br \/>\nTirette en daim + cuir PU tout autour avec renforts en cuir.<\/p>\n<p>Doublure&nbsp;:<br \/>\nGore-Tex\u00ae Extended Comfort.<\/p>\n<p>Semelle interm\u00e9diaire :<br \/>\n En compression MEMlex EVA avec coussin d\u2019injection EVA souple + plate-forme \u00ab&nbsp;Rock Guard&nbsp;\u00bb \u00e0 densit\u00e9 suppl\u00e9mentaire + insert arri\u00e8re en TPU anti-torsion et stabilisateur.<\/p>\n<p>Forme&nbsp;:<br \/>\n Ergonomique, construction de chaussette.<\/p>\n<p>Semelle :<br \/>\n Vibram\u00ae Idrogrip avec Impact Brake System + zone d\u2019escalade \u00e0 la pointe.<\/p>\n<p>Tailles :<br \/>\n37 &#8211; 47,5 (y compris les demi-tailles)<\/p>\n<p>Poids :<br \/>\n 450 g (demi-paire, taille 42)<\/p>\n","protected":false},"excerpt":{"rendered":"<p>Chaussure d\u2019approche en cuir, fabriqu\u00e9e avec des solutions innovantes dans la construction de la tige et du syst\u00e8me semelle\/semelle interm\u00e9diaire<\/p>\n","protected":false},"featured_media":61898,"template":"","meta":{"_seopress_robots_primary_cat":"","_seopress_titles_title":"","_seopress_titles_desc":"","_seopress_robots_index":""},"product_brand":[3419],"product_cat":[28,568,569],"product_tag":[],"class_list":{"0":"post-461717","1":"product","2":"type-product","3":"status-publish","4":"has-post-thumbnail","6":"product_brand-la-sportiva","7":"product_cat-calzature","8":"product_cat-calzature-per-il-tempo-libero","9":"product_cat-calzature-da-uomo","10":"sws-gruppo-abb-libero-fr","11":"sws-conto-ricavi-merci-rivendita-abbigliamento-fr","12":"sws-gruppo-iva-iva81-fr","14":"first","15":"instock","16":"shipping-taxable","17":"purchasable","18":"product-type-variable"},"_links":{"self":[{"href":"https:\/\/lucacastelli.com\/fr\/wp-json\/wp\/v2\/product\/461717","targetHints":{"allow":["GET"]}}],"collection":[{"href":"https:\/\/lucacastelli.com\/fr\/wp-json\/wp\/v2\/product"}],"about":[{"href":"https:\/\/lucacastelli.com\/fr\/wp-json\/wp\/v2\/types\/product"}],"wp:featuredmedia":[{"embeddable":true,"href":"https:\/\/lucacastelli.com\/fr\/wp-json\/wp\/v2\/media\/61898"}],"wp:attachment":[{"href":"https:\/\/lucacastelli.com\/fr\/wp-json\/wp\/v2\/media?parent=461717"}],"wp:term":[{"taxonomy":"product_brand","embeddable":true,"href":"https:\/\/lucacastelli.com\/fr\/wp-json\/wp\/v2\/product_brand?post=461717"},{"taxonomy":"product_cat","embeddable":true,"href":"https:\/\/lucacastelli.com\/fr\/wp-json\/wp\/v2\/product_cat?post=461717"},{"taxonomy":"product_tag","embeddable":true,"href":"https:\/\/lucacastelli.com\/fr\/wp-json\/wp\/v2\/product_tag?post=461717"}],"curies":[{"name":"wp","href":"https:\/\/api.w.org\/{rel}","templated":true}]}}