{"id":461679,"date":"2022-05-31T20:01:58","date_gmt":"2022-05-31T18:01:58","guid":{"rendered":"https:\/\/lucacastelli.com\/?post_type=product&#038;p=461679"},"modified":"2025-07-29T09:06:39","modified_gmt":"2025-07-29T07:06:39","slug":"la-sportiva-katana","status":"publish","type":"product","link":"https:\/\/lucacastelli.com\/fr\/produit\/la-sportiva-katana\/","title":{"rendered":"LA SPORTIVA Katana"},"content":{"rendered":"<p>Chausson d\u2019escalade technique avec fermeture innovante, compos\u00e9 de deux sangles de fermeture auto-agrippantes avec direction de traction diff\u00e9renci\u00e9e et oppos\u00e9e. Id\u00e9al pour une utilisation polyvalente en montagne, en falaise et en bloc. L\u2019association r\u00e9ussie de mati\u00e8res synth\u00e9tiques et naturelles offre le meilleur compromis entre confort, performance technique et inalt\u00e9rabilit\u00e9 dans le temps. Une semelle interm\u00e9diaire sp\u00e9ciale avec zone de pr\u00e9hension sous la pointe offre un soutien optimal pour les carres, augmentant ainsi la sensibilit\u00e9.   <\/p>\n<p>Tige&nbsp;:<br \/>\nSu\u00e8de combin\u00e9 \u00e0 de la microfibre, antid\u00e9rapant.<\/p>\n<p>Doublure :<br \/>\n Dentex \u00e0 l\u2019arri\u00e8re, Pacific \u00e0 l\u2019avant.<\/p>\n<p>Semelle interm\u00e9diaire :<br \/>\n LaSpoFlex 1,1 mm au total.<\/p>\n<p>Semelle&nbsp;:<br \/>\n Vibram XS Edge 4 mm d\u2019\u00e9paisseur<\/p>\n<p>Tailles :<br \/>\n33 &#8211; 46 (y compris les demi-tailles)<\/p>\n<p>Poids :<br \/>\n 470 g (la paire, taille 39)<\/p>\n","protected":false},"excerpt":{"rendered":"<p>Chausson d\u2019escalade technique avec fermeture innovante, compos\u00e9 de deux sangles de fermeture auto-agrippantes avec direction de traction diff\u00e9renci\u00e9e et oppos\u00e9e.<\/p>\n","protected":false},"featured_media":61784,"template":"","meta":{"_seopress_robots_primary_cat":"","_seopress_titles_title":"","_seopress_titles_desc":"","_seopress_robots_index":""},"product_brand":[3648],"product_cat":[173,1420,1432],"product_tag":[],"class_list":{"0":"post-461679","1":"product","2":"type-product","3":"status-publish","4":"has-post-thumbnail","6":"product_brand-la-sportiva-fr","7":"product_cat-chaussures","8":"product_cat-chaussures-de-loisirs","9":"product_cat-chaussures-pour-hommes","10":"sws-gruppo-abb-libero-fr","11":"sws-conto-ricavi-merci-rivendita-abbigliamento-fr","12":"sws-gruppo-iva-iva81-fr","14":"first","15":"instock","16":"shipping-taxable","17":"purchasable","18":"product-type-variable"},"_links":{"self":[{"href":"https:\/\/lucacastelli.com\/fr\/wp-json\/wp\/v2\/product\/461679","targetHints":{"allow":["GET"]}}],"collection":[{"href":"https:\/\/lucacastelli.com\/fr\/wp-json\/wp\/v2\/product"}],"about":[{"href":"https:\/\/lucacastelli.com\/fr\/wp-json\/wp\/v2\/types\/product"}],"wp:featuredmedia":[{"embeddable":true,"href":"https:\/\/lucacastelli.com\/fr\/wp-json\/wp\/v2\/media\/61784"}],"wp:attachment":[{"href":"https:\/\/lucacastelli.com\/fr\/wp-json\/wp\/v2\/media?parent=461679"}],"wp:term":[{"taxonomy":"product_brand","embeddable":true,"href":"https:\/\/lucacastelli.com\/fr\/wp-json\/wp\/v2\/product_brand?post=461679"},{"taxonomy":"product_cat","embeddable":true,"href":"https:\/\/lucacastelli.com\/fr\/wp-json\/wp\/v2\/product_cat?post=461679"},{"taxonomy":"product_tag","embeddable":true,"href":"https:\/\/lucacastelli.com\/fr\/wp-json\/wp\/v2\/product_tag?post=461679"}],"curies":[{"name":"wp","href":"https:\/\/api.w.org\/{rel}","templated":true}]}}