{"id":461545,"date":"2022-05-31T19:30:47","date_gmt":"2022-05-31T17:30:47","guid":{"rendered":"https:\/\/lucacastelli.com\/?post_type=product&#038;p=461545"},"modified":"2025-07-29T09:07:00","modified_gmt":"2025-07-29T07:07:00","slug":"la-sportiva-skwama-femme","status":"publish","type":"product","link":"https:\/\/lucacastelli.com\/fr\/produit\/la-sportiva-skwama-femme\/","title":{"rendered":"LA SPORTIVA Skwama Femme"},"content":{"rendered":"<p>Comme les \u00e9cailles d\u2019un serpent, Skwama est le chausson d\u2019escalade super sensible et enveloppant, capable de soutenir le grimpeur dans ses mouvements les plus techniques sur les surplombs. (int\u00e9rieur et ext\u00e9rieur) et sur les dalles. Con\u00e7u pour la performance, ce mod\u00e8le est extr\u00eamement flexible gr\u00e2ce \u00e0 la nouvelle construction de la semelle, ce qui augmente la possibilit\u00e9 d\u2019utiliser la chaussure \u00e9tal\u00e9e sur la roche de mani\u00e8re homog\u00e8ne et uniforme. La tige en daim et en microfibre enveloppe parfaitement le pied en \u00e9liminant les zones rigides et les vides internes, favorisant la stabilit\u00e9 en torsion, gr\u00e2ce \u00e9galement \u00e0 la coque innovante brevet\u00e9e S-Heel \u2122 qui maintient la stabilit\u00e9 en accentuant les performances et l\u2019adaptabilit\u00e9 de la chaussure lors des crochets de talon. Le mod\u00e8le Skwama \u2122 en caoutchouc de protection et ultra-collant \u00e0 la pointe prot\u00e8ge contre l\u2019abrasion et forme une surface adh\u00e9rente pour les crochets d\u2019orteil. La semelle Vibram XS-Grip2 offre une adh\u00e9rence maximale sur tout type de mur. Skwama : s\u2019adapte comme une peau, prot\u00e8ge comme une \u00e9chelle.      <\/p>\n<p>Empeigne&nbsp;:<br \/>\n Microfibre en combinaison avec du daim, construction tubulaire.<\/p>\n<p>Doublure&nbsp;:<br \/>\nAucune.<\/p>\n<p>Semelle interm\u00e9diaire :<br \/>\n LaSpoFlex 0,8 mm + syst\u00e8me P3.<\/p>\n<p>Semelle ext\u00e9rieure&nbsp;:<br \/>\n3.5 mm Vibram XS Grip2<\/p>\n<p>Brevets :<br \/>\n Plate-forme d\u2019alimentation permanente.<\/p>\n<p>Tailles :<br \/>\n33 &#8211; 42 (y compris les demi-tailles)<\/p>\n<p>Poids :<br \/>\n 420 g (paire, taille 39)<\/p>\n","protected":false},"excerpt":{"rendered":"<p>Comme les \u00e9cailles d\u2019un serpent, Skwama est le chausson d\u2019escalade super sensible et enveloppant, capable de soutenir le grimpeur dans<\/p>\n","protected":false},"featured_media":61586,"template":"","meta":{"_seopress_robots_primary_cat":"","_seopress_titles_title":"","_seopress_titles_desc":"","_seopress_robots_index":""},"product_brand":[3648],"product_cat":[173,1420,1429],"product_tag":[],"class_list":{"0":"post-461545","1":"product","2":"type-product","3":"status-publish","4":"has-post-thumbnail","6":"product_brand-la-sportiva-fr","7":"product_cat-chaussures","8":"product_cat-chaussures-de-loisirs","9":"product_cat-chaussures-pour-femmes","10":"sws-gruppo-abb-libero-fr","11":"sws-conto-ricavi-merci-rivendita-abbigliamento","12":"sws-gruppo-iva-iva81","14":"first","15":"instock","16":"shipping-taxable","17":"purchasable","18":"product-type-variable"},"_links":{"self":[{"href":"https:\/\/lucacastelli.com\/fr\/wp-json\/wp\/v2\/product\/461545","targetHints":{"allow":["GET"]}}],"collection":[{"href":"https:\/\/lucacastelli.com\/fr\/wp-json\/wp\/v2\/product"}],"about":[{"href":"https:\/\/lucacastelli.com\/fr\/wp-json\/wp\/v2\/types\/product"}],"wp:featuredmedia":[{"embeddable":true,"href":"https:\/\/lucacastelli.com\/fr\/wp-json\/wp\/v2\/media\/61586"}],"wp:attachment":[{"href":"https:\/\/lucacastelli.com\/fr\/wp-json\/wp\/v2\/media?parent=461545"}],"wp:term":[{"taxonomy":"product_brand","embeddable":true,"href":"https:\/\/lucacastelli.com\/fr\/wp-json\/wp\/v2\/product_brand?post=461545"},{"taxonomy":"product_cat","embeddable":true,"href":"https:\/\/lucacastelli.com\/fr\/wp-json\/wp\/v2\/product_cat?post=461545"},{"taxonomy":"product_tag","embeddable":true,"href":"https:\/\/lucacastelli.com\/fr\/wp-json\/wp\/v2\/product_tag?post=461545"}],"curies":[{"name":"wp","href":"https:\/\/api.w.org\/{rel}","templated":true}]}}