{"id":461540,"date":"2026-02-26T11:59:45","date_gmt":"2026-02-26T10:59:45","guid":{"rendered":"https:\/\/lucacastelli.com\/?post_type=product&#038;p=461540"},"modified":"2026-02-26T15:29:12","modified_gmt":"2026-02-26T14:29:12","slug":"la-sportiva-nepal-jaune-extreme","status":"publish","type":"product","link":"https:\/\/lucacastelli.com\/fr\/produit\/la-sportiva-nepal-jaune-extreme\/","title":{"rendered":"LA SPORTIVA Nepal Extreme Yellow"},"content":{"rendered":"<p>La chaussure id\u00e9ale pour les utilisations techniques sur terrains de haute altitude et glace.<\/p>\n<p>Variante thermique du mod\u00e8le Nepal Top. Pr\u00e9sente l&#8217;innovante doublure thermique Synergy \u00e0 triple couche qui garantit une transpiration maximale. La boucle en sangle EZ OUT (brevet\u00e9e) facilite le d\u00e9verrouillage du bloque-lacet. Semelle intercalaire HP3 qui \u00e9limine tout probl\u00e8me d&#8217;usure sur la pointe gr\u00e2ce \u00e0 une nouvelle combinaison de mat\u00e9riaux techniques tr\u00e8s performants.   <\/p>\n<p>Tige : Cuir Idro-Perwanger\u00ae hydrofuge 3+ mm<\/p>\n<p>Doublure : PrimaLoft\u00ae Gold Insulation Eco<\/p>\n<p>Semelle intercalaire : Polyur\u00e9thane 6 mm avec fixation crampon \u00e0 l&#8217;avant<\/p>\n<p>Semelle int\u00e9rieure : Ibi-Thermo isolante 9 mm<\/p>\n<p>Poids : 2 110 g la paire<\/p>\n<p>Pointures : 38 &#8211; 48 (+1\/2) (49 &#8211; 50 sur demande)<\/p>\n<p>Semelle : Vibram\u00ae Impact Brake System ressemblable. Compatible crampons int\u00e9gral. <\/p>\n","protected":false},"excerpt":{"rendered":"<p>La chaussure id\u00e9ale pour les utilisations techniques sur terrains de haute altitude et glace. Variante thermique du mod\u00e8le Nepal Top.<\/p>\n","protected":false},"featured_media":61210,"template":"","meta":{"_seopress_robots_primary_cat":"none","_seopress_titles_title":"","_seopress_titles_desc":"","_seopress_robots_index":""},"product_brand":[3419],"product_cat":[28,568,569],"product_tag":[],"class_list":{"0":"post-461540","1":"product","2":"type-product","3":"status-publish","4":"has-post-thumbnail","6":"product_brand-la-sportiva","7":"product_cat-calzature","8":"product_cat-calzature-per-il-tempo-libero","9":"product_cat-calzature-da-uomo","10":"sws-gruppo-abb-libero-fr","11":"sws-conto-ricavi-merci-rivendita-abbigliamento-fr","12":"sws-gruppo-iva-iva81-fr","14":"first","15":"instock","16":"shipping-taxable","17":"purchasable","18":"product-type-variable","19":"has-default-attributes"},"_links":{"self":[{"href":"https:\/\/lucacastelli.com\/fr\/wp-json\/wp\/v2\/product\/461540","targetHints":{"allow":["GET"]}}],"collection":[{"href":"https:\/\/lucacastelli.com\/fr\/wp-json\/wp\/v2\/product"}],"about":[{"href":"https:\/\/lucacastelli.com\/fr\/wp-json\/wp\/v2\/types\/product"}],"wp:featuredmedia":[{"embeddable":true,"href":"https:\/\/lucacastelli.com\/fr\/wp-json\/wp\/v2\/media\/61210"}],"wp:attachment":[{"href":"https:\/\/lucacastelli.com\/fr\/wp-json\/wp\/v2\/media?parent=461540"}],"wp:term":[{"taxonomy":"product_brand","embeddable":true,"href":"https:\/\/lucacastelli.com\/fr\/wp-json\/wp\/v2\/product_brand?post=461540"},{"taxonomy":"product_cat","embeddable":true,"href":"https:\/\/lucacastelli.com\/fr\/wp-json\/wp\/v2\/product_cat?post=461540"},{"taxonomy":"product_tag","embeddable":true,"href":"https:\/\/lucacastelli.com\/fr\/wp-json\/wp\/v2\/product_tag?post=461540"}],"curies":[{"name":"wp","href":"https:\/\/api.w.org\/{rel}","templated":true}]}}