{"id":461490,"date":"2026-03-04T16:10:05","date_gmt":"2026-03-04T15:10:05","guid":{"rendered":"https:\/\/lucacastelli.com\/prodotto\/la-sportiva-travail-extreme-au-nepal\/"},"modified":"2026-03-04T18:38:22","modified_gmt":"2026-03-04T17:38:22","slug":"la-sportiva-travail-extreme-au-nepal","status":"publish","type":"product","link":"https:\/\/lucacastelli.com\/fr\/produit\/la-sportiva-travail-extreme-au-nepal\/","title":{"rendered":"LA SPORTIVA Nepal Extreme Work"},"content":{"rendered":"<p>La Nepal Extreme Work reprend les caract\u00e9ristiques de la chaussure d&#8217;alpinisme Nepal Extreme de La Sportiva pour un usage professionnel.<br \/>\nCette chaussure universellement compatible crampons (automatique, semi-automatique, \u00e0 lani\u00e8res) sera votre meilleur alli\u00e9 pour une excellente protection, quel que soit l&#8217;usage.<br \/>\nId\u00e9ale pour la haute altitude et les glaciers, cette chaussure s&#8217;appuie sur les qualit\u00e9s de la Nepal Extreme, dot\u00e9e d&#8217;un rev\u00eatement int\u00e9rieur innovant &#8220;Synergy&#8221; \u00e0 trois couches : une couche isolante en Thinsulate\u00ae, une membrane perm\u00e9able \u00e0 la vapeur et un mat\u00e9riau imperm\u00e9able.<br \/>\nLa premi\u00e8re isolation en Ibi-Thermo conf\u00e8re \u00e0 la chaussure une isolation exceptionnelle contre le froid. Nepal Extreme offre la possibilit\u00e9 d&#8217;utiliser des crampons \u00e0 fixation rapide. La nouvelle languette amovible EZ FLEX (brevet\u00e9e) permet un ajustement personnalis\u00e9 pour chaque pied. La partie en tissu EZ OUT (brevet\u00e9e) facilite le desserrage des lacets.<br \/>\nLa nouvelle semelle interm\u00e9diaire HP3 offre un excellent amorti malgr\u00e9 la rigidit\u00e9 de la semelle. La Nepal Extreme est \u00e9quip\u00e9e d&#8217;une semelle de propret\u00e9 thermique et amovible. Cette chaussure est fabriqu\u00e9e \u00e0 la main en Italie.<br \/>\nSoyez bien \u00e9quip\u00e9 avec les Nepal Extreme Work.     <\/p>\n<p>Tige : Cuir hydrofuge Idro-Perwanger\u00ae 3+ mm<br \/>\nDoublure : Synergy thermique<br \/>\nPremi\u00e8re : isolation Ibi-Thermo de 9 mm<br \/>\nSemelle : Vibram\u00ae Impact Brake System ressemblable. Compatible avec crampons automatiques<br \/>\nPoids : 2250 g (paire taille 42) <\/p>\n","protected":false},"excerpt":{"rendered":"<p>La Nepal Extreme Work reprend les caract\u00e9ristiques de la chaussure d&#8217;alpinisme Nepal Extreme de La Sportiva pour un usage professionnel.<\/p>\n","protected":false},"featured_media":767243,"template":"","meta":{"_seopress_robots_primary_cat":"none","_seopress_titles_title":"","_seopress_titles_desc":"","_seopress_robots_index":""},"product_brand":[3648],"product_cat":[173,1423],"product_tag":[],"class_list":{"0":"post-461490","1":"product","2":"type-product","3":"status-publish","4":"has-post-thumbnail","6":"product_brand-la-sportiva-fr","7":"product_cat-chaussures","8":"product_cat-chaussures-de-travail","10":"first","11":"instock","12":"shipping-taxable","13":"purchasable","14":"product-type-variable"},"_links":{"self":[{"href":"https:\/\/lucacastelli.com\/fr\/wp-json\/wp\/v2\/product\/461490","targetHints":{"allow":["GET"]}}],"collection":[{"href":"https:\/\/lucacastelli.com\/fr\/wp-json\/wp\/v2\/product"}],"about":[{"href":"https:\/\/lucacastelli.com\/fr\/wp-json\/wp\/v2\/types\/product"}],"wp:featuredmedia":[{"embeddable":true,"href":"https:\/\/lucacastelli.com\/fr\/wp-json\/wp\/v2\/media\/767243"}],"wp:attachment":[{"href":"https:\/\/lucacastelli.com\/fr\/wp-json\/wp\/v2\/media?parent=461490"}],"wp:term":[{"taxonomy":"product_brand","embeddable":true,"href":"https:\/\/lucacastelli.com\/fr\/wp-json\/wp\/v2\/product_brand?post=461490"},{"taxonomy":"product_cat","embeddable":true,"href":"https:\/\/lucacastelli.com\/fr\/wp-json\/wp\/v2\/product_cat?post=461490"},{"taxonomy":"product_tag","embeddable":true,"href":"https:\/\/lucacastelli.com\/fr\/wp-json\/wp\/v2\/product_tag?post=461490"}],"curies":[{"name":"wp","href":"https:\/\/api.w.org\/{rel}","templated":true}]}}