{"id":461382,"date":"2023-06-19T05:09:52","date_gmt":"2023-06-19T03:09:52","guid":{"rendered":"https:\/\/lucacastelli.com\/prodotto\/la-sportiva-nepal-cube-gtx-jaune\/"},"modified":"2026-04-14T03:29:30","modified_gmt":"2026-04-14T01:29:30","slug":"la-sportiva-nepal-cube-gtx-jaune","status":"publish","type":"product","link":"https:\/\/lucacastelli.com\/fr\/produit\/la-sportiva-nepal-cube-gtx-jaune\/","title":{"rendered":"LA SPORTIVA Nepal Cube GTX Yellow"},"content":{"rendered":"<p>C\u2019est la chaussure d\u2019alpinisme technique la plus l\u00e9g\u00e8re et la plus isolante de la famille Nepal : elle repr\u00e9sente l\u2019\u00e9tat de l\u2019art sur le march\u00e9 des chaussures techniques d\u00e9di\u00e9es \u00e0 la haute altitude et \u00e0 l\u2019escalade avec crampons sur terrains mixtes.<\/p>\n<p>Nepal Cube est un nouveau point de d\u00e9part, une nouvelle r\u00e9f\u00e9rence pour les chaussures d\u2019alpinisme technique gr\u00e2ce \u00e0 sa l\u00e9g\u00e8ret\u00e9 exceptionnelle (seulement 825 g par demi-paire) et \u00e0 sa haute thermicit\u00e9 ; des qualit\u00e9s obtenues gr\u00e2ce \u00e0 l\u2019all\u00e8gement du bloc semelle\/intercalaire qui pr\u00e9voit l\u2019utilisation d\u2019une premi\u00e8re de propret\u00e9 hautement isolante en Carbon Tech alv\u00e9olaire, et \u00e0 la r\u00e9duction du poids des pi\u00e8ces m\u00e9talliques en acier. Le confort global de chaussant est assur\u00e9 par l\u2019utilisation de la membrane Gore-Tex Insulated Comfort qui garantit respirabilit\u00e9 et imperm\u00e9abilit\u00e9, ainsi que par la technologie EZ OUT de la languette qui, en plus de permettre un meilleur r\u00e9glage du chaussant, facilite l\u2019\u00e9vacuation de la transpiration gr\u00e2ce \u00e0 un tissu mesh qui transporte l\u2019humidit\u00e9 vers l\u2019ext\u00e9rieur. La marche est \u00e9galement facilit\u00e9e par l\u2019articulation multidirectionnelle de la cheville 3D Flex System, qui favorise le mouvement et soutient la cheville sur les terrains les plus accident\u00e9s. La semelle Vibram avec Impact Brake System absorbe les chocs, aide \u00e0 la traction et retient au freinage gr\u00e2ce \u00e0 l\u2019\u00e9paisseur diff\u00e9renci\u00e9e des crampons. Nepal Cube : l\u2019origine d\u2019une nouvelle esp\u00e8ce.    <\/p>\n<p>Tige : Cuir Idro-Perwanger hydrophobe 3+ mm<\/p>\n<p>Doublure : Gore-Tex Insulated Comfort.<\/p>\n<p>Premi\u00e8re de propret\u00e9 : Carbon Tech alv\u00e9olaire isolant.<\/p>\n<p>Semelle intercalaire : Polyur\u00e9thane 2 mm avec \u00e9paisseur diff\u00e9renci\u00e9e \u00e0 la pointe pour la fixation des crampons.<\/p>\n<p>Semelle : Vibram Matterhorn avec Impact Brake System.<\/p>\n<p>Brevet&nbsp;: Design d\u00e9pos\u00e9.<\/p>\n<p>Pointures : 40 \u2013 48 (demi-pointures incluses)<\/p>\n<p>Poids : 1 788 g (la paire, pointure 42)<\/p>\n","protected":false},"excerpt":{"rendered":"<p>C\u2019est la chaussure d\u2019alpinisme technique la plus l\u00e9g\u00e8re et la plus isolante de la famille Nepal : elle repr\u00e9sente l\u2019\u00e9tat<\/p>\n","protected":false},"featured_media":92098,"template":"","meta":{"_seopress_robots_primary_cat":"none","_seopress_titles_title":"","_seopress_titles_desc":"","_seopress_robots_index":""},"product_brand":[3648],"product_cat":[173,1420,1432],"product_tag":[],"class_list":{"0":"post-461382","1":"product","2":"type-product","3":"status-publish","4":"has-post-thumbnail","6":"product_brand-la-sportiva-fr","7":"product_cat-chaussures","8":"product_cat-chaussures-de-loisirs","9":"product_cat-chaussures-pour-hommes","11":"first","12":"instock","13":"shipping-taxable","14":"purchasable","15":"product-type-variable"},"_links":{"self":[{"href":"https:\/\/lucacastelli.com\/fr\/wp-json\/wp\/v2\/product\/461382","targetHints":{"allow":["GET"]}}],"collection":[{"href":"https:\/\/lucacastelli.com\/fr\/wp-json\/wp\/v2\/product"}],"about":[{"href":"https:\/\/lucacastelli.com\/fr\/wp-json\/wp\/v2\/types\/product"}],"wp:featuredmedia":[{"embeddable":true,"href":"https:\/\/lucacastelli.com\/fr\/wp-json\/wp\/v2\/media\/92098"}],"wp:attachment":[{"href":"https:\/\/lucacastelli.com\/fr\/wp-json\/wp\/v2\/media?parent=461382"}],"wp:term":[{"taxonomy":"product_brand","embeddable":true,"href":"https:\/\/lucacastelli.com\/fr\/wp-json\/wp\/v2\/product_brand?post=461382"},{"taxonomy":"product_cat","embeddable":true,"href":"https:\/\/lucacastelli.com\/fr\/wp-json\/wp\/v2\/product_cat?post=461382"},{"taxonomy":"product_tag","embeddable":true,"href":"https:\/\/lucacastelli.com\/fr\/wp-json\/wp\/v2\/product_tag?post=461382"}],"curies":[{"name":"wp","href":"https:\/\/api.w.org\/{rel}","templated":true}]}}