{"id":461336,"date":"2025-06-15T04:31:04","date_gmt":"2025-06-15T02:31:04","guid":{"rendered":"https:\/\/lucacastelli.com\/prodotto\/aspirateur-3\/"},"modified":"2025-06-29T07:38:40","modified_gmt":"2025-06-29T05:38:40","slug":"aspirateur-3","status":"publish","type":"product","link":"https:\/\/lucacastelli.com\/fr\/produit\/aspirateur-3\/","title":{"rendered":"MILWAUKEE Aspirateur"},"content":{"rendered":"<p>Compatible avec le syst\u00e8me de transport modulaire Milwaukee PACKOUT\u2122&lt;Br&gt;  Moteur POWERSTATE\u2122 sans balais pour des performances maximales sur l&#8217;argent et les d\u00e9bris liquides.&lt;Br&gt;  Compatible avec le syst\u00e8me de transport modulaire Milwaukee PACKOUT\u2122 : pour un transport efficace.&lt;Br&gt;  Mobile et polyvalent : peut \u00e9galement \u00eatre utilis\u00e9 empil\u00e9 dans le syst\u00e8me PACKOUT\u2122.&lt;Br&gt;  Filtre HEPA avec une efficacit\u00e9 de d\u00e9poussi\u00e9rage de 99,97 % (particules inf\u00e9rieures \u00e0 0,03 micron)&lt;Br&gt;  50 minutes d&#8217;autonomie \u00e0 faible intensit\u00e9 et 30 minutes d&#8217;autonomie \u00e0 forte intensit\u00e9 (avec une batterie de 8,0 Ah)&lt;Br&gt;  Syst\u00e8me int\u00e9gr\u00e9 pour le transport du tuyau et des accessoires&lt;Br&gt;  Accouplement DEK 26 pour une fixation facile des outils&lt;Br&gt;  Tuyau extensible jusqu&#8217;\u00e0 1,6 m pour une plus grande port\u00e9e et une plus grande polyvalence&lt;Br&gt;  Fonctionne avec toutes les batteries MILWAUKEE\u00ae M18\u2122<\/p>\n<p>BARCODE : 4058546341206<\/p>\n<p>Caract\u00e9ristiques techniques<br \/>\nL<\/p>\n<p>Livr\u00e9 sans piles, sans chargeur, sans kitbox ni sac, buse plate et allong\u00e9e, adaptateur DEK26, tuyau, filtre HEPA universel.<\/p>\n","protected":false},"excerpt":{"rendered":"<p>Compatible avec le syst\u00e8me de transport modulaire Milwaukee PACKOUT\u2122&lt;Br&gt; Moteur POWERSTATE\u2122 sans balais pour des performances maximales sur l&#8217;argent et<\/p>\n","protected":false},"featured_media":457794,"template":"","meta":{"_seopress_robots_primary_cat":"","_seopress_titles_title":"","_seopress_titles_desc":"","_seopress_robots_index":""},"product_brand":[3407],"product_cat":[29,514,517],"product_tag":[3270],"class_list":{"0":"post-461336","1":"product","2":"type-product","3":"status-publish","4":"has-post-thumbnail","6":"product_brand-milwaukee","7":"product_cat-macchinari","8":"product_cat-altri-dispositivi","9":"product_cat-aspiratori-per-la-pulizia","10":"product_tag-import-milwau","11":"sws-gruppo-macchinari-fr","12":"sws-conto-ricavi-merci-rivendita-macchinari-fr","13":"sws-gruppo-iva-iva81-fr","15":"first","16":"onbackorder","17":"sale","18":"purchasable","19":"product-type-simple"},"_links":{"self":[{"href":"https:\/\/lucacastelli.com\/fr\/wp-json\/wp\/v2\/product\/461336","targetHints":{"allow":["GET"]}}],"collection":[{"href":"https:\/\/lucacastelli.com\/fr\/wp-json\/wp\/v2\/product"}],"about":[{"href":"https:\/\/lucacastelli.com\/fr\/wp-json\/wp\/v2\/types\/product"}],"wp:featuredmedia":[{"embeddable":true,"href":"https:\/\/lucacastelli.com\/fr\/wp-json\/wp\/v2\/media\/457794"}],"wp:attachment":[{"href":"https:\/\/lucacastelli.com\/fr\/wp-json\/wp\/v2\/media?parent=461336"}],"wp:term":[{"taxonomy":"product_brand","embeddable":true,"href":"https:\/\/lucacastelli.com\/fr\/wp-json\/wp\/v2\/product_brand?post=461336"},{"taxonomy":"product_cat","embeddable":true,"href":"https:\/\/lucacastelli.com\/fr\/wp-json\/wp\/v2\/product_cat?post=461336"},{"taxonomy":"product_tag","embeddable":true,"href":"https:\/\/lucacastelli.com\/fr\/wp-json\/wp\/v2\/product_tag?post=461336"}],"curies":[{"name":"wp","href":"https:\/\/api.w.org\/{rel}","templated":true}]}}