{"id":461329,"date":"2025-06-15T04:20:45","date_gmt":"2025-06-15T02:20:45","guid":{"rendered":"https:\/\/lucacastelli.com\/prodotto\/agrafeuse\/"},"modified":"2025-06-29T07:38:28","modified_gmt":"2025-06-29T05:38:28","slug":"agrafeuse","status":"publish","type":"product","link":"https:\/\/lucacastelli.com\/fr\/produit\/agrafeuse\/","title":{"rendered":"Agrafeuse MILWAUKEE"},"content":{"rendered":"<p>Tir \u00e0 came de 50 mm &lt;br&gt; Le temps de rechargement entre les cambrettes est minimis\u00e9 gr\u00e2ce \u00e0 la technologie ZollReady to FireZoll&lt;br&gt; Aucune cartouche de gaz n\u2019est n\u00e9cessaire et aucun entretien n\u2019est requis. Fiabilit\u00e9 et efficacit\u00e9 rendent cette agrafeuse parfaite pour les utilisateurs les plus exigeants &lt;Br&gt;  Les ajustements se font sans l\u2019aide d\u2019outils&lt;Br&gt;  Acc\u00e8s facile \u00e0 la porte pour retirer les cambrettes coinc\u00e9es&lt;Br&gt;  La machine s\u2019arr\u00eate automatiquement lorsque les cambrettes du chargeur sont termin\u00e9es&lt;Br&gt;  Tirez jusqu\u2019\u00e0 600 cambrettes par charge avec une batterie REDLITHIUM\u2122 de 3,0 Ah&lt;Br&gt;  Le design raffin\u00e9 permet une visibilit\u00e9 claire pendant les phases de fixation&lt;Br&gt;  MILWAUKEE\u00ae Tireurs \u00e0 cambrette de 40 \u00e0 50 mm&lt;Br&gt;  Fonctionne avec toutes les batteries de plate-forme M18\u2122<\/p>\n<p>BARCODE : 4058546376260<\/p>\n<p>Donn\u00e9es techniques<br \/>\n600<\/p>\n<p>2 x batterie M18 HB3, chargeur M12-18 FC, mallette de transport<\/p>\n","protected":false},"excerpt":{"rendered":"<p>Tir \u00e0 came de 50 mm &lt;br&gt; Le temps de rechargement entre les cambrettes est minimis\u00e9 gr\u00e2ce \u00e0 la technologie<\/p>\n","protected":false},"featured_media":441928,"template":"","meta":{"_seopress_robots_primary_cat":"","_seopress_titles_title":"","_seopress_titles_desc":"","_seopress_robots_index":""},"product_brand":[3407],"product_cat":[29,514],"product_tag":[3270],"class_list":{"0":"post-461329","1":"product","2":"type-product","3":"status-publish","4":"has-post-thumbnail","6":"product_brand-milwaukee","7":"product_cat-macchinari","8":"product_cat-altri-dispositivi","9":"product_tag-import-milwau","10":"sws-gruppo-macchinari-fr","11":"sws-conto-ricavi-merci-rivendita-macchinari-fr","12":"sws-gruppo-iva-iva81-fr","14":"first","15":"onbackorder","16":"sale","17":"purchasable","18":"product-type-simple"},"_links":{"self":[{"href":"https:\/\/lucacastelli.com\/fr\/wp-json\/wp\/v2\/product\/461329","targetHints":{"allow":["GET"]}}],"collection":[{"href":"https:\/\/lucacastelli.com\/fr\/wp-json\/wp\/v2\/product"}],"about":[{"href":"https:\/\/lucacastelli.com\/fr\/wp-json\/wp\/v2\/types\/product"}],"wp:featuredmedia":[{"embeddable":true,"href":"https:\/\/lucacastelli.com\/fr\/wp-json\/wp\/v2\/media\/441928"}],"wp:attachment":[{"href":"https:\/\/lucacastelli.com\/fr\/wp-json\/wp\/v2\/media?parent=461329"}],"wp:term":[{"taxonomy":"product_brand","embeddable":true,"href":"https:\/\/lucacastelli.com\/fr\/wp-json\/wp\/v2\/product_brand?post=461329"},{"taxonomy":"product_cat","embeddable":true,"href":"https:\/\/lucacastelli.com\/fr\/wp-json\/wp\/v2\/product_cat?post=461329"},{"taxonomy":"product_tag","embeddable":true,"href":"https:\/\/lucacastelli.com\/fr\/wp-json\/wp\/v2\/product_tag?post=461329"}],"curies":[{"name":"wp","href":"https:\/\/api.w.org\/{rel}","templated":true}]}}