{"id":461326,"date":"2025-06-14T03:26:56","date_gmt":"2025-06-14T01:26:56","guid":{"rendered":"https:\/\/lucacastelli.com\/prodotto\/machine-a-cups-4\/"},"modified":"2025-06-29T07:39:24","modified_gmt":"2025-06-29T05:39:24","slug":"machine-a-cups-4","status":"publish","type":"product","link":"https:\/\/lucacastelli.com\/fr\/produit\/machine-a-cups-4\/","title":{"rendered":"MILWAUKEE Moulin \u00e0 croupe"},"content":{"rendered":"<p>Puissance maximale pour une fixation rapide et pr\u00e9cise&lt;Br&gt;  D\u00e9lai minimum entre le tir d&#8217;une croupe et le tir suivant&lt;Br&gt;  Maintenance minimale&lt;Br&gt;  Possibilit\u00e9 de fixer des brads de niveau, pour des finitions propres&lt;Br&gt;  Les multiples buses de cuisson garantissent des finitions pr\u00e9cises&lt;Br&gt;  Convient aux applications \u00e0 angle aigu&lt;Br&gt;  R\u00e9glage sans outil de la profondeur de la course&lt;Br&gt;  Blocage de l\u2019outil juste avant que les croupes ne s\u2019\u00e9puisent dans le magasin&lt;Br&gt;  Tirez jusqu&#8217;\u00e0 1 200 sauts avec une batterie M18\u2122 REDLITHIUM\u2122 de 2,0 Ah.&lt;Br&gt;  Acc\u00e8s facile \u00e0 l&#8217;entrejambe bloqu\u00e9&lt;Br&gt;  Lumi\u00e8re LED int\u00e9gr\u00e9e pour \u00e9clairer la zone de travail&lt;Br&gt;  Compatible avec toutes les batteries MILWAUKEE\u00ae M18\u2122<\/p>\n<p>BARCODE : 4058546290375<\/p>\n<p>Donn\u00e9es techniques<br \/>\n900<\/p>\n<p>Livr\u00e9 sans piles, livr\u00e9 sans chargeur, valise HeavyDuty<\/p>\n","protected":false},"excerpt":{"rendered":"<p>Puissance maximale pour une fixation rapide et pr\u00e9cise&lt;Br&gt; D\u00e9lai minimum entre le tir d&#8217;une croupe et le tir suivant&lt;Br&gt; Maintenance<\/p>\n","protected":false},"featured_media":456944,"template":"","meta":{"_seopress_robots_primary_cat":"","_seopress_titles_title":"","_seopress_titles_desc":"","_seopress_robots_index":""},"product_brand":[3407],"product_cat":[29,514,552],"product_tag":[3270],"class_list":{"0":"post-461326","1":"product","2":"type-product","3":"status-publish","4":"has-post-thumbnail","6":"product_brand-milwaukee","7":"product_cat-macchinari","8":"product_cat-altri-dispositivi","9":"product_cat-chiodatrici","10":"product_tag-import-milwau","11":"sws-gruppo-macchinari-fr","12":"sws-conto-ricavi-merci-rivendita-macchinari-fr","13":"sws-gruppo-iva-iva81-fr","15":"first","16":"onbackorder","17":"sale","18":"purchasable","19":"product-type-simple"},"_links":{"self":[{"href":"https:\/\/lucacastelli.com\/fr\/wp-json\/wp\/v2\/product\/461326","targetHints":{"allow":["GET"]}}],"collection":[{"href":"https:\/\/lucacastelli.com\/fr\/wp-json\/wp\/v2\/product"}],"about":[{"href":"https:\/\/lucacastelli.com\/fr\/wp-json\/wp\/v2\/types\/product"}],"wp:featuredmedia":[{"embeddable":true,"href":"https:\/\/lucacastelli.com\/fr\/wp-json\/wp\/v2\/media\/456944"}],"wp:attachment":[{"href":"https:\/\/lucacastelli.com\/fr\/wp-json\/wp\/v2\/media?parent=461326"}],"wp:term":[{"taxonomy":"product_brand","embeddable":true,"href":"https:\/\/lucacastelli.com\/fr\/wp-json\/wp\/v2\/product_brand?post=461326"},{"taxonomy":"product_cat","embeddable":true,"href":"https:\/\/lucacastelli.com\/fr\/wp-json\/wp\/v2\/product_cat?post=461326"},{"taxonomy":"product_tag","embeddable":true,"href":"https:\/\/lucacastelli.com\/fr\/wp-json\/wp\/v2\/product_tag?post=461326"}],"curies":[{"name":"wp","href":"https:\/\/api.w.org\/{rel}","templated":true}]}}