{"id":461319,"date":"2025-06-14T03:15:44","date_gmt":"2025-06-14T01:15:44","guid":{"rendered":"https:\/\/lucacastelli.com\/prodotto\/cloueur-2\/"},"modified":"2025-06-29T07:39:10","modified_gmt":"2025-06-29T05:39:10","slug":"cloueur-2","status":"publish","type":"product","link":"https:\/\/lucacastelli.com\/fr\/produit\/cloueur-2\/","title":{"rendered":"MILWAUKEE Cloueur"},"content":{"rendered":"<p>Fixation pr\u00e9cise et rapide, m\u00eame sur les bois durs&lt;Br&gt;  Temps minimal entre le tir d\u2019un clou et le suivant&lt;Br&gt;  Maintenance minimale&lt;Br&gt;  Mode d&#8217;allumage s\u00e9quentiel unique pour des applications pr\u00e9cises&lt;Br&gt;  Profondeur de course r\u00e9glable sans outil&lt;Br&gt;  L\u2019outil se coince juste avant d\u2019\u00eatre \u00e0 court de clous dans le magasin&lt;Br&gt;  Tirez jusqu&#8217;\u00e0 700 clous avec une batterie REDLITHIUM\u2122 de 5,0 Ah.&lt;Br&gt;  Compatible avec les clous 30\u00b0 &#8211; 34\u00b0, longueur 50 &#8211; 90 mm, diam\u00e8tre 2,9 &#8211; 3,32 mm avec tige lisse ou filet\u00e9e, demi-t\u00eate ou ronde, de n&#8217;importe quel mat\u00e9riau.&lt;Br&gt;  Acc\u00e8s facile aux ongles coinc\u00e9s&lt;Br&gt;  Lumi\u00e8re LED pour \u00e9clairer la zone de travail&lt;Br&gt;  La technologie FUEL\u2122 red\u00e9finit les outils \u00e9lectriques sans fil. Le moteur sans balais, l\u2019\u00e9lectronique REDLINK PLUS\u2122 et la batterie REDLITHIUM\u2122 offrent des performances et une durabilit\u00e9 sup\u00e9rieures&lt;br&gt; Fonctionne avec toutes les batteries MILWAUKEE\u00ae M18\u2122 <\/p>\n<p>BARCODE : 4058546344795<\/p>\n<p>Caract\u00e9ristiques techniques<br \/>\n18V<\/p>\n<p>2 x batterie M18 B5, chargeur M12-18 FC, mallette de transport, cl\u00e9 Allen<\/p>\n","protected":false},"excerpt":{"rendered":"<p>Fixation pr\u00e9cise et rapide, m\u00eame sur les bois durs&lt;Br&gt; Temps minimal entre le tir d\u2019un clou et le suivant&lt;Br&gt; Maintenance<\/p>\n","protected":false},"featured_media":456836,"template":"","meta":{"_seopress_robots_primary_cat":"","_seopress_titles_title":"","_seopress_titles_desc":"","_seopress_robots_index":""},"product_brand":[3407],"product_cat":[29,514,552],"product_tag":[3270],"class_list":{"0":"post-461319","1":"product","2":"type-product","3":"status-publish","4":"has-post-thumbnail","6":"product_brand-milwaukee","7":"product_cat-macchinari","8":"product_cat-altri-dispositivi","9":"product_cat-chiodatrici","10":"product_tag-import-milwau","11":"sws-gruppo-macchinari-fr","12":"sws-conto-ricavi-merci-rivendita-macchinari-fr","13":"sws-gruppo-iva-iva81-fr","15":"first","16":"onbackorder","17":"sale","18":"purchasable","19":"product-type-simple"},"_links":{"self":[{"href":"https:\/\/lucacastelli.com\/fr\/wp-json\/wp\/v2\/product\/461319","targetHints":{"allow":["GET"]}}],"collection":[{"href":"https:\/\/lucacastelli.com\/fr\/wp-json\/wp\/v2\/product"}],"about":[{"href":"https:\/\/lucacastelli.com\/fr\/wp-json\/wp\/v2\/types\/product"}],"wp:featuredmedia":[{"embeddable":true,"href":"https:\/\/lucacastelli.com\/fr\/wp-json\/wp\/v2\/media\/456836"}],"wp:attachment":[{"href":"https:\/\/lucacastelli.com\/fr\/wp-json\/wp\/v2\/media?parent=461319"}],"wp:term":[{"taxonomy":"product_brand","embeddable":true,"href":"https:\/\/lucacastelli.com\/fr\/wp-json\/wp\/v2\/product_brand?post=461319"},{"taxonomy":"product_cat","embeddable":true,"href":"https:\/\/lucacastelli.com\/fr\/wp-json\/wp\/v2\/product_cat?post=461319"},{"taxonomy":"product_tag","embeddable":true,"href":"https:\/\/lucacastelli.com\/fr\/wp-json\/wp\/v2\/product_tag?post=461319"}],"curies":[{"name":"wp","href":"https:\/\/api.w.org\/{rel}","templated":true}]}}