{"id":461311,"date":"2025-06-14T03:04:08","date_gmt":"2025-06-14T01:04:08","guid":{"rendered":"https:\/\/lucacastelli.com\/prodotto\/ponceuse-orbitale-aleatoire-2\/"},"modified":"2025-06-29T07:39:53","modified_gmt":"2025-06-29T05:39:53","slug":"ponceuse-orbitale-aleatoire-2","status":"publish","type":"product","link":"https:\/\/lucacastelli.com\/fr\/produit\/ponceuse-orbitale-aleatoire-2\/","title":{"rendered":"MILWAUKEE Ponceuse orbitale al\u00e9atoire"},"content":{"rendered":"<p>Le moteur haute performance offre 11 000 \u00e0 13 000 coups par minute, ce qui augmente l\u2019enl\u00e8vement de mati\u00e8re&lt;Br&gt;  Six vitesses peuvent \u00eatre r\u00e9gl\u00e9es en fonction du mat\u00e9riau \u00e0 traiter&lt;Br&gt;  Tampon de pon\u00e7age universel pour un changement rapide et facile des feuilles abrasives  &lt;Br&gt;  Clip pour verrouiller les feuilles abrasives&lt;Br&gt;  Bouton abaiss\u00e9 recouvert de caoutchouc antid\u00e9rapant&lt;Br&gt;  Le mouvement orbital assure des finitions parfaites avec de faibles vibrations \u00e0 seulement 5,23 m\/s\u00b2&lt;Br&gt;  Y compris plate-forme pour le per\u00e7age de feuilles abrasives&lt;Br&gt;  La batterie REDLITHIUM\u2122 offre une construction de batterie sup\u00e9rieure, une \u00e9lectronique et des performances constantes pour offrir plus d\u2019autonomie et plus de travail pendant la dur\u00e9e de vie de la batterie, tandis que l\u2019\u00e9lectronique REDLINK\u2122 prot\u00e8ge l\u2019outil et la batterie contre la surcharge pour une dur\u00e9e de vie plus longue&lt;Br&gt;  Peut \u00eatre utilis\u00e9 avec toutes les batteries de plate-forme M18\u2122<\/p>\n<p>BARCODE : 4058546377618<\/p>\n<p>Caract\u00e9ristiques techniques<br \/>\nSac de transport<\/p>\n<p>2 x batterie M18 B5, chargeur M12-18 C, sac, sac \u00e0 copeaux, appareil de forage, base de support, feuilles abrasives<\/p>\n","protected":false},"excerpt":{"rendered":"<p>Le moteur haute performance offre 11 000 \u00e0 13 000 coups par minute, ce qui augmente l\u2019enl\u00e8vement de mati\u00e8re&lt;Br&gt; Six<\/p>\n","protected":false},"featured_media":441751,"template":"","meta":{"_seopress_robots_primary_cat":"","_seopress_titles_title":"","_seopress_titles_desc":"","_seopress_robots_index":""},"product_brand":[3407],"product_cat":[29,514],"product_tag":[3270],"class_list":{"0":"post-461311","1":"product","2":"type-product","3":"status-publish","4":"has-post-thumbnail","6":"product_brand-milwaukee","7":"product_cat-macchinari","8":"product_cat-altri-dispositivi","9":"product_tag-import-milwau","10":"sws-gruppo-macchinari-fr","11":"sws-conto-ricavi-merci-rivendita-macchinari-fr","12":"sws-gruppo-iva-iva81-fr","14":"first","15":"onbackorder","16":"sale","17":"purchasable","18":"product-type-simple"},"_links":{"self":[{"href":"https:\/\/lucacastelli.com\/fr\/wp-json\/wp\/v2\/product\/461311","targetHints":{"allow":["GET"]}}],"collection":[{"href":"https:\/\/lucacastelli.com\/fr\/wp-json\/wp\/v2\/product"}],"about":[{"href":"https:\/\/lucacastelli.com\/fr\/wp-json\/wp\/v2\/types\/product"}],"wp:featuredmedia":[{"embeddable":true,"href":"https:\/\/lucacastelli.com\/fr\/wp-json\/wp\/v2\/media\/441751"}],"wp:attachment":[{"href":"https:\/\/lucacastelli.com\/fr\/wp-json\/wp\/v2\/media?parent=461311"}],"wp:term":[{"taxonomy":"product_brand","embeddable":true,"href":"https:\/\/lucacastelli.com\/fr\/wp-json\/wp\/v2\/product_brand?post=461311"},{"taxonomy":"product_cat","embeddable":true,"href":"https:\/\/lucacastelli.com\/fr\/wp-json\/wp\/v2\/product_cat?post=461311"},{"taxonomy":"product_tag","embeddable":true,"href":"https:\/\/lucacastelli.com\/fr\/wp-json\/wp\/v2\/product_tag?post=461311"}],"curies":[{"name":"wp","href":"https:\/\/api.w.org\/{rel}","templated":true}]}}