{"id":461307,"date":"2025-06-14T03:07:28","date_gmt":"2025-06-14T01:07:28","guid":{"rendered":"https:\/\/lucacastelli.com\/prodotto\/ponceuse-orbitale-aleatoire\/"},"modified":"2025-06-29T07:39:59","modified_gmt":"2025-06-29T05:39:59","slug":"ponceuse-orbitale-aleatoire","status":"publish","type":"product","link":"https:\/\/lucacastelli.com\/fr\/produit\/ponceuse-orbitale-aleatoire\/","title":{"rendered":"MILWAUKEE Ponceuse orbitale al\u00e9atoire"},"content":{"rendered":"<p>Le moteur haute performance Milwaukee\u00ae fournit de 14 000 \u00e0 24 000 oscillations \u00e0 vide par minute.&lt;Br&gt;  L&#8217;\u00e9lectronique REDLINK\u2122 prot\u00e8ge l&#8217;outil et la batterie contre les surcharges, garantissant une dur\u00e9e de vie plus longue.&lt;Br&gt;  Molette permettant de s\u00e9lectionner 6 vitesses diff\u00e9rentes en fonction du type d&#8217;application  &lt;Br&gt;  R\u00e9cipient \u00e0 poussi\u00e8re avec filtre interne&lt;Br&gt;  Plateau universel pour un changement rapide des disques abrasifs&lt;Br&gt;  Ne p\u00e8se que 1,6 kg&lt;Br&gt;  Avec adaptateur pour fixer tous les aspirateurs Milwaukee\u00ae.  &lt;Br&gt;  La batterie REDLITHIUM\u2122 offre une construction de batterie sup\u00e9rieure, une \u00e9lectronique et des performances constantes pour offrir plus d\u2019autonomie et plus de travail pendant la dur\u00e9e de vie de la batterie&lt;Br&gt;  Fonctionne avec toutes les batteries Milwaukee M18\u2122  <\/p>\n<p>BARCODE : 4058546221744<\/p>\n<p>Donn\u00e9es techniques<br \/>\n1.6 (M18 B5)<\/p>\n<p>2 x batterie M18 B5, chargeur M12-18 C, sacoche<\/p>\n","protected":false},"excerpt":{"rendered":"<p>Le moteur haute performance Milwaukee\u00ae fournit de 14 000 \u00e0 24 000 oscillations \u00e0 vide par minute.&lt;Br&gt; L&#8217;\u00e9lectronique REDLINK\u2122 prot\u00e8ge<\/p>\n","protected":false},"featured_media":456761,"template":"","meta":{"_seopress_robots_primary_cat":"","_seopress_titles_title":"","_seopress_titles_desc":"","_seopress_robots_index":""},"product_brand":[3407],"product_cat":[29,514],"product_tag":[3270],"class_list":{"0":"post-461307","1":"product","2":"type-product","3":"status-publish","4":"has-post-thumbnail","6":"product_brand-milwaukee","7":"product_cat-macchinari","8":"product_cat-altri-dispositivi","9":"product_tag-import-milwau","10":"sws-gruppo-macchinari-fr","11":"sws-conto-ricavi-merci-rivendita-macchinari-fr","12":"sws-gruppo-iva-iva81-fr","14":"first","15":"onbackorder","16":"sale","17":"purchasable","18":"product-type-simple"},"_links":{"self":[{"href":"https:\/\/lucacastelli.com\/fr\/wp-json\/wp\/v2\/product\/461307","targetHints":{"allow":["GET"]}}],"collection":[{"href":"https:\/\/lucacastelli.com\/fr\/wp-json\/wp\/v2\/product"}],"about":[{"href":"https:\/\/lucacastelli.com\/fr\/wp-json\/wp\/v2\/types\/product"}],"wp:featuredmedia":[{"embeddable":true,"href":"https:\/\/lucacastelli.com\/fr\/wp-json\/wp\/v2\/media\/456761"}],"wp:attachment":[{"href":"https:\/\/lucacastelli.com\/fr\/wp-json\/wp\/v2\/media?parent=461307"}],"wp:term":[{"taxonomy":"product_brand","embeddable":true,"href":"https:\/\/lucacastelli.com\/fr\/wp-json\/wp\/v2\/product_brand?post=461307"},{"taxonomy":"product_cat","embeddable":true,"href":"https:\/\/lucacastelli.com\/fr\/wp-json\/wp\/v2\/product_cat?post=461307"},{"taxonomy":"product_tag","embeddable":true,"href":"https:\/\/lucacastelli.com\/fr\/wp-json\/wp\/v2\/product_tag?post=461307"}],"curies":[{"name":"wp","href":"https:\/\/api.w.org\/{rel}","templated":true}]}}