{"id":461297,"date":"2025-06-15T05:00:04","date_gmt":"2025-06-15T03:00:04","guid":{"rendered":"https:\/\/lucacastelli.com\/prodotto\/unite-daspiration-2\/"},"modified":"2025-06-29T07:37:54","modified_gmt":"2025-06-29T05:37:54","slug":"unite-daspiration-2","status":"publish","type":"product","link":"https:\/\/lucacastelli.com\/fr\/produit\/unite-daspiration-2\/","title":{"rendered":"Unit\u00e9s d\u2019aspiration MILWAUKEE"},"content":{"rendered":"<p>Unit\u00e9 d&#8217;aspiration compatible avec toutes les perceuses SDS-Plus Milwaukee\u00ae et la plupart des outils avec un collier de 41-61 mm&lt;Br&gt;  Capable de fournir plus de 40 minutes d&#8217;autonomie avec une batterie M12 de 2,0 Ah&lt;Br&gt;  Perche t\u00e9lescopique pour une utilisation avec des forets SDS-Plus jusqu\u2019\u00e0 210 mm&lt;Br&gt;  Jauge de profondeur r\u00e9glable pour des applications pr\u00e9cises&lt;Br&gt;  Deux buses interchangeables avec brosses pour des diam\u00e8tres de forage jusqu&#8217;\u00e0 30 mm (diam\u00e8tre 0,5-16mm, diam\u00e8tre 16-30mm)&lt;Br&gt;  2 modes d&#8217;aspiration : en permanence ou avec activation automatique lors du forage&lt;Br&gt;  S&#8217;\u00e9teint 5 secondes apr\u00e8s le forage pour garantir une propret\u00e9 maximale&lt;Br&gt;  \u00c9quip\u00e9 d&#8217;un filtre HEPA de classe H13 avec m\u00e9canisme de nettoyage du filtre&lt;Br&gt;  \u00c9quip\u00e9 d&#8217;un r\u00e9servoir transparent pour une visibilit\u00e9 maximale et d&#8217;un connecteur de 32 mm de diam\u00e8tre pour les aspirateurs.&lt;Br&gt;  Indicateur de charge restante&lt;Br&gt;  Plate-forme 12V : fonctionne avec toutes les batteries Milwaukee M12\u2122  <\/p>\n<p>BARCODE : 4058546290887<\/p>\n<p>Donn\u00e9es techniques<br \/>\n2.00<\/p>\n<p>Fourni sans piles, fourni sans chargeur, sac, 2 buses, poign\u00e9e lat\u00e9rale<\/p>\n","protected":false},"excerpt":{"rendered":"<p>Unit\u00e9 d&#8217;aspiration compatible avec toutes les perceuses SDS-Plus Milwaukee\u00ae et la plupart des outils avec un collier de 41-61 mm&lt;Br&gt;<\/p>\n","protected":false},"featured_media":458025,"template":"","meta":{"_seopress_robots_primary_cat":"","_seopress_titles_title":"","_seopress_titles_desc":"","_seopress_robots_index":""},"product_brand":[3407],"product_cat":[29,514],"product_tag":[3270],"class_list":{"0":"post-461297","1":"product","2":"type-product","3":"status-publish","4":"has-post-thumbnail","6":"product_brand-milwaukee","7":"product_cat-macchinari","8":"product_cat-altri-dispositivi","9":"product_tag-import-milwau","10":"sws-gruppo-macchinari-fr","11":"sws-conto-ricavi-merci-rivendita-macchinari-fr","12":"sws-gruppo-iva-iva81-fr","14":"first","15":"onbackorder","16":"sale","17":"purchasable","18":"product-type-simple"},"_links":{"self":[{"href":"https:\/\/lucacastelli.com\/fr\/wp-json\/wp\/v2\/product\/461297","targetHints":{"allow":["GET"]}}],"collection":[{"href":"https:\/\/lucacastelli.com\/fr\/wp-json\/wp\/v2\/product"}],"about":[{"href":"https:\/\/lucacastelli.com\/fr\/wp-json\/wp\/v2\/types\/product"}],"wp:featuredmedia":[{"embeddable":true,"href":"https:\/\/lucacastelli.com\/fr\/wp-json\/wp\/v2\/media\/458025"}],"wp:attachment":[{"href":"https:\/\/lucacastelli.com\/fr\/wp-json\/wp\/v2\/media?parent=461297"}],"wp:term":[{"taxonomy":"product_brand","embeddable":true,"href":"https:\/\/lucacastelli.com\/fr\/wp-json\/wp\/v2\/product_brand?post=461297"},{"taxonomy":"product_cat","embeddable":true,"href":"https:\/\/lucacastelli.com\/fr\/wp-json\/wp\/v2\/product_cat?post=461297"},{"taxonomy":"product_tag","embeddable":true,"href":"https:\/\/lucacastelli.com\/fr\/wp-json\/wp\/v2\/product_tag?post=461297"}],"curies":[{"name":"wp","href":"https:\/\/api.w.org\/{rel}","templated":true}]}}