{"id":461290,"date":"2025-06-15T04:38:57","date_gmt":"2025-06-15T02:38:57","guid":{"rendered":"https:\/\/lucacastelli.com\/prodotto\/aspirateur-2\/"},"modified":"2025-06-29T07:38:43","modified_gmt":"2025-06-29T05:38:43","slug":"aspirateur-2","status":"publish","type":"product","link":"https:\/\/lucacastelli.com\/fr\/produit\/aspirateur-2\/","title":{"rendered":"MILWAUKEE Aspirateur"},"content":{"rendered":"<p>Excellente aspiration, id\u00e9ale pour le bois, le m\u00e9tal et divers r\u00e9sidus de traitement&lt;Br&gt;  Filtre HEPA avec une efficacit\u00e9 de d\u00e9poussi\u00e9rage de 99,7 pour cent&lt;Br&gt;  Fourni avec un tuyau d&#8217;aspiration et un suceur de sol&lt;Br&gt;  Des accessoires pratiques pour tous les besoins (buses \u00e9troites et larges)&lt;Br&gt;  Possibilit\u00e9 de verrouiller l&#8217;interrupteur&lt;Br&gt;  Le bo\u00eetier transparent permet de contr\u00f4ler en permanence la capacit\u00e9 r\u00e9siduelle.&lt;Br&gt;  Jusqu&#8217;\u00e0 23 minutes d&#8217;autonomie avec une batterie de 5,0 Ah&lt;Br&gt;  Compatible avec toutes les batteries MILWAUKEE\u00ae M18\u2122<\/p>\n<p>BARCODE : 4002395289998<\/p>\n<p>Donn\u00e9es techniques<br \/>\n1.9 (M18 B4)<\/p>\n<p>Fourni sans piles, fourni sans chargeur, fourni sans kitbox ou sac, tuyau d&#8217;aspirateur, suceur de sol<\/p>\n","protected":false},"excerpt":{"rendered":"<p>Excellente aspiration, id\u00e9ale pour le bois, le m\u00e9tal et divers r\u00e9sidus de traitement&lt;Br&gt; Filtre HEPA avec une efficacit\u00e9 de d\u00e9poussi\u00e9rage<\/p>\n","protected":false},"featured_media":457873,"template":"","meta":{"_seopress_robots_primary_cat":"","_seopress_titles_title":"","_seopress_titles_desc":"","_seopress_robots_index":""},"product_brand":[3407],"product_cat":[29,514,517],"product_tag":[3270],"class_list":{"0":"post-461290","1":"product","2":"type-product","3":"status-publish","4":"has-post-thumbnail","6":"product_brand-milwaukee","7":"product_cat-macchinari","8":"product_cat-altri-dispositivi","9":"product_cat-aspiratori-per-la-pulizia","10":"product_tag-import-milwau","11":"sws-gruppo-macchinari-fr","12":"sws-conto-ricavi-merci-rivendita-macchinari-fr","13":"sws-gruppo-iva-iva81-fr","15":"first","16":"onbackorder","17":"sale","18":"purchasable","19":"product-type-simple"},"_links":{"self":[{"href":"https:\/\/lucacastelli.com\/fr\/wp-json\/wp\/v2\/product\/461290","targetHints":{"allow":["GET"]}}],"collection":[{"href":"https:\/\/lucacastelli.com\/fr\/wp-json\/wp\/v2\/product"}],"about":[{"href":"https:\/\/lucacastelli.com\/fr\/wp-json\/wp\/v2\/types\/product"}],"wp:featuredmedia":[{"embeddable":true,"href":"https:\/\/lucacastelli.com\/fr\/wp-json\/wp\/v2\/media\/457873"}],"wp:attachment":[{"href":"https:\/\/lucacastelli.com\/fr\/wp-json\/wp\/v2\/media?parent=461290"}],"wp:term":[{"taxonomy":"product_brand","embeddable":true,"href":"https:\/\/lucacastelli.com\/fr\/wp-json\/wp\/v2\/product_brand?post=461290"},{"taxonomy":"product_cat","embeddable":true,"href":"https:\/\/lucacastelli.com\/fr\/wp-json\/wp\/v2\/product_cat?post=461290"},{"taxonomy":"product_tag","embeddable":true,"href":"https:\/\/lucacastelli.com\/fr\/wp-json\/wp\/v2\/product_tag?post=461290"}],"curies":[{"name":"wp","href":"https:\/\/api.w.org\/{rel}","templated":true}]}}