{"id":461285,"date":"2025-06-15T04:43:03","date_gmt":"2025-06-15T02:43:03","guid":{"rendered":"https:\/\/lucacastelli.com\/prodotto\/piles-radio-courant\/"},"modified":"2025-06-29T07:37:53","modified_gmt":"2025-06-29T05:37:53","slug":"piles-radio-courant","status":"publish","type":"product","link":"https:\/\/lucacastelli.com\/fr\/produit\/piles-radio-courant\/","title":{"rendered":"MILWAUKEE Radio Batteries\/Courant"},"content":{"rendered":"<p>Radio AM\/FM avec processeur num\u00e9rique pour une r\u00e9ception parfaite des signaux&lt;Br&gt;  Haut-parleurs de 40 W pour un son puissant et clair&lt;Br&gt;  Compartiment \u00e9tanche pour ranger les lecteurs MP3 et autres appareils&lt;Br&gt;  Construction renforc\u00e9e et poign\u00e9es en m\u00e9tal pour r\u00e9sister aux environnements les plus difficiles.&lt;Br&gt;  \u00c9galiseur personnalisable et pr\u00e9r\u00e9glage de 10 stations&lt;Br&gt;  R\u00e9cepteur num\u00e9rique Bluetooth : permet d&#8217;\u00e9couter de la musique \u00e0 une distance maximale de 30 m \u00e0 partir de votre t\u00e9l\u00e9phone portable, de votre ordinateur ou de votre tablette&lt;Br&gt;  Ouvre-bouteille int\u00e9gr\u00e9&lt;Br&gt;  Chargeur int\u00e9gr\u00e9 de 3 amp\u00e8res : fonction de charge pour les batteries M18\u2122.&lt;Br&gt;  Port USB s\u00e9curis\u00e9 pour recharger les t\u00e9l\u00e9phones portables et autres appareils&lt;Br&gt;  Polyvalence : fonctionne avec des batteries de plateforme 18V Milwaukee\u00ae M18\u2122 ou avec l&#8217;\u00e9lectricit\u00e9.<\/p>\n<p>BARCODE : 4002395005420<\/p>\n<p>Caract\u00e9ristiques techniques<br \/>\n90<\/p>\n<p>Livr\u00e9 sans piles, livr\u00e9 sans chargeur, livr\u00e9 sans kitbox ni sac<\/p>\n","protected":false},"excerpt":{"rendered":"<p>Radio AM\/FM avec processeur num\u00e9rique pour une r\u00e9ception parfaite des signaux&lt;Br&gt; Haut-parleurs de 40 W pour un son puissant et<\/p>\n","protected":false},"featured_media":457910,"template":"","meta":{"_seopress_robots_primary_cat":"","_seopress_titles_title":"","_seopress_titles_desc":"","_seopress_robots_index":""},"product_brand":[3407],"product_cat":[29,514],"product_tag":[3270],"class_list":{"0":"post-461285","1":"product","2":"type-product","3":"status-publish","4":"has-post-thumbnail","6":"product_brand-milwaukee","7":"product_cat-macchinari","8":"product_cat-altri-dispositivi","9":"product_tag-import-milwau","10":"sws-gruppo-macchinari-fr","11":"sws-conto-ricavi-merci-rivendita-macchinari-fr","12":"sws-gruppo-iva-iva81-fr","14":"first","15":"onbackorder","16":"sale","17":"purchasable","18":"product-type-simple"},"_links":{"self":[{"href":"https:\/\/lucacastelli.com\/fr\/wp-json\/wp\/v2\/product\/461285","targetHints":{"allow":["GET"]}}],"collection":[{"href":"https:\/\/lucacastelli.com\/fr\/wp-json\/wp\/v2\/product"}],"about":[{"href":"https:\/\/lucacastelli.com\/fr\/wp-json\/wp\/v2\/types\/product"}],"wp:featuredmedia":[{"embeddable":true,"href":"https:\/\/lucacastelli.com\/fr\/wp-json\/wp\/v2\/media\/457910"}],"wp:attachment":[{"href":"https:\/\/lucacastelli.com\/fr\/wp-json\/wp\/v2\/media?parent=461285"}],"wp:term":[{"taxonomy":"product_brand","embeddable":true,"href":"https:\/\/lucacastelli.com\/fr\/wp-json\/wp\/v2\/product_brand?post=461285"},{"taxonomy":"product_cat","embeddable":true,"href":"https:\/\/lucacastelli.com\/fr\/wp-json\/wp\/v2\/product_cat?post=461285"},{"taxonomy":"product_tag","embeddable":true,"href":"https:\/\/lucacastelli.com\/fr\/wp-json\/wp\/v2\/product_tag?post=461285"}],"curies":[{"name":"wp","href":"https:\/\/api.w.org\/{rel}","templated":true}]}}