{"id":461284,"date":"2025-06-15T04:35:07","date_gmt":"2025-06-15T02:35:07","guid":{"rendered":"https:\/\/lucacastelli.com\/prodotto\/aspirateur\/"},"modified":"2025-06-29T07:38:46","modified_gmt":"2025-06-29T05:38:46","slug":"aspirateur","status":"publish","type":"product","link":"https:\/\/lucacastelli.com\/fr\/produit\/aspirateur\/","title":{"rendered":"MILWAUKEE Aspirateur"},"content":{"rendered":"<p>Aspirateur pour solides et liquides avec un d\u00e9bit d&#8217;air max. de 1275 l\/min et 105 mbar&lt;Br&gt;  26 minutes d&#8217;autonomie \u00e0 faible intensit\u00e9 et 14 minutes d&#8217;autonomie \u00e0 forte intensit\u00e9 (avec une batterie de 6,0 Ah)&lt;Br&gt;  Filtre HEPA avec une efficacit\u00e9 de d\u00e9poussi\u00e9rage de 99,97 % (particules inf\u00e9rieures \u00e0 0,3 micron)&lt;Br&gt;  Syst\u00e8me int\u00e9gr\u00e9 pour le transport du tuyau et des accessoires&lt;Br&gt;  Accouplement DEK 26 pour une fixation facile des outils&lt;Br&gt;  Conception compacte : 5,0 kg, capacit\u00e9 solide 5,7 l, capacit\u00e9 liquide 6,1&lt;Br&gt;  Plaque de montage mural incluse, pour une polyvalence maximale&lt;Br&gt;  Mode soufflerie pour d\u00e9placer les d\u00e9bris&lt;Br&gt;  L\u2019\u00e9lectronique REDLINK\u2122 offre une protection contre les surcharges de l\u2019outil et de la batterie pour une dur\u00e9e de vie plus longue&lt;Br&gt;  Fonctionne avec toutes les batteries MILWAUKEE\u00ae M12\u2122<\/p>\n<p>BARCODE : 4058546341190<\/p>\n<p>Caract\u00e9ristiques techniques<br \/>\nL<\/p>\n<p>Livr\u00e9 sans piles, sans chargeur, sans kitbox ou sac, buse plate et allong\u00e9e, tuyau, adaptateur DEK26, filtre HEPA universel, plaque de montage mural.<\/p>\n","protected":false},"excerpt":{"rendered":"<p>Aspirateur pour solides et liquides avec un d\u00e9bit d&#8217;air max. de 1275 l\/min et 105 mbar&lt;Br&gt; 26 minutes d&#8217;autonomie \u00e0<\/p>\n","protected":false},"featured_media":457831,"template":"","meta":{"_seopress_robots_primary_cat":"","_seopress_titles_title":"","_seopress_titles_desc":"","_seopress_robots_index":""},"product_brand":[3407],"product_cat":[29,514,517],"product_tag":[3270],"class_list":{"0":"post-461284","1":"product","2":"type-product","3":"status-publish","4":"has-post-thumbnail","6":"product_brand-milwaukee","7":"product_cat-macchinari","8":"product_cat-altri-dispositivi","9":"product_cat-aspiratori-per-la-pulizia","10":"product_tag-import-milwau","11":"sws-gruppo-macchinari-fr","12":"sws-conto-ricavi-merci-rivendita-macchinari-fr","13":"sws-gruppo-iva-iva81-fr","15":"first","16":"onbackorder","17":"sale","18":"purchasable","19":"product-type-simple"},"_links":{"self":[{"href":"https:\/\/lucacastelli.com\/fr\/wp-json\/wp\/v2\/product\/461284","targetHints":{"allow":["GET"]}}],"collection":[{"href":"https:\/\/lucacastelli.com\/fr\/wp-json\/wp\/v2\/product"}],"about":[{"href":"https:\/\/lucacastelli.com\/fr\/wp-json\/wp\/v2\/types\/product"}],"wp:featuredmedia":[{"embeddable":true,"href":"https:\/\/lucacastelli.com\/fr\/wp-json\/wp\/v2\/media\/457831"}],"wp:attachment":[{"href":"https:\/\/lucacastelli.com\/fr\/wp-json\/wp\/v2\/media?parent=461284"}],"wp:term":[{"taxonomy":"product_brand","embeddable":true,"href":"https:\/\/lucacastelli.com\/fr\/wp-json\/wp\/v2\/product_brand?post=461284"},{"taxonomy":"product_cat","embeddable":true,"href":"https:\/\/lucacastelli.com\/fr\/wp-json\/wp\/v2\/product_cat?post=461284"},{"taxonomy":"product_tag","embeddable":true,"href":"https:\/\/lucacastelli.com\/fr\/wp-json\/wp\/v2\/product_tag?post=461284"}],"curies":[{"name":"wp","href":"https:\/\/api.w.org\/{rel}","templated":true}]}}