{"id":461280,"date":"2025-06-15T05:14:20","date_gmt":"2025-06-15T03:14:20","guid":{"rendered":"https:\/\/lucacastelli.com\/prodotto\/tournevis-perceur-4\/"},"modified":"2025-06-29T07:37:26","modified_gmt":"2025-06-29T05:37:26","slug":"tournevis-perceur-4","status":"publish","type":"product","link":"https:\/\/lucacastelli.com\/fr\/produit\/tournevis-perceur-4\/","title":{"rendered":"MILWAUKEE Perceuse-visseuse"},"content":{"rendered":"<p>Conception extr\u00eamement compacte (151 mm) pour un acc\u00e8s dans les espaces restreints&lt;Br&gt;  Couple de 45 Nm &#8211; Excellent rapport couple\/taille&lt;Br&gt;  Le mandrin m\u00e9tallique robuste de 13 mm maintient fermement les forets ou les embouts, facilitant ainsi leur remplacement.&lt;Br&gt;  Embrayage m\u00e9canique avec 13 r\u00e9glages, s\u00e9lecteur pour le vissage sans\/avec percussion&lt;Br&gt;  Clip de ceinture et lampe LED&lt;Br&gt;  L&#8217;ADN de notre plateforme FUEL\u2122 red\u00e9finit la technologie sans fil. Le moteur sans balai POWERSTATE\u2122, les batteries REDLITHIUM\u2122 et l&#8217;\u00e9lectronique intelligente REDLINK PLUS\u2122 garantissent une puissance, une autonomie et une durabilit\u00e9 in\u00e9gal\u00e9es&lt;br&gt; Compatible avec toutes les batteries de la plateforme M12\u2122. <\/p>\n<p>BARCODE : 4058546376673<\/p>\n<p>Caract\u00e9ristiques techniques<br \/>\n12<\/p>\n<p>2 x batterie M12 B2, chargeur C12 C, mallette HeavyDuty<\/p>\n","protected":false},"excerpt":{"rendered":"<p>Conception extr\u00eamement compacte (151 mm) pour un acc\u00e8s dans les espaces restreints&lt;Br&gt; Couple de 45 Nm &#8211; Excellent rapport couple\/taille&lt;Br&gt;<\/p>\n","protected":false},"featured_media":458171,"template":"","meta":{"_seopress_robots_primary_cat":"","_seopress_titles_title":"","_seopress_titles_desc":"","_seopress_robots_index":""},"product_brand":[3658],"product_cat":[167,1453,1552],"product_tag":[3273],"class_list":{"0":"post-461280","1":"product","2":"type-product","3":"status-publish","4":"has-post-thumbnail","6":"product_brand-milwaukee-fr","7":"product_cat-machines","8":"product_cat-autres-appareils","9":"product_cat-perceuses-et-tournevis","10":"product_tag-import-milwau-fr","11":"sws-gruppo-macchinari-fr","12":"sws-conto-ricavi-merci-rivendita-macchinari-fr","13":"sws-gruppo-iva-iva81-fr","15":"first","16":"onbackorder","17":"sale","18":"purchasable","19":"product-type-simple"},"_links":{"self":[{"href":"https:\/\/lucacastelli.com\/fr\/wp-json\/wp\/v2\/product\/461280","targetHints":{"allow":["GET"]}}],"collection":[{"href":"https:\/\/lucacastelli.com\/fr\/wp-json\/wp\/v2\/product"}],"about":[{"href":"https:\/\/lucacastelli.com\/fr\/wp-json\/wp\/v2\/types\/product"}],"wp:featuredmedia":[{"embeddable":true,"href":"https:\/\/lucacastelli.com\/fr\/wp-json\/wp\/v2\/media\/458171"}],"wp:attachment":[{"href":"https:\/\/lucacastelli.com\/fr\/wp-json\/wp\/v2\/media?parent=461280"}],"wp:term":[{"taxonomy":"product_brand","embeddable":true,"href":"https:\/\/lucacastelli.com\/fr\/wp-json\/wp\/v2\/product_brand?post=461280"},{"taxonomy":"product_cat","embeddable":true,"href":"https:\/\/lucacastelli.com\/fr\/wp-json\/wp\/v2\/product_cat?post=461280"},{"taxonomy":"product_tag","embeddable":true,"href":"https:\/\/lucacastelli.com\/fr\/wp-json\/wp\/v2\/product_tag?post=461280"}],"curies":[{"name":"wp","href":"https:\/\/api.w.org\/{rel}","templated":true}]}}