{"id":461267,"date":"2025-06-15T05:36:01","date_gmt":"2025-06-15T03:36:01","guid":{"rendered":"https:\/\/lucacastelli.com\/prodotto\/tournevis-perceur\/"},"modified":"2025-06-29T07:36:49","modified_gmt":"2025-06-29T05:36:49","slug":"tournevis-perceur","status":"publish","type":"product","link":"https:\/\/lucacastelli.com\/fr\/produit\/tournevis-perceur\/","title":{"rendered":"MILWAUKEE Perceuse-visseuse"},"content":{"rendered":"<p>Bo\u00eete de vitesses en m\u00e9tal pour une plus grande long\u00e9vit\u00e9&lt;Br&gt;  L&#8217;\u00e9lectronique REDLINK\u2122 prot\u00e8ge l&#8217;outil et la batterie contre les surcharges.&lt;Br&gt;  Interrupteur \u00e0 vitesse variable pour un meilleur contr\u00f4le des applications&lt;Br&gt;  Mandrin sans cl\u00e9 de 10 mm : changement d&#8217;outil rapide et durabilit\u00e9 maximale&lt;Br&gt;  Poign\u00e9e souple&lt;Br&gt;  Surveillance des cellules individuelles de la batterie pour assurer une consommation homog\u00e8ne de la batterie et une plus grande autonomie et durabilit\u00e9 dans le temps&lt;Br&gt;  Indicateur d&#8217;\u00e9tat de charge de la batterie et lumi\u00e8re LED pour \u00e9clairer la zone de travail&lt;Br&gt;  La batterie REDLITHIUM\u2122 offre une construction de batterie sup\u00e9rieure, une \u00e9lectronique et des performances constantes pour offrir plus d\u2019autonomie et plus de travail pendant la dur\u00e9e de vie de la batterie&lt;Br&gt;  Plate-forme 12V : fonctionne avec toutes les batteries Milwaukee M12\u2122<\/p>\n<p>BARCODE : 4002395001248<\/p>\n<p>Caract\u00e9ristiques techniques<br \/>\n12<\/p>\n<p>2 x batterie M12 B2, chargeur C12 C, sacoche<\/p>\n","protected":false},"excerpt":{"rendered":"<p>Bo\u00eete de vitesses en m\u00e9tal pour une plus grande long\u00e9vit\u00e9&lt;Br&gt; L&#8217;\u00e9lectronique REDLINK\u2122 prot\u00e8ge l&#8217;outil et la batterie contre les surcharges.&lt;Br&gt;<\/p>\n","protected":false},"featured_media":458359,"template":"","meta":{"_seopress_robots_primary_cat":"","_seopress_titles_title":"","_seopress_titles_desc":"","_seopress_robots_index":""},"product_brand":[3407],"product_cat":[29,514],"product_tag":[3270],"class_list":{"0":"post-461267","1":"product","2":"type-product","3":"status-publish","4":"has-post-thumbnail","6":"product_brand-milwaukee","7":"product_cat-macchinari","8":"product_cat-altri-dispositivi","9":"product_tag-import-milwau","10":"sws-gruppo-macchinari-fr","11":"sws-conto-ricavi-merci-rivendita-macchinari-fr","12":"sws-gruppo-iva-iva81-fr","14":"first","15":"onbackorder","16":"sale","17":"purchasable","18":"product-type-simple"},"_links":{"self":[{"href":"https:\/\/lucacastelli.com\/fr\/wp-json\/wp\/v2\/product\/461267","targetHints":{"allow":["GET"]}}],"collection":[{"href":"https:\/\/lucacastelli.com\/fr\/wp-json\/wp\/v2\/product"}],"about":[{"href":"https:\/\/lucacastelli.com\/fr\/wp-json\/wp\/v2\/types\/product"}],"wp:featuredmedia":[{"embeddable":true,"href":"https:\/\/lucacastelli.com\/fr\/wp-json\/wp\/v2\/media\/458359"}],"wp:attachment":[{"href":"https:\/\/lucacastelli.com\/fr\/wp-json\/wp\/v2\/media?parent=461267"}],"wp:term":[{"taxonomy":"product_brand","embeddable":true,"href":"https:\/\/lucacastelli.com\/fr\/wp-json\/wp\/v2\/product_brand?post=461267"},{"taxonomy":"product_cat","embeddable":true,"href":"https:\/\/lucacastelli.com\/fr\/wp-json\/wp\/v2\/product_cat?post=461267"},{"taxonomy":"product_tag","embeddable":true,"href":"https:\/\/lucacastelli.com\/fr\/wp-json\/wp\/v2\/product_tag?post=461267"}],"curies":[{"name":"wp","href":"https:\/\/api.w.org\/{rel}","templated":true}]}}