{"id":461262,"date":"2025-06-15T05:42:53","date_gmt":"2025-06-15T03:42:53","guid":{"rendered":"https:\/\/lucacastelli.com\/prodotto\/cle-a-chocs-dangle\/"},"modified":"2025-06-29T07:36:50","modified_gmt":"2025-06-29T05:36:50","slug":"cle-a-chocs-dangle","status":"publish","type":"product","link":"https:\/\/lucacastelli.com\/fr\/produit\/cle-a-chocs-dangle\/","title":{"rendered":"Cl\u00e9 \u00e0 chocs d\u2019angle MILWAUKEE"},"content":{"rendered":"<p>Cl\u00e9 \u00e0 impulsion avec t\u00eate angulaire extr\u00eamement compacte, d&#8217;une longueur de 287 mm seulement, id\u00e9ale pour les espaces restreints (dimensions mm 287x54x70)&lt;Br&gt;  L&#8217;\u00e9lectronique REDLINK\u2122 prot\u00e8ge contre les surcharges et am\u00e9liore les performances de l&#8217;outil.&lt;Br&gt;  Bo\u00eete de vitesses en m\u00e9tal pour une plus grande long\u00e9vit\u00e9 et un couple maximal de 68 Nm&lt;Br&gt;  T\u00eate angulaire compacte, d&#8217;un diam\u00e8tre de 35,6 mm seulement&lt;Br&gt;  Conception permettant de tenir l&#8217;outil dans diff\u00e9rentes positions pour un maximum de confort&lt;Br&gt;  Douille hexagonale 1\/4&#8243; avec changement d&#8217;insert rapide&lt;Br&gt;  Surveillance constante de chaque cellule individuelle pour assurer un cycle de charge et de d\u00e9charge efficace de la batterie.&lt;Br&gt;  Indicateur d&#8217;\u00e9tat de charge de la batterie et lumi\u00e8re LED&lt;Br&gt;  La batterie REDLITHIUM\u2122 offre une construction de batterie sup\u00e9rieure, une \u00e9lectronique et des performances constantes pour offrir plus d\u2019autonomie et plus de travail pendant la dur\u00e9e de vie de la batterie&lt;Br&gt;  Fonctionne avec toutes les batteries Milwaukee M12\u2122<\/p>\n<p>BARCODE : 4002395167715<\/p>\n<p>Donn\u00e9es techniques<br \/>\nM12<\/p>\n<p>Livr\u00e9 sans piles, livr\u00e9 sans chargeur, livr\u00e9 sans kitbox ni sac<\/p>\n","protected":false},"excerpt":{"rendered":"<p>Cl\u00e9 \u00e0 impulsion avec t\u00eate angulaire extr\u00eamement compacte, d&#8217;une longueur de 287 mm seulement, id\u00e9ale pour les espaces restreints (dimensions<\/p>\n","protected":false},"featured_media":458417,"template":"","meta":{"_seopress_robots_primary_cat":"","_seopress_titles_title":"","_seopress_titles_desc":"","_seopress_robots_index":""},"product_brand":[3407],"product_cat":[29,514],"product_tag":[3270],"class_list":{"0":"post-461262","1":"product","2":"type-product","3":"status-publish","4":"has-post-thumbnail","6":"product_brand-milwaukee","7":"product_cat-macchinari","8":"product_cat-altri-dispositivi","9":"product_tag-import-milwau","10":"sws-gruppo-macchinari-fr","11":"sws-conto-ricavi-merci-rivendita-macchinari-fr","12":"sws-gruppo-iva-iva81-fr","14":"first","15":"onbackorder","16":"sale","17":"purchasable","18":"product-type-simple"},"_links":{"self":[{"href":"https:\/\/lucacastelli.com\/fr\/wp-json\/wp\/v2\/product\/461262","targetHints":{"allow":["GET"]}}],"collection":[{"href":"https:\/\/lucacastelli.com\/fr\/wp-json\/wp\/v2\/product"}],"about":[{"href":"https:\/\/lucacastelli.com\/fr\/wp-json\/wp\/v2\/types\/product"}],"wp:featuredmedia":[{"embeddable":true,"href":"https:\/\/lucacastelli.com\/fr\/wp-json\/wp\/v2\/media\/458417"}],"wp:attachment":[{"href":"https:\/\/lucacastelli.com\/fr\/wp-json\/wp\/v2\/media?parent=461262"}],"wp:term":[{"taxonomy":"product_brand","embeddable":true,"href":"https:\/\/lucacastelli.com\/fr\/wp-json\/wp\/v2\/product_brand?post=461262"},{"taxonomy":"product_cat","embeddable":true,"href":"https:\/\/lucacastelli.com\/fr\/wp-json\/wp\/v2\/product_cat?post=461262"},{"taxonomy":"product_tag","embeddable":true,"href":"https:\/\/lucacastelli.com\/fr\/wp-json\/wp\/v2\/product_tag?post=461262"}],"curies":[{"name":"wp","href":"https:\/\/api.w.org\/{rel}","templated":true}]}}