{"id":461256,"date":"2025-06-15T05:38:33","date_gmt":"2025-06-15T03:38:33","guid":{"rendered":"https:\/\/lucacastelli.com\/prodotto\/cle-a-chocs-2\/"},"modified":"2025-06-29T07:36:46","modified_gmt":"2025-06-29T05:36:46","slug":"cle-a-chocs-2","status":"publish","type":"product","link":"https:\/\/lucacastelli.com\/fr\/produit\/cle-a-chocs-2\/","title":{"rendered":"Cl\u00e9 \u00e0 chocs MILWAUKEE"},"content":{"rendered":"<p>Ses dimensions compactes de seulement 127 mm en font un outil id\u00e9al pour travailler dans les espaces restreints.&lt;Br&gt;  Couple de 170 Nm&lt;Br&gt;  Haute vitesse : 3600 tr\/min et 4000 coups\/min&lt;Br&gt;  Les trois diodes \u00e9lectroluminescentes situ\u00e9es \u00e0 l&#8217;avant de l&#8217;appareil \u00e9clairent la zone de travail.&lt;Br&gt;  La fonction DRIVE CONTROL permet \u00e0 l&#8217;utilisateur de s\u00e9lectionner trois r\u00e9glages de vitesse et de couple diff\u00e9rents, en plus du mode autotaraudant&lt;Br&gt;  Douille hexagonale 1\/4 pour un changement rapide des embouts&lt;Br&gt;  L&#8217;ADN de notre plateforme FUEL\u2122 red\u00e9finit la technologie sans fil. Le moteur sans balai POWERSTATE\u2122, les batteries REDLITHIUM\u2122 et l&#8217;\u00e9lectronique intelligente REDLINK PLUS\u2122 garantissent une puissance, une autonomie et une durabilit\u00e9 in\u00e9gal\u00e9es&lt;br&gt; Compatible avec toutes les batteries Milwaukee\u00ae M12\u2122. <\/p>\n<p>BARCODE : 4058546376710<\/p>\n<p>Caract\u00e9ristiques techniques<br \/>\n170<\/p>\n<p>2 x batterie M12 B2, chargeur C12 C, mallette HeavyDuty<\/p>\n","protected":false},"excerpt":{"rendered":"<p>Ses dimensions compactes de seulement 127 mm en font un outil id\u00e9al pour travailler dans les espaces restreints.&lt;Br&gt; Couple de<\/p>\n","protected":false},"featured_media":458380,"template":"","meta":{"_seopress_robots_primary_cat":"","_seopress_titles_title":"","_seopress_titles_desc":"","_seopress_robots_index":""},"product_brand":[3407],"product_cat":[29,514],"product_tag":[3270],"class_list":{"0":"post-461256","1":"product","2":"type-product","3":"status-publish","4":"has-post-thumbnail","6":"product_brand-milwaukee","7":"product_cat-macchinari","8":"product_cat-altri-dispositivi","9":"product_tag-import-milwau","10":"sws-gruppo-macchinari-fr","11":"sws-conto-ricavi-merci-rivendita-macchinari-fr","12":"sws-gruppo-iva-iva81-fr","14":"first","15":"onbackorder","16":"sale","17":"purchasable","18":"product-type-simple"},"_links":{"self":[{"href":"https:\/\/lucacastelli.com\/fr\/wp-json\/wp\/v2\/product\/461256","targetHints":{"allow":["GET"]}}],"collection":[{"href":"https:\/\/lucacastelli.com\/fr\/wp-json\/wp\/v2\/product"}],"about":[{"href":"https:\/\/lucacastelli.com\/fr\/wp-json\/wp\/v2\/types\/product"}],"wp:featuredmedia":[{"embeddable":true,"href":"https:\/\/lucacastelli.com\/fr\/wp-json\/wp\/v2\/media\/458380"}],"wp:attachment":[{"href":"https:\/\/lucacastelli.com\/fr\/wp-json\/wp\/v2\/media?parent=461256"}],"wp:term":[{"taxonomy":"product_brand","embeddable":true,"href":"https:\/\/lucacastelli.com\/fr\/wp-json\/wp\/v2\/product_brand?post=461256"},{"taxonomy":"product_cat","embeddable":true,"href":"https:\/\/lucacastelli.com\/fr\/wp-json\/wp\/v2\/product_cat?post=461256"},{"taxonomy":"product_tag","embeddable":true,"href":"https:\/\/lucacastelli.com\/fr\/wp-json\/wp\/v2\/product_tag?post=461256"}],"curies":[{"name":"wp","href":"https:\/\/api.w.org\/{rel}","templated":true}]}}