{"id":461253,"date":"2025-06-15T05:51:43","date_gmt":"2025-06-15T03:51:43","guid":{"rendered":"https:\/\/lucacastelli.com\/prodotto\/cle-a-chocs\/"},"modified":"2025-11-28T11:30:39","modified_gmt":"2025-11-28T10:30:39","slug":"cle-a-chocs","status":"publish","type":"product","link":"https:\/\/lucacastelli.com\/fr\/produit\/cle-a-chocs\/","title":{"rendered":"Cl\u00e9 \u00e0 chocs MILWAUKEE"},"content":{"rendered":"<p>Capable de fournir jusqu&#8217;\u00e0 270 Nm de couple de serrage et 300 Nm de couple de desserrage&lt;Br&gt;  Syst\u00e8me DRIVE CONTROL \u00e0 4 modes, y compris les modes Auto Suht-Off et Bolt Removal pour \u00e9viter un serrage excessif et offrir plus de contr\u00f4le lors du d\u00e9vissage.&lt;Br&gt;  Profil de corps conique 219 mm, pour une accessibilit\u00e9 maximale&lt;Br&gt;  T\u00eate compacte de 71 mm, pour les applications dans les espaces confin\u00e9s&lt;Br&gt;  Douille 1\/2&#8243; avec anneau de friction pour un changement rapide des douilles&lt;Br&gt;  Lumi\u00e8re LED pour \u00e9clairer le domaine d\u2019application&lt;Br&gt;  Rev\u00eatement en caoutchouc, r\u00e9sistant aux mat\u00e9riaux corrosifs et confortable&lt;Br&gt;  La technologie FUEL\u2122 red\u00e9finit les outils \u00e9lectriques sans fil. Le moteur sans balais, l\u2019\u00e9lectronique REDLINK PLUS\u2122 et la batterie REDLITHIUM\u2122 offrent des performances et une durabilit\u00e9 sup\u00e9rieures&lt;br&gt; Fonctionne avec toutes les batteries MILWAUKEE\u00ae M12\u2122 <\/p>\n<p>BARCODE : 4058546295981<\/p>\n<p>Donn\u00e9es techniques<br \/>\n1.7 (M12 B4)<\/p>\n<p>Livr\u00e9 sans piles, livr\u00e9 sans chargeur, livr\u00e9 sans kitbox ni sac<\/p>\n","protected":false},"excerpt":{"rendered":"<p>Capable de fournir jusqu&#8217;\u00e0 270 Nm de couple de serrage et 300 Nm de couple de desserrage&lt;Br&gt; Syst\u00e8me DRIVE CONTROL<\/p>\n","protected":false},"featured_media":458505,"template":"","meta":{"_seopress_robots_primary_cat":"","_seopress_titles_title":"","_seopress_titles_desc":"","_seopress_robots_index":""},"product_brand":[3407],"product_cat":[29,514],"product_tag":[3270],"class_list":{"0":"post-461253","1":"product","2":"type-product","3":"status-publish","4":"has-post-thumbnail","6":"product_brand-milwaukee","7":"product_cat-macchinari","8":"product_cat-altri-dispositivi","9":"product_tag-import-milwau","10":"sws-gruppo-macchinari-fr","11":"sws-conto-ricavi-merci-rivendita-macchinari-fr","12":"sws-gruppo-iva-iva81-fr","14":"first","15":"onbackorder","16":"sale","17":"purchasable","18":"product-type-simple"},"_links":{"self":[{"href":"https:\/\/lucacastelli.com\/fr\/wp-json\/wp\/v2\/product\/461253","targetHints":{"allow":["GET"]}}],"collection":[{"href":"https:\/\/lucacastelli.com\/fr\/wp-json\/wp\/v2\/product"}],"about":[{"href":"https:\/\/lucacastelli.com\/fr\/wp-json\/wp\/v2\/types\/product"}],"wp:featuredmedia":[{"embeddable":true,"href":"https:\/\/lucacastelli.com\/fr\/wp-json\/wp\/v2\/media\/458505"}],"wp:attachment":[{"href":"https:\/\/lucacastelli.com\/fr\/wp-json\/wp\/v2\/media?parent=461253"}],"wp:term":[{"taxonomy":"product_brand","embeddable":true,"href":"https:\/\/lucacastelli.com\/fr\/wp-json\/wp\/v2\/product_brand?post=461253"},{"taxonomy":"product_cat","embeddable":true,"href":"https:\/\/lucacastelli.com\/fr\/wp-json\/wp\/v2\/product_cat?post=461253"},{"taxonomy":"product_tag","embeddable":true,"href":"https:\/\/lucacastelli.com\/fr\/wp-json\/wp\/v2\/product_tag?post=461253"}],"curies":[{"name":"wp","href":"https:\/\/api.w.org\/{rel}","templated":true}]}}