{"id":461250,"date":"2025-06-15T05:50:15","date_gmt":"2025-06-15T03:50:15","guid":{"rendered":"https:\/\/lucacastelli.com\/prodotto\/machine-a-riveter\/"},"modified":"2025-06-29T07:36:57","modified_gmt":"2025-06-29T05:36:57","slug":"machine-a-riveter","status":"publish","type":"product","link":"https:\/\/lucacastelli.com\/fr\/produit\/machine-a-riveter\/","title":{"rendered":"MILWAUKEE Riveteur"},"content":{"rendered":"<p>Permet de poser jusqu&#8217;\u00e0 325 rivets en acier inoxydable de 4,8 mm avec une seule charge de batterie (2,0 Ah).&lt;Br&gt;  Convient \u00e0 la pose de rivets en aluminium, acier, acier inoxydable et cuivre d&#8217;un diam\u00e8tre de 2,4 mm \u00e0 4,8 mm.&lt;Br&gt;  Longueur de la course : 20,32 mm&lt;Br&gt;  Les buses maintiennent les rivets \u00e0 n&#8217;importe quel angle&lt;Br&gt;  Pinces accessibles sans outils et compartiment \u00e0 buses sur l&#8217;outil&lt;Br&gt;  Indicateur d&#8217;\u00e9tat de charge sur l&#8217;outil et lumi\u00e8re LED pour \u00e9clairer la zone d&#8217;application&lt;Br&gt;  Conception compacte : hauteur 273 mm, largeur 67 mm, longueur 240 mm (bec 60 mm, partie centrale 100 mm, r\u00e9servoir 80 mm)&lt;Br&gt;  Crochet de ceinture et boucle de lani\u00e8re int\u00e9gr\u00e9s&lt;Br&gt;  La batterie REDLITHIUM\u2122 garantit des performances, une durabilit\u00e9 et une autonomie sup\u00e9rieures.&lt;Br&gt;  Compatible avec toutes les batteries Milwaukee\u00ae M12\u2122<\/p>\n<p>BARCODE : 4058546223502<\/p>\n<p>Caract\u00e9ristiques techniques<br \/>\n12<\/p>\n<p>1 x Batterie M12 B2, chargeur C12 C, mallette HeavyDuty<\/p>\n","protected":false},"excerpt":{"rendered":"<p>Permet de poser jusqu&#8217;\u00e0 325 rivets en acier inoxydable de 4,8 mm avec une seule charge de batterie (2,0 Ah).&lt;Br&gt;<\/p>\n","protected":false},"featured_media":458459,"template":"","meta":{"_seopress_robots_primary_cat":"","_seopress_titles_title":"","_seopress_titles_desc":"","_seopress_robots_index":""},"product_brand":[3407],"product_cat":[29,514],"product_tag":[3270],"class_list":{"0":"post-461250","1":"product","2":"type-product","3":"status-publish","4":"has-post-thumbnail","6":"product_brand-milwaukee","7":"product_cat-macchinari","8":"product_cat-altri-dispositivi","9":"product_tag-import-milwau","10":"sws-gruppo-macchinari-fr","11":"sws-conto-ricavi-merci-rivendita-macchinari-fr","12":"sws-gruppo-iva-iva81-fr","14":"first","15":"onbackorder","16":"sale","17":"purchasable","18":"product-type-simple"},"_links":{"self":[{"href":"https:\/\/lucacastelli.com\/fr\/wp-json\/wp\/v2\/product\/461250","targetHints":{"allow":["GET"]}}],"collection":[{"href":"https:\/\/lucacastelli.com\/fr\/wp-json\/wp\/v2\/product"}],"about":[{"href":"https:\/\/lucacastelli.com\/fr\/wp-json\/wp\/v2\/types\/product"}],"wp:featuredmedia":[{"embeddable":true,"href":"https:\/\/lucacastelli.com\/fr\/wp-json\/wp\/v2\/media\/458459"}],"wp:attachment":[{"href":"https:\/\/lucacastelli.com\/fr\/wp-json\/wp\/v2\/media?parent=461250"}],"wp:term":[{"taxonomy":"product_brand","embeddable":true,"href":"https:\/\/lucacastelli.com\/fr\/wp-json\/wp\/v2\/product_brand?post=461250"},{"taxonomy":"product_cat","embeddable":true,"href":"https:\/\/lucacastelli.com\/fr\/wp-json\/wp\/v2\/product_cat?post=461250"},{"taxonomy":"product_tag","embeddable":true,"href":"https:\/\/lucacastelli.com\/fr\/wp-json\/wp\/v2\/product_tag?post=461250"}],"curies":[{"name":"wp","href":"https:\/\/api.w.org\/{rel}","templated":true}]}}