{"id":461240,"date":"2025-06-15T06:00:07","date_gmt":"2025-06-15T04:00:07","guid":{"rendered":"https:\/\/lucacastelli.com\/prodotto\/cle-dynamometrique-numerique\/"},"modified":"2025-06-29T07:36:11","modified_gmt":"2025-06-29T05:36:11","slug":"cle-dynamometrique-numerique-4","status":"publish","type":"product","link":"https:\/\/lucacastelli.com\/fr\/produit\/cle-dynamometrique-numerique-4\/","title":{"rendered":"MILWAUKEE Cl\u00e9 dynamom\u00e9trique num\u00e9rique"},"content":{"rendered":"<p>La premi\u00e8re cl\u00e9 dynamom\u00e9trique num\u00e9rique de\u00ae Milwaukee offre une installation jusqu\u2019\u00e0 50 % plus rapide en rempla\u00e7ant l\u2019outil \u00e0 main&lt;Br&gt;  Fournit un couple de 13,6 \u00e0 135,6 Nm, avec une pr\u00e9cision de \u00b12%.&lt;Br&gt;  Rapports de serrage plus rapides gr\u00e2ce au syst\u00e8me ONE-KEY\u2122 qui fournit des donn\u00e9es sur les applications effectu\u00e9es&lt;Br&gt;  Niveau de couple r\u00e9glable pour \u00e9viter de serrer au-del\u00e0 de la limite&lt;Br&gt;  Quatre syst\u00e8mes de mesure (ft-lb, in-lb, Nm, Kg-cm)&lt;Br&gt;  Extr\u00eamement robuste&lt;Br&gt;  Notifications sonores, visuelles et tactiles pour signaler que vous atteignez le niveau d\u00e9fini, que vous terminez l\u2019application ou que vous d\u00e9passez le couple de serrage souhait\u00e9&lt;Br&gt;  Six langues pr\u00e9programm\u00e9es, dont l\u2019anglais, l\u2019italien, l\u2019espagnol et le fran\u00e7ais&lt;Br&gt;  La technologie FUEL\u2122 red\u00e9finit les outils \u00e9lectriques sans fil. Le moteur sans balais, l\u2019\u00e9lectronique REDLINK PLUS\u2122 et la batterie REDLITHIUM\u2122 offrent des performances et une durabilit\u00e9 sup\u00e9rieures&lt;br&gt; Fonctionne avec toutes les batteries MILWAUKEE\u00ae M12\u2122 <\/p>\n<p>BARCODE : 4058546229115<\/p>\n<p>Caract\u00e9ristiques techniques<br \/>\n2.5 (M12 B2)<\/p>\n<p>Livr\u00e9 sans piles, livr\u00e9 sans chargeur, \u00e9tui de bar<\/p>\n","protected":false},"excerpt":{"rendered":"<p>La premi\u00e8re cl\u00e9 dynamom\u00e9trique num\u00e9rique de\u00ae Milwaukee offre une installation jusqu\u2019\u00e0 50 % plus rapide en rempla\u00e7ant l\u2019outil \u00e0 main&lt;Br&gt;<\/p>\n","protected":false},"featured_media":458584,"template":"","meta":{"_seopress_robots_primary_cat":"","_seopress_titles_title":"","_seopress_titles_desc":"","_seopress_robots_index":""},"product_brand":[3658],"product_cat":[167,1453],"product_tag":[3273],"class_list":{"0":"post-461240","1":"product","2":"type-product","3":"status-publish","4":"has-post-thumbnail","6":"product_brand-milwaukee-fr","7":"product_cat-machines","8":"product_cat-autres-appareils","9":"product_tag-import-milwau-fr","10":"sws-gruppo-macchinari-fr","11":"sws-conto-ricavi-merci-rivendita-macchinari-fr","12":"sws-gruppo-iva-iva81-fr","14":"first","15":"onbackorder","16":"sale","17":"purchasable","18":"product-type-simple"},"_links":{"self":[{"href":"https:\/\/lucacastelli.com\/fr\/wp-json\/wp\/v2\/product\/461240","targetHints":{"allow":["GET"]}}],"collection":[{"href":"https:\/\/lucacastelli.com\/fr\/wp-json\/wp\/v2\/product"}],"about":[{"href":"https:\/\/lucacastelli.com\/fr\/wp-json\/wp\/v2\/types\/product"}],"wp:featuredmedia":[{"embeddable":true,"href":"https:\/\/lucacastelli.com\/fr\/wp-json\/wp\/v2\/media\/458584"}],"wp:attachment":[{"href":"https:\/\/lucacastelli.com\/fr\/wp-json\/wp\/v2\/media?parent=461240"}],"wp:term":[{"taxonomy":"product_brand","embeddable":true,"href":"https:\/\/lucacastelli.com\/fr\/wp-json\/wp\/v2\/product_brand?post=461240"},{"taxonomy":"product_cat","embeddable":true,"href":"https:\/\/lucacastelli.com\/fr\/wp-json\/wp\/v2\/product_cat?post=461240"},{"taxonomy":"product_tag","embeddable":true,"href":"https:\/\/lucacastelli.com\/fr\/wp-json\/wp\/v2\/product_tag?post=461240"}],"curies":[{"name":"wp","href":"https:\/\/api.w.org\/{rel}","templated":true}]}}