{"id":461231,"date":"2025-06-15T06:10:29","date_gmt":"2025-06-15T04:10:29","guid":{"rendered":"https:\/\/lucacastelli.com\/prodotto\/cliquet-2\/"},"modified":"2025-06-29T07:36:24","modified_gmt":"2025-06-29T05:36:24","slug":"cliquet-2","status":"publish","type":"product","link":"https:\/\/lucacastelli.com\/fr\/produit\/cliquet-2\/","title":{"rendered":"Cliquet MILWAUKEE"},"content":{"rendered":"<p>Capable de fournir un couple maximal de 47 Nm \u00e0 450 tr\/min, pour des applications extr\u00eamement rapides.&lt;Br&gt;  T\u00eate \u00e0 profil bas de 19 mm pour un acc\u00e8s maximal dans les espaces restreints&lt;Br&gt;  Interrupteur \u00e0 vitesse variable pour un contr\u00f4le maximal pendant l&#8217;application&lt;Br&gt;  La technologie FUEL\u2122 et le carter d&#8217;engrenage en acier inoxydable garantissent une plus longue dur\u00e9e de vie de l&#8217;outil.&lt;Br&gt;  Poign\u00e9e en caoutchouc, r\u00e9sistant \u00e0 une utilisation intensive et offrant un confort maximal&lt;Br&gt;  Indicateur d\u2019\u00e9tat de charge de la batterie et voyant LED pour \u00e9clairer la zone d\u2019application&lt;Br&gt;  Garantit le vissage et le d\u00e9vissage de 210 boulons M8 avec une seule charge de batterie (2.0 Ah)&lt;Br&gt;  La technologie FUEL\u2122 red\u00e9finit les outils \u00e9lectriques sans fil. Le moteur sans balais, l\u2019\u00e9lectronique REDLINK PLUS\u2122 et la batterie REDLITHIUM\u2122 offrent des performances et une durabilit\u00e9 sup\u00e9rieures&lt;br&gt; Fonctionne avec toutes les batteries MILWAUKEE\u00ae M12\u2122 <\/p>\n<p>BARCODE : 4058546341046<\/p>\n<p>Caract\u00e9ristiques techniques<br \/>\nAucun sac ni box fourni<\/p>\n<p>Livr\u00e9 sans piles, livr\u00e9 sans chargeur, livr\u00e9 sans kitbox ni sac<\/p>\n","protected":false},"excerpt":{"rendered":"<p>Capable de fournir un couple maximal de 47 Nm \u00e0 450 tr\/min, pour des applications extr\u00eamement rapides.&lt;Br&gt; T\u00eate \u00e0 profil<\/p>\n","protected":false},"featured_media":458684,"template":"","meta":{"_seopress_robots_primary_cat":"","_seopress_titles_title":"","_seopress_titles_desc":"","_seopress_robots_index":""},"product_brand":[3407],"product_cat":[29,514],"product_tag":[3270],"class_list":{"0":"post-461231","1":"product","2":"type-product","3":"status-publish","4":"has-post-thumbnail","6":"product_brand-milwaukee","7":"product_cat-macchinari","8":"product_cat-altri-dispositivi","9":"product_tag-import-milwau","10":"sws-gruppo-macchinari-fr","11":"sws-conto-ricavi-merci-rivendita-macchinari-fr","12":"sws-gruppo-iva-iva81-fr","14":"first","15":"onbackorder","16":"sale","17":"purchasable","18":"product-type-simple"},"_links":{"self":[{"href":"https:\/\/lucacastelli.com\/fr\/wp-json\/wp\/v2\/product\/461231","targetHints":{"allow":["GET"]}}],"collection":[{"href":"https:\/\/lucacastelli.com\/fr\/wp-json\/wp\/v2\/product"}],"about":[{"href":"https:\/\/lucacastelli.com\/fr\/wp-json\/wp\/v2\/types\/product"}],"wp:featuredmedia":[{"embeddable":true,"href":"https:\/\/lucacastelli.com\/fr\/wp-json\/wp\/v2\/media\/458684"}],"wp:attachment":[{"href":"https:\/\/lucacastelli.com\/fr\/wp-json\/wp\/v2\/media?parent=461231"}],"wp:term":[{"taxonomy":"product_brand","embeddable":true,"href":"https:\/\/lucacastelli.com\/fr\/wp-json\/wp\/v2\/product_brand?post=461231"},{"taxonomy":"product_cat","embeddable":true,"href":"https:\/\/lucacastelli.com\/fr\/wp-json\/wp\/v2\/product_cat?post=461231"},{"taxonomy":"product_tag","embeddable":true,"href":"https:\/\/lucacastelli.com\/fr\/wp-json\/wp\/v2\/product_tag?post=461231"}],"curies":[{"name":"wp","href":"https:\/\/api.w.org\/{rel}","templated":true}]}}