{"id":461202,"date":"2025-06-15T06:26:00","date_gmt":"2025-06-15T04:26:00","guid":{"rendered":"https:\/\/lucacastelli.com\/prodotto\/pistolet-a-graisse\/"},"modified":"2025-06-29T07:35:51","modified_gmt":"2025-06-29T05:35:51","slug":"pistolet-a-graisse","status":"publish","type":"product","link":"https:\/\/lucacastelli.com\/fr\/produit\/pistolet-a-graisse\/","title":{"rendered":"Pistolet \u00e0 graisse MILWAUKEE"},"content":{"rendered":"<p>Le puissant moteur de 12V exerce une pression de plus de 562 bars&lt;Br&gt;  L&#8217;\u00e9lectronique REDLINK\u2122 prot\u00e8ge l&#8217;outil et la batterie contre les surcharges.&lt;Br&gt;  Autonomie maximale, jusqu&#8217;\u00e0 7 cartouches avec une seule charge&lt;Br&gt;  Ergonomique et maniable, il ne mesure que 355 mm de long et p\u00e8se 3,2 kg.&lt;Br&gt;  Soupape d&#8217;exc\u00e8s d&#8217;air&lt;Br&gt;  Bo\u00eetier de tuyau int\u00e9gr\u00e9&lt;Br&gt;  Trois possibilit\u00e9s d&#8217;application avec la cartouche, le bac et l&#8217;aspiration&lt;Br&gt;  Capacit\u00e9 du r\u00e9cipient : 400 ml en cartouche, 473 ml en vrac&lt;Br&gt;  Surveillance des cellules individuelles de la batterie pour assurer une consommation homog\u00e8ne de la batterie et une plus grande autonomie et durabilit\u00e9 dans le temps&lt;Br&gt;  Indicateur d&#8217;\u00e9tat de charge de la batterie et lumi\u00e8re LED pour \u00e9clairer la zone de travail&lt;Br&gt;  La batterie REDLITHIUM\u2122 offre une construction de batterie sup\u00e9rieure, une \u00e9lectronique et des performances constantes pour offrir plus d\u2019autonomie et plus de travail pendant la dur\u00e9e de vie de la batterie&lt;Br&gt;  Plateforme 12V : fonctionne avec toutes les batteries Milwaukee\u00ae M12\u2122<\/p>\n<p>BARCODE : 4002395001903<\/p>\n<p>Donn\u00e9es techniques<br \/>\n1<\/p>\n<p>1 x batterie M12 B4, chargeur C12 C, sac, tuyau 914 mm x 14,4 mm avec ressort de protection  <\/p>\n","protected":false},"excerpt":{"rendered":"<p>Le puissant moteur de 12V exerce une pression de plus de 562 bars&lt;Br&gt; L&#8217;\u00e9lectronique REDLINK\u2122 prot\u00e8ge l&#8217;outil et la batterie<\/p>\n","protected":false},"featured_media":458826,"template":"","meta":{"_seopress_robots_primary_cat":"","_seopress_titles_title":"","_seopress_titles_desc":"","_seopress_robots_index":""},"product_brand":[3407],"product_cat":[29,514],"product_tag":[3270],"class_list":{"0":"post-461202","1":"product","2":"type-product","3":"status-publish","4":"has-post-thumbnail","6":"product_brand-milwaukee","7":"product_cat-macchinari","8":"product_cat-altri-dispositivi","9":"product_tag-import-milwau","10":"sws-gruppo-macchinari-fr","11":"sws-conto-ricavi-merci-rivendita-macchinari-fr","12":"sws-gruppo-iva-iva81-fr","14":"first","15":"onbackorder","16":"sale","17":"purchasable","18":"product-type-simple"},"_links":{"self":[{"href":"https:\/\/lucacastelli.com\/fr\/wp-json\/wp\/v2\/product\/461202","targetHints":{"allow":["GET"]}}],"collection":[{"href":"https:\/\/lucacastelli.com\/fr\/wp-json\/wp\/v2\/product"}],"about":[{"href":"https:\/\/lucacastelli.com\/fr\/wp-json\/wp\/v2\/types\/product"}],"wp:featuredmedia":[{"embeddable":true,"href":"https:\/\/lucacastelli.com\/fr\/wp-json\/wp\/v2\/media\/458826"}],"wp:attachment":[{"href":"https:\/\/lucacastelli.com\/fr\/wp-json\/wp\/v2\/media?parent=461202"}],"wp:term":[{"taxonomy":"product_brand","embeddable":true,"href":"https:\/\/lucacastelli.com\/fr\/wp-json\/wp\/v2\/product_brand?post=461202"},{"taxonomy":"product_cat","embeddable":true,"href":"https:\/\/lucacastelli.com\/fr\/wp-json\/wp\/v2\/product_cat?post=461202"},{"taxonomy":"product_tag","embeddable":true,"href":"https:\/\/lucacastelli.com\/fr\/wp-json\/wp\/v2\/product_tag?post=461202"}],"curies":[{"name":"wp","href":"https:\/\/api.w.org\/{rel}","templated":true}]}}