{"id":461197,"date":"2025-06-15T06:29:02","date_gmt":"2025-06-15T04:29:02","guid":{"rendered":"https:\/\/lucacastelli.com\/prodotto\/pistolet-a-silicone-5\/"},"modified":"2026-04-16T02:31:17","modified_gmt":"2026-04-16T00:31:17","slug":"pistolet-a-silicone-5","status":"publish","type":"product","link":"https:\/\/lucacastelli.com\/fr\/produit\/pistolet-a-silicone-5\/","title":{"rendered":"MILWAUKEE Pistolet \u00e0 silicone"},"content":{"rendered":"<p>Jusqu\u2019\u00e0 1 780 N de puissance&lt;br&gt; \u00c9lectronique REDLINK\u2122 prot\u00e9geant l\u2019outil et la batterie contre les surcharges&lt;br&gt; Performances optimis\u00e9es avec la plupart des mastics et colles du march\u00e9&lt;br&gt; Fonction anti-goutte pour \u00e9viter l\u2019\u00e9coulement accidentel de mat\u00e9riau&lt;br&gt; S\u00e9lecteur \u00e0 6 vitesses pour un contr\u00f4le maximal&lt;br&gt; Piston robuste assurant une pouss\u00e9e constante et l\u2019expulsion totale du mat\u00e9riau de la cartouche&lt;br&gt; Gestion individuelle des cellules pour optimiser la consommation, l\u2019autonomie et la dur\u00e9e de vie de la batterie&lt;br&gt; Indicateur de charge de la batterie&lt;br&gt; La batterie REDLITHIUM\u2122 offre une construction, une \u00e9lectronique et des performances sup\u00e9rieures pour plus d\u2019autonomie et de long\u00e9vit\u00e9&lt;br&gt; Plateforme 12 V : fonctionne avec toutes les batteries Milwaukee\u00ae M12\u2122<\/p>\n<p>CODE-BARRES : 4002395002283<\/p>\n<p>Donn\u00e9es techniques<br \/>\n0<\/p>\n<p>Livr\u00e9 sans batterie, sans chargeur, sans coffret ni sac, tube alu de 600 ml<\/p>\n","protected":false},"excerpt":{"rendered":"<p>Jusqu\u2019\u00e0 1 780 N de puissance&lt;br&gt; \u00c9lectronique REDLINK\u2122 prot\u00e9geant l\u2019outil et la batterie contre les surcharges&lt;br&gt; Performances optimis\u00e9es avec la<\/p>\n","protected":false},"featured_media":458860,"template":"","meta":{"_seopress_robots_primary_cat":"none","_seopress_titles_title":"","_seopress_titles_desc":"","_seopress_robots_index":""},"product_brand":[3407],"product_cat":[29,514],"product_tag":[3270],"class_list":{"0":"post-461197","1":"product","2":"type-product","3":"status-publish","4":"has-post-thumbnail","6":"product_brand-milwaukee","7":"product_cat-macchinari","8":"product_cat-altri-dispositivi","9":"product_tag-import-milwau","10":"sws-gruppo-macchinari-fr","11":"sws-conto-ricavi-merci-rivendita-macchinari-fr","12":"sws-gruppo-iva-iva81-fr","14":"first","15":"onbackorder","16":"sale","17":"purchasable","18":"product-type-simple"},"_links":{"self":[{"href":"https:\/\/lucacastelli.com\/fr\/wp-json\/wp\/v2\/product\/461197","targetHints":{"allow":["GET"]}}],"collection":[{"href":"https:\/\/lucacastelli.com\/fr\/wp-json\/wp\/v2\/product"}],"about":[{"href":"https:\/\/lucacastelli.com\/fr\/wp-json\/wp\/v2\/types\/product"}],"wp:featuredmedia":[{"embeddable":true,"href":"https:\/\/lucacastelli.com\/fr\/wp-json\/wp\/v2\/media\/458860"}],"wp:attachment":[{"href":"https:\/\/lucacastelli.com\/fr\/wp-json\/wp\/v2\/media?parent=461197"}],"wp:term":[{"taxonomy":"product_brand","embeddable":true,"href":"https:\/\/lucacastelli.com\/fr\/wp-json\/wp\/v2\/product_brand?post=461197"},{"taxonomy":"product_cat","embeddable":true,"href":"https:\/\/lucacastelli.com\/fr\/wp-json\/wp\/v2\/product_cat?post=461197"},{"taxonomy":"product_tag","embeddable":true,"href":"https:\/\/lucacastelli.com\/fr\/wp-json\/wp\/v2\/product_tag?post=461197"}],"curies":[{"name":"wp","href":"https:\/\/api.w.org\/{rel}","templated":true}]}}