{"id":461185,"date":"2025-06-15T06:41:04","date_gmt":"2025-06-15T04:41:04","guid":{"rendered":"https:\/\/lucacastelli.com\/prodotto\/soudeur\/"},"modified":"2025-06-29T07:35:12","modified_gmt":"2025-06-29T05:35:12","slug":"soudeur","status":"publish","type":"product","link":"https:\/\/lucacastelli.com\/fr\/produit\/soudeur\/","title":{"rendered":"Soudeur MILWAUKEE"},"content":{"rendered":"<p>Chauffage extr\u00eamement rapide, pr\u00eat \u00e0 l\u2019emploi en 20 \u00e0 30 secondes&lt;Br&gt;  T\u00eate verrouillable en 3 positions (0\u00b0, 45\u00b0, 90\u00b0), pour une polyvalence maximale&lt;Br&gt;  Forets rempla\u00e7ables sans outil&lt;Br&gt;  Lumi\u00e8re LED bicolore : verte clignotante pendant le pr\u00e9chauffage, verte constante pour l\u2019utilisation et rouge constante lorsque l\u2019outil est \u00e9teint mais toujours chaud&lt;Br&gt;  Surveillance de la temp\u00e9rature pour maintenir la chaleur pendant les applications&lt;Br&gt;  Lumi\u00e8re LED pour \u00e9clairer le domaine d\u2019application&lt;Br&gt;  Compatible avec toutes les batteries Milwaukee\u00ae M12\u2122  <\/p>\n<p>BARCODE : 4058546029333<\/p>\n<p>Caract\u00e9ristiques techniques Coffret<\/p>\n<p>1 x batterie M12 B2, chargeur C12 C, mallette de transport, pointe de crayon, pointe de ciseau<\/p>\n","protected":false},"excerpt":{"rendered":"<p>Chauffage extr\u00eamement rapide, pr\u00eat \u00e0 l\u2019emploi en 20 \u00e0 30 secondes&lt;Br&gt; T\u00eate verrouillable en 3 positions (0\u00b0, 45\u00b0, 90\u00b0), pour<\/p>\n","protected":false},"featured_media":442204,"template":"","meta":{"_seopress_robots_primary_cat":"","_seopress_titles_title":"","_seopress_titles_desc":"","_seopress_robots_index":""},"product_brand":[3407],"product_cat":[29,514],"product_tag":[3270],"class_list":{"0":"post-461185","1":"product","2":"type-product","3":"status-publish","4":"has-post-thumbnail","6":"product_brand-milwaukee","7":"product_cat-macchinari","8":"product_cat-altri-dispositivi","9":"product_tag-import-milwau","10":"sws-gruppo-macchinari-fr","11":"sws-conto-ricavi-merci-rivendita-macchinari-fr","12":"sws-gruppo-iva-iva81-fr","14":"first","15":"onbackorder","16":"sale","17":"purchasable","18":"product-type-simple"},"_links":{"self":[{"href":"https:\/\/lucacastelli.com\/fr\/wp-json\/wp\/v2\/product\/461185","targetHints":{"allow":["GET"]}}],"collection":[{"href":"https:\/\/lucacastelli.com\/fr\/wp-json\/wp\/v2\/product"}],"about":[{"href":"https:\/\/lucacastelli.com\/fr\/wp-json\/wp\/v2\/types\/product"}],"wp:featuredmedia":[{"embeddable":true,"href":"https:\/\/lucacastelli.com\/fr\/wp-json\/wp\/v2\/media\/442204"}],"wp:attachment":[{"href":"https:\/\/lucacastelli.com\/fr\/wp-json\/wp\/v2\/media?parent=461185"}],"wp:term":[{"taxonomy":"product_brand","embeddable":true,"href":"https:\/\/lucacastelli.com\/fr\/wp-json\/wp\/v2\/product_brand?post=461185"},{"taxonomy":"product_cat","embeddable":true,"href":"https:\/\/lucacastelli.com\/fr\/wp-json\/wp\/v2\/product_cat?post=461185"},{"taxonomy":"product_tag","embeddable":true,"href":"https:\/\/lucacastelli.com\/fr\/wp-json\/wp\/v2\/product_tag?post=461185"}],"curies":[{"name":"wp","href":"https:\/\/api.w.org\/{rel}","templated":true}]}}