{"id":461184,"date":"2025-06-15T06:35:30","date_gmt":"2025-06-15T04:35:30","guid":{"rendered":"https:\/\/lucacastelli.com\/prodotto\/pistolet-a-silicone\/"},"modified":"2025-06-29T07:35:09","modified_gmt":"2025-06-29T05:35:09","slug":"pistolet-a-silicone","status":"publish","type":"product","link":"https:\/\/lucacastelli.com\/fr\/produit\/pistolet-a-silicone\/","title":{"rendered":"MILWAUKEE Pistolet en silicone"},"content":{"rendered":"<p>Jusqu&#8217;\u00e0 1780 N de puissance&lt;Br&gt;  L&#8217;\u00e9lectronique REDLINK\u2122 prot\u00e8ge l&#8217;outil et la batterie contre les surcharges.&lt;Br&gt;  Performance optimis\u00e9e avec la plupart des mastics et adh\u00e9sifs du march\u00e9&lt;Br&gt;  Fonction anti-goutte pour \u00e9viter les d\u00e9versements accidentels de mat\u00e9riaux&lt;Br&gt;  S\u00e9lecteur de vitesse \u00e0 6 vitesses pour un contr\u00f4le maximal&lt;Br&gt;  Le piston robuste assure une pouss\u00e9e constante et une \u00e9jection totale du mat\u00e9riau de la cartouche.&lt;Br&gt;  Surveillance des cellules individuelles de la batterie pour assurer une consommation homog\u00e8ne de la batterie et une plus grande autonomie et durabilit\u00e9 dans le temps&lt;Br&gt;  Indicateur d\u2019\u00e9tat de charge de la batterie&lt;Br&gt;  La batterie REDLITHIUM\u2122 offre une construction de batterie sup\u00e9rieure, une \u00e9lectronique et des performances constantes pour offrir plus d\u2019autonomie et plus de travail pendant la dur\u00e9e de vie de la batterie&lt;Br&gt;  Plateforme 12V : fonctionne avec toutes les batteries Milwaukee\u00ae M12\u2122<\/p>\n<p>BARCODE : 4002395001866<\/p>\n<p>Caract\u00e9ristiques techniques<br \/>\nSac de transport<\/p>\n<p>1 x pack batterie M12 B2, chargeur C12 C, sac, support 310 ml<\/p>\n","protected":false},"excerpt":{"rendered":"<p>Jusqu&#8217;\u00e0 1780 N de puissance&lt;Br&gt; L&#8217;\u00e9lectronique REDLINK\u2122 prot\u00e8ge l&#8217;outil et la batterie contre les surcharges.&lt;Br&gt; Performance optimis\u00e9e avec la plupart<\/p>\n","protected":false},"featured_media":458904,"template":"","meta":{"_seopress_robots_primary_cat":"","_seopress_titles_title":"","_seopress_titles_desc":"","_seopress_robots_index":""},"product_brand":[3407],"product_cat":[29,514],"product_tag":[3270],"class_list":{"0":"post-461184","1":"product","2":"type-product","3":"status-publish","4":"has-post-thumbnail","6":"product_brand-milwaukee","7":"product_cat-macchinari","8":"product_cat-altri-dispositivi","9":"product_tag-import-milwau","10":"sws-gruppo-macchinari-fr","11":"sws-conto-ricavi-merci-rivendita-macchinari-fr","12":"sws-gruppo-iva-iva81-fr","14":"first","15":"onbackorder","16":"sale","17":"purchasable","18":"product-type-simple"},"_links":{"self":[{"href":"https:\/\/lucacastelli.com\/fr\/wp-json\/wp\/v2\/product\/461184","targetHints":{"allow":["GET"]}}],"collection":[{"href":"https:\/\/lucacastelli.com\/fr\/wp-json\/wp\/v2\/product"}],"about":[{"href":"https:\/\/lucacastelli.com\/fr\/wp-json\/wp\/v2\/types\/product"}],"wp:featuredmedia":[{"embeddable":true,"href":"https:\/\/lucacastelli.com\/fr\/wp-json\/wp\/v2\/media\/458904"}],"wp:attachment":[{"href":"https:\/\/lucacastelli.com\/fr\/wp-json\/wp\/v2\/media?parent=461184"}],"wp:term":[{"taxonomy":"product_brand","embeddable":true,"href":"https:\/\/lucacastelli.com\/fr\/wp-json\/wp\/v2\/product_brand?post=461184"},{"taxonomy":"product_cat","embeddable":true,"href":"https:\/\/lucacastelli.com\/fr\/wp-json\/wp\/v2\/product_cat?post=461184"},{"taxonomy":"product_tag","embeddable":true,"href":"https:\/\/lucacastelli.com\/fr\/wp-json\/wp\/v2\/product_tag?post=461184"}],"curies":[{"name":"wp","href":"https:\/\/api.w.org\/{rel}","templated":true}]}}